{"id":353967,"date":"2024-05-18T22:19:38","date_gmt":"2024-05-19T01:19:38","guid":{"rendered":"https:\/\/ppgmt.uea.edu.br\/?page_id=353967"},"modified":"2024-05-18T22:19:42","modified_gmt":"2024-05-19T01:19:42","slug":"labdata-es","status":"publish","type":"page","link":"https:\/\/ppgmt.uea.edu.br\/index.php\/es\/labdata-es\/","title":{"rendered":"LaBData (ES)"},"content":{"rendered":"<p>[et_pb_section fb_built=&#8221;1&#8243; next_background_color=&#8221;#f4f4f4&#8243; _builder_version=&#8221;4.16&#8243; _module_preset=&#8221;default&#8221; custom_padding=&#8221;0px||0px|||&#8221; bottom_divider_style=&#8221;wave2&#8243; bottom_divider_height=&#8221;70px&#8221; bottom_divider_arrangement=&#8221;above_content&#8221; global_colors_info=&#8221;{}&#8221; collapsed=&#8221;on&#8221; locked=&#8221;off&#8221; theme_builder_area=&#8221;post_content&#8221;][et_pb_row custom_padding_last_edited=&#8221;on|phone&#8221; _builder_version=&#8221;4.24.2&#8243; _module_preset=&#8221;default&#8221; width=&#8221;100%&#8221; max_width=&#8221;100%&#8221; custom_padding=&#8221;0px||0px||false|false&#8221; custom_padding_tablet=&#8221;0px||0px||false|false&#8221; custom_padding_phone=&#8221;15px||15px||false|false&#8221; global_colors_info=&#8221;{}&#8221; theme_builder_area=&#8221;post_content&#8221;][et_pb_column type=&#8221;4_4&#8243; _builder_version=&#8221;4.16&#8243; _module_preset=&#8221;default&#8221; global_colors_info=&#8221;{}&#8221; theme_builder_area=&#8221;post_content&#8221;][et_pb_slider arrows_custom_color=&#8221;#000000&#8243; dot_nav_custom_color=&#8221;#000000&#8243; _builder_version=&#8221;4.25.1&#8243; _module_preset=&#8221;default&#8221; header_font=&#8221;Carrois Gothic SC|700||on|||||&#8221; header_text_color=&#8221;#136334&#8243; background_color=&#8221;#FFFFFF&#8221; custom_padding=&#8221;10%||10%||true|false&#8221; custom_padding_tablet=&#8221;10%||10%||true|false&#8221; custom_padding_phone=&#8221;15%||15%||true|false&#8221; custom_padding_last_edited=&#8221;on|phone&#8221; hover_enabled=&#8221;0&#8243; global_colors_info=&#8221;{}&#8221; theme_builder_area=&#8221;post_content&#8221; sticky_enabled=&#8221;0&#8243;][et_pb_slide heading=&#8221;Laboratorio de Ciencia de Datos &#8211; LaBData&#8221; _builder_version=&#8221;4.25.1&#8243; _module_preset=&#8221;default&#8221; header_line_height=&#8221;1.3em&#8221; background_enable_color=&#8221;off&#8221; background_image=&#8221;https:\/\/teste.somoscarv.com.br\/wp-content\/uploads\/2023\/01\/Ativo-4.png&#8221; background_enable_image=&#8221;on&#8221; hover_enabled=&#8221;0&#8243; global_colors_info=&#8221;{}&#8221; sticky_transition=&#8221;on&#8221; theme_builder_area=&#8221;post_content&#8221; sticky_enabled=&#8221;0&#8243;][\/et_pb_slide][\/et_pb_slider][\/et_pb_column][\/et_pb_row][\/et_pb_section][et_pb_section fb_built=&#8221;1&#8243; _builder_version=&#8221;4.16&#8243; _module_preset=&#8221;default&#8221; background_color=&#8221;#f4f4f4&#8243; custom_padding=&#8221;0px||0px||true|&#8221; locked=&#8221;off&#8221; global_colors_info=&#8221;{}&#8221; collapsed=&#8221;on&#8221; theme_builder_area=&#8221;post_content&#8221;][et_pb_row _builder_version=&#8221;4.16&#8243; _module_preset=&#8221;default&#8221; global_colors_info=&#8221;{}&#8221; theme_builder_area=&#8221;post_content&#8221;][et_pb_column type=&#8221;4_4&#8243; _builder_version=&#8221;4.16&#8243; _module_preset=&#8221;default&#8221; global_colors_info=&#8221;{}&#8221; theme_builder_area=&#8221;post_content&#8221;][et_pb_text _builder_version=&#8221;4.25.1&#8243; _module_preset=&#8221;default&#8221; hover_enabled=&#8221;0&#8243; global_colors_info=&#8221;{}&#8221; theme_builder_area=&#8221;post_content&#8221; sticky_enabled=&#8221;0&#8243;]<\/p>\n<p>LaBData es un grupo de investigaci\u00f3n multidisciplinar dedicado a recopilar, gestionar y analizar datos de alta calidad en la producci\u00f3n de evidencia. Nuestra misi\u00f3n es promover la confiabilidad, reproducibilidad y transparencia en la investigaci\u00f3n cient\u00edfica. Trabajamos en colaboraci\u00f3n con proyectos de investigaci\u00f3n de estudiantes de maestr\u00eda y doctorado, tanto del programa de posgrado en medicina tropical como de otros programas.<\/p>\n<p><strong>Principales l\u00edneas de investigaci\u00f3n:<\/strong><\/p>\n<ul>\n<li>Malaria<\/li>\n<li>Accidentes causados \u200b\u200bpor animales venenosos<\/li>\n<li>Arbovirus<\/li>\n<li>Hepatitis viral<\/li>\n<li>COVID-19<\/li>\n<li>Problemas de salud inusuales y enfermedades infecciosas emergentes y reemergentes<\/li>\n<\/ul>\n<p><strong>Objetivos del grupo:<\/strong><\/p>\n<ul>\n<li>Evaluar resultados primarios y secundarios de enfermedades y condiciones utilizando bases de datos de sistemas de salud p\u00fablicos.<\/li>\n<li>Promover la discusi\u00f3n y la pr\u00e1ctica de la disponibilidad y uso de datos abiertos en salud.<\/li>\n<li>Contribuir a la investigaci\u00f3n acad\u00e9mica de excelencia en el estado de Amazonas a trav\u00e9s de art\u00edculos cient\u00edficos publicados en revistas reconocidas y presentaci\u00f3n de trabajos en eventos nacionales e internacionales.<\/li>\n<\/ul>\n<p><strong>Actividades grupales:<\/strong><\/p>\n<ul>\n<li>Evaluar la calidad de las bases de datos de salud, identificar fallas e inconsistencias y brindar retroalimentaci\u00f3n a los administradores del sistema de salud.<\/li>\n<li>Colaboraci\u00f3n con grupos de investigaci\u00f3n cl\u00ednica, participando en la gesti\u00f3n y an\u00e1lisis de datos de estudios.<\/li>\n<li>Alianza con el grupo DotLab Brasil, ayudando en el procesamiento de datos de salud a trav\u00e9s de t\u00e9cnicas de inteligencia artificial.<\/li>\n<\/ul>\n<p><strong>Composici\u00f3n del grupo:<\/strong><\/p>\n<ul>\n<li>3 profesores gu\u00edas<\/li>\n<li>6 estudiantes de maestr\u00eda<\/li>\n<li>5 estudiantes de doctorado<\/li>\n<li>2 estudiantes de iniciaci\u00f3n cient\u00edfica<\/li>\n<li>1 pasante<\/li>\n<li>6 voluntarios<\/li>\n<\/ul>\n<p><strong>Recursos disponibles:<\/strong><\/p>\n<ul>\n<li>Espacio: Sala de 50m\u00b2 aproximadamente<\/li>\n<li>Sillas: 11 sillas.<\/li>\n<li>Televisi\u00f3n: Un televisor, que se utiliza en presentaciones, capacitaciones y cursos cortos.<\/li>\n<li>Impresora<\/li>\n<li>Monitores: 7 monitores que est\u00e1n disponibles en la sala ayudando con el an\u00e1lisis de datos y la programaci\u00f3n.<\/li>\n<li>Cuadernos: 9 cuadernos en uso por parte de los empleados, adem\u00e1s de 4 disponibles para voluntarios y pasantes.<\/li>\n<li>Enrutador: El enrutador garantiza la conectividad a Internet para todos los dispositivos del laboratorio.<\/li>\n<li>Servidor: con 250 TB disponibles para ayudar a gestionar grandes bases de datos.<\/li>\n<\/ul>\n<p>[\/et_pb_text][\/et_pb_column][\/et_pb_row][\/et_pb_section][et_pb_section fb_built=&#8221;1&#8243; _builder_version=&#8221;4.16&#8243; _module_preset=&#8221;default&#8221; background_color=&#8221;#f4f4f4&#8243; custom_padding=&#8221;0px||0px||true|&#8221; locked=&#8221;off&#8221; global_colors_info=&#8221;{}&#8221; collapsed=&#8221;on&#8221; theme_builder_area=&#8221;post_content&#8221;][et_pb_row _builder_version=&#8221;4.16&#8243; _module_preset=&#8221;default&#8221; custom_padding=&#8221;||0px|||&#8221; locked=&#8221;off&#8221; global_colors_info=&#8221;{}&#8221; theme_builder_area=&#8221;post_content&#8221;][et_pb_column type=&#8221;4_4&#8243; _builder_version=&#8221;4.16&#8243; _module_preset=&#8221;default&#8221; global_colors_info=&#8221;{}&#8221; theme_builder_area=&#8221;post_content&#8221;][et_pb_text _builder_version=&#8221;4.25.1&#8243; _module_preset=&#8221;default&#8221; text_font=&#8221;Poppins|300|||||||&#8221; text_font_size=&#8221;16px&#8221; hover_enabled=&#8221;0&#8243; global_colors_info=&#8221;{}&#8221; theme_builder_area=&#8221;post_content&#8221; sticky_enabled=&#8221;0&#8243;]<\/p>\n<blockquote>\n<h4>GALER\u00cdA &#8211; Laboratorio de Ciencia de Datos &#8211; LaBData<\/h4>\n<\/blockquote>\n<p>[\/et_pb_text][\/et_pb_column][\/et_pb_row][et_pb_row _builder_version=&#8221;4.24.2&#8243; _module_preset=&#8221;default&#8221; global_colors_info=&#8221;{}&#8221; theme_builder_area=&#8221;post_content&#8221;][et_pb_column type=&#8221;4_4&#8243; _builder_version=&#8221;4.24.2&#8243; _module_preset=&#8221;default&#8221; global_colors_info=&#8221;{}&#8221; theme_builder_area=&#8221;post_content&#8221;][et_pb_gallery gallery_ids=&#8221;353960,353961,353962,353963,353964,353965&#8243; posts_number=&#8221;100&#8243; orientation=&#8221;portrait&#8221; show_title_and_caption=&#8221;off&#8221; show_pagination=&#8221;off&#8221; _builder_version=&#8221;4.25.1&#8243; _module_preset=&#8221;default&#8221; global_colors_info=&#8221;{}&#8221; theme_builder_area=&#8221;post_content&#8221;][\/et_pb_gallery][\/et_pb_column][\/et_pb_row][\/et_pb_section]<\/p>\n","protected":false},"excerpt":{"rendered":"<p>LaBData es un grupo de investigaci\u00f3n multidisciplinar dedicado a recopilar, gestionar y analizar datos de alta calidad en la producci\u00f3n de evidencia. Nuestra misi\u00f3n es promover la confiabilidad, reproducibilidad y transparencia en la investigaci\u00f3n cient\u00edfica. Trabajamos en colaboraci\u00f3n con proyectos de investigaci\u00f3n de estudiantes de maestr\u00eda y doctorado, tanto del programa de posgrado en medicina [&hellip;]<\/p>\n","protected":false},"author":2,"featured_media":0,"parent":0,"menu_order":0,"comment_status":"closed","ping_status":"closed","template":"","meta":{"_et_pb_use_builder":"on","_et_pb_old_content":"","_et_gb_content_width":"","footnotes":""},"class_list":["post-353967","page","type-page","status-publish","hentry"],"_links":{"self":[{"href":"https:\/\/ppgmt.uea.edu.br\/index.php\/wp-json\/wp\/v2\/pages\/353967","targetHints":{"allow":["GET"]}}],"collection":[{"href":"https:\/\/ppgmt.uea.edu.br\/index.php\/wp-json\/wp\/v2\/pages"}],"about":[{"href":"https:\/\/ppgmt.uea.edu.br\/index.php\/wp-json\/wp\/v2\/types\/page"}],"author":[{"embeddable":true,"href":"https:\/\/ppgmt.uea.edu.br\/index.php\/wp-json\/wp\/v2\/users\/2"}],"replies":[{"embeddable":true,"href":"https:\/\/ppgmt.uea.edu.br\/index.php\/wp-json\/wp\/v2\/comments?post=353967"}],"version-history":[{"count":2,"href":"https:\/\/ppgmt.uea.edu.br\/index.php\/wp-json\/wp\/v2\/pages\/353967\/revisions"}],"predecessor-version":[{"id":353974,"href":"https:\/\/ppgmt.uea.edu.br\/index.php\/wp-json\/wp\/v2\/pages\/353967\/revisions\/353974"}],"wp:attachment":[{"href":"https:\/\/ppgmt.uea.edu.br\/index.php\/wp-json\/wp\/v2\/media?parent=353967"}],"curies":[{"name":"wp","href":"https:\/\/api.w.org\/{rel}","templated":true}]}}