{"id":353613,"date":"2024-05-13T09:16:15","date_gmt":"2024-05-13T12:16:15","guid":{"rendered":"https:\/\/ppgmt.uea.edu.br\/?page_id=353613"},"modified":"2026-01-19T15:11:58","modified_gmt":"2026-01-19T18:11:58","slug":"ppgmt-downloads-normas-de-formatacao","status":"publish","type":"page","link":"https:\/\/ppgmt.uea.edu.br\/index.php\/ppgmt-downloads-normas-de-formatacao\/","title":{"rendered":"PPGMT &#8211; DOWNLOADS \u2013 NORMAS DE FORMATA\u00c7\u00c3O"},"content":{"rendered":"<p>[et_pb_section fb_built=&#8221;1&#8243; next_background_color=&#8221;#f4f4f4&#8243; _builder_version=&#8221;4.16&#8243; _module_preset=&#8221;default&#8221; custom_padding=&#8221;0px||0px|||&#8221; bottom_divider_style=&#8221;wave2&#8243; bottom_divider_height=&#8221;70px&#8221; bottom_divider_arrangement=&#8221;above_content&#8221; locked=&#8221;off&#8221; global_colors_info=&#8221;{}&#8221;][et_pb_row _builder_version=&#8221;4.16&#8243; _module_preset=&#8221;default&#8221; width=&#8221;100%&#8221; max_width=&#8221;100%&#8221; custom_padding=&#8221;0px||0px||false|false&#8221; global_colors_info=&#8221;{}&#8221;][et_pb_column type=&#8221;4_4&#8243; _builder_version=&#8221;4.16&#8243; _module_preset=&#8221;default&#8221; global_colors_info=&#8221;{}&#8221;][et_pb_slider arrows_custom_color=&#8221;#000000&#8243; dot_nav_custom_color=&#8221;#000000&#8243; _builder_version=&#8221;4.25.1&#8243; _module_preset=&#8221;default&#8221; header_level=&#8221;h4&#8243; header_font=&#8221;Carrois Gothic SC|700||on|||||&#8221; header_text_color=&#8221;#136334&#8243; background_color=&#8221;#FFFFFF&#8221; custom_padding=&#8221;10%||10%||true|false&#8221; global_colors_info=&#8221;{}&#8221;][et_pb_slide heading=&#8221;DOWNLOADS&#8221; button_text=&#8221;Cliques&#8221; _builder_version=&#8221;4.25.1&#8243; _module_preset=&#8221;default&#8221; body_text_color=&#8221;#136334&#8243; body_font_size=&#8221;18px&#8221; global_colors_info=&#8221;{}&#8221; sticky_transition=&#8221;on&#8221;]<\/p>\n<p>DOCUMENTOS &#8211; NORMAS DE FORMATA\u00c7\u00c3O<\/p>\n<p>[\/et_pb_slide][\/et_pb_slider][\/et_pb_column][\/et_pb_row][\/et_pb_section][et_pb_section fb_built=&#8221;1&#8243; _builder_version=&#8221;4.16&#8243; _module_preset=&#8221;default&#8221; background_color=&#8221;#f4f4f4&#8243; custom_padding=&#8221;0px||0px||true|&#8221; global_colors_info=&#8221;{}&#8221;][et_pb_row column_structure=&#8221;1_2,1_2&#8243; _builder_version=&#8221;4.16&#8243; _module_preset=&#8221;default&#8221; global_colors_info=&#8221;{}&#8221;][et_pb_column type=&#8221;1_2&#8243; _builder_version=&#8221;4.16&#8243; _module_preset=&#8221;default&#8221; global_colors_info=&#8221;{}&#8221;][et_pb_text _builder_version=&#8221;4.16&#8243; _module_preset=&#8221;default&#8221; text_font=&#8221;Poppins|300|||||||&#8221; text_font_size=&#8221;16px&#8221; text_orientation=&#8221;justified&#8221; global_colors_info=&#8221;{}&#8221;]<\/p>\n<blockquote>\n<h4>NORMAS DE FORMATA\u00c7\u00c3O<\/h4>\n<\/blockquote>\n<p>[\/et_pb_text][et_pb_blurb title=&#8221;Modelo Disserta\u00e7\u00e3o &#8221; use_icon=&#8221;on&#8221; font_icon=&#8221;&#xf019;||fa||900&#8243; icon_placement=&#8221;left&#8221; image_icon_width=&#8221;29px&#8221; content_max_width=&#8221;1100px&#8221; _builder_version=&#8221;4.25.1&#8243; _module_preset=&#8221;default&#8221; link_option_url=&#8221;https:\/\/ppgmt.uea.edu.br\/wp-content\/uploads\/2023\/10\/Dissertacao-oficial.docx&#8221; global_colors_info=&#8221;{}&#8221;][\/et_pb_blurb][et_pb_blurb title=&#8221;Modelo projeto de disserta\u00e7\u00e3o&#8221; use_icon=&#8221;on&#8221; font_icon=&#8221;&#xf019;||fa||900&#8243; icon_placement=&#8221;left&#8221; image_icon_width=&#8221;29px&#8221; content_max_width=&#8221;1100px&#8221; _builder_version=&#8221;4.25.1&#8243; _module_preset=&#8221;default&#8221; link_option_url=&#8221;https:\/\/ppgmt.uea.edu.br\/wp-content\/uploads\/2024\/02\/Modelo-projeto-de-dissertacao-NOVO-2.doc&#8221; global_colors_info=&#8221;{}&#8221;][\/et_pb_blurb][et_pb_blurb title=&#8221;Modelo tese &#8221; use_icon=&#8221;on&#8221; font_icon=&#8221;&#xf019;||fa||900&#8243; icon_placement=&#8221;left&#8221; image_icon_width=&#8221;29px&#8221; content_max_width=&#8221;1100px&#8221; _builder_version=&#8221;4.25.1&#8243; _module_preset=&#8221;default&#8221; link_option_url=&#8221;https:\/\/ppgmt.uea.edu.br\/wp-content\/uploads\/2026\/01\/Exemplo-Documento-Tese-2024-PPGMT-1.docx&#8221; hover_enabled=&#8221;0&#8243; global_colors_info=&#8221;{}&#8221; sticky_enabled=&#8221;0&#8243;][\/et_pb_blurb][et_pb_blurb title=&#8221;Normas de formata\u00e7\u00e3o de projetos de disserta\u00e7\u00e3o&#8221; use_icon=&#8221;on&#8221; font_icon=&#8221;&#xf019;||fa||900&#8243; icon_placement=&#8221;left&#8221; image_icon_width=&#8221;29px&#8221; content_max_width=&#8221;1100px&#8221; _builder_version=&#8221;4.21.2&#8243; _module_preset=&#8221;default&#8221; link_option_url=&#8221;https:\/\/pos.uea.edu.br\/data\/area\/download\/download\/76-9.pdf&#8221; global_colors_info=&#8221;{}&#8221;][\/et_pb_blurb][et_pb_blurb title=&#8221;Normas de formata\u00e7\u00e3o de teses e disserta\u00e7\u00f5es&#8221; use_icon=&#8221;on&#8221; font_icon=&#8221;&#xf019;||fa||900&#8243; icon_placement=&#8221;left&#8221; image_icon_width=&#8221;29px&#8221; content_max_width=&#8221;1100px&#8221; _builder_version=&#8221;4.21.2&#8243; _module_preset=&#8221;default&#8221; link_option_url=&#8221;https:\/\/pos.uea.edu.br\/data\/area\/download\/download\/76-10.pdf&#8221; global_colors_info=&#8221;{}&#8221;][\/et_pb_blurb][\/et_pb_column][et_pb_column type=&#8221;1_2&#8243; _builder_version=&#8221;4.16&#8243; _module_preset=&#8221;default&#8221; global_colors_info=&#8221;{}&#8221;][\/et_pb_column][\/et_pb_row][\/et_pb_section]<\/p>\n","protected":false},"excerpt":{"rendered":"<p>DOCUMENTOS &#8211; NORMAS DE FORMATA\u00c7\u00c3O NORMAS DE FORMATA\u00c7\u00c3O<\/p>\n","protected":false},"author":2,"featured_media":0,"parent":0,"menu_order":0,"comment_status":"closed","ping_status":"closed","template":"","meta":{"_et_pb_use_builder":"on","_et_pb_old_content":"","_et_gb_content_width":"","footnotes":""},"class_list":["post-353613","page","type-page","status-publish","hentry"],"_links":{"self":[{"href":"https:\/\/ppgmt.uea.edu.br\/index.php\/wp-json\/wp\/v2\/pages\/353613","targetHints":{"allow":["GET"]}}],"collection":[{"href":"https:\/\/ppgmt.uea.edu.br\/index.php\/wp-json\/wp\/v2\/pages"}],"about":[{"href":"https:\/\/ppgmt.uea.edu.br\/index.php\/wp-json\/wp\/v2\/types\/page"}],"author":[{"embeddable":true,"href":"https:\/\/ppgmt.uea.edu.br\/index.php\/wp-json\/wp\/v2\/users\/2"}],"replies":[{"embeddable":true,"href":"https:\/\/ppgmt.uea.edu.br\/index.php\/wp-json\/wp\/v2\/comments?post=353613"}],"version-history":[{"count":5,"href":"https:\/\/ppgmt.uea.edu.br\/index.php\/wp-json\/wp\/v2\/pages\/353613\/revisions"}],"predecessor-version":[{"id":356034,"href":"https:\/\/ppgmt.uea.edu.br\/index.php\/wp-json\/wp\/v2\/pages\/353613\/revisions\/356034"}],"wp:attachment":[{"href":"https:\/\/ppgmt.uea.edu.br\/index.php\/wp-json\/wp\/v2\/media?parent=353613"}],"curies":[{"name":"wp","href":"https:\/\/api.w.org\/{rel}","templated":true}]}}