{"id":353611,"date":"2024-05-13T09:02:23","date_gmt":"2024-05-13T12:02:23","guid":{"rendered":"https:\/\/ppgmt.uea.edu.br\/?page_id=353611"},"modified":"2026-03-19T10:14:47","modified_gmt":"2026-03-19T13:14:47","slug":"ppgmt-downloads-solicitacao-de-aproveitamento-de-disciplina","status":"publish","type":"page","link":"https:\/\/ppgmt.uea.edu.br\/index.php\/ppgmt-downloads-solicitacao-de-aproveitamento-de-disciplina\/","title":{"rendered":"PPGMT &#8211; DOWNLOADS \u2013 SOLICITA\u00c7\u00c3O DE APROVEITAMENTO DE DISCIPLINA"},"content":{"rendered":"<p>[et_pb_section fb_built=&#8221;1&#8243; next_background_color=&#8221;#f4f4f4&#8243; _builder_version=&#8221;4.16&#8243; _module_preset=&#8221;default&#8221; custom_padding=&#8221;0px||0px|||&#8221; bottom_divider_style=&#8221;wave2&#8243; bottom_divider_height=&#8221;70px&#8221; bottom_divider_arrangement=&#8221;above_content&#8221; locked=&#8221;off&#8221; global_colors_info=&#8221;{}&#8221;][et_pb_row _builder_version=&#8221;4.16&#8243; _module_preset=&#8221;default&#8221; width=&#8221;100%&#8221; max_width=&#8221;100%&#8221; custom_padding=&#8221;0px||0px||false|false&#8221; global_colors_info=&#8221;{}&#8221;][et_pb_column type=&#8221;4_4&#8243; _builder_version=&#8221;4.16&#8243; _module_preset=&#8221;default&#8221; global_colors_info=&#8221;{}&#8221;][et_pb_slider arrows_custom_color=&#8221;#000000&#8243; dot_nav_custom_color=&#8221;#000000&#8243; _builder_version=&#8221;4.25.1&#8243; _module_preset=&#8221;default&#8221; header_level=&#8221;h4&#8243; header_font=&#8221;Carrois Gothic SC|700||on|||||&#8221; header_text_color=&#8221;#136334&#8243; background_color=&#8221;#FFFFFF&#8221; custom_padding=&#8221;10%||10%||true|false&#8221; global_colors_info=&#8221;{}&#8221;][et_pb_slide heading=&#8221;DOWNLOADS&#8221; button_text=&#8221;Cliques&#8221; _builder_version=&#8221;4.25.1&#8243; _module_preset=&#8221;default&#8221; body_text_color=&#8221;#136334&#8243; body_font_size=&#8221;18px&#8221; global_colors_info=&#8221;{}&#8221; sticky_transition=&#8221;on&#8221;]DOCUMENTOS &#8211; SOLICITA\u00c7\u00c3O DE APROVEITAMENTO DE DISCIPLINA<br \/>\n[\/et_pb_slide][\/et_pb_slider][\/et_pb_column][\/et_pb_row][\/et_pb_section][et_pb_section fb_built=&#8221;1&#8243; _builder_version=&#8221;4.16&#8243; _module_preset=&#8221;default&#8221; background_color=&#8221;#f4f4f4&#8243; custom_padding=&#8221;0px||0px||true|&#8221; global_colors_info=&#8221;{}&#8221;][et_pb_row column_structure=&#8221;1_2,1_2&#8243; _builder_version=&#8221;4.16&#8243; _module_preset=&#8221;default&#8221; global_colors_info=&#8221;{}&#8221;][et_pb_column type=&#8221;1_2&#8243; _builder_version=&#8221;4.16&#8243; _module_preset=&#8221;default&#8221; global_colors_info=&#8221;{}&#8221;][et_pb_text _builder_version=&#8221;4.21.2&#8243; _module_preset=&#8221;default&#8221; text_font=&#8221;Poppins|300|||||||&#8221; text_font_size=&#8221;16px&#8221; text_orientation=&#8221;justified&#8221; global_colors_info=&#8221;{}&#8221;]<\/p>\n<blockquote>\n<h4>SOLICITA\u00c7\u00c3O DE APROVEITAMENTO DE DISCIPLINA<\/h4>\n<\/blockquote>\n<p>[\/et_pb_text][et_pb_blurb title=&#8221;Formul\u00e1rio de Convalida\u00e7\u00e3o de Disciplinas&#8221; use_icon=&#8221;on&#8221; font_icon=&#8221;&#xf019;||fa||900&#8243; icon_placement=&#8221;left&#8221; image_icon_width=&#8221;29px&#8221; content_max_width=&#8221;1100px&#8221; _builder_version=&#8221;4.25.1&#8243; _module_preset=&#8221;default&#8221; link_option_url=&#8221;https:\/\/ppgmt.uea.edu.br\/wp-content\/uploads\/2026\/03\/FORMULARIO-DE-CONVALIDACAO-DE-DISCIPLINAS-1.docx&#8221; global_colors_info=&#8221;{}&#8221; title__hover_enabled=&#8221;off|desktop&#8221;][\/et_pb_blurb][et_pb_blurb title=&#8221;Requerimento&#8221; use_icon=&#8221;on&#8221; font_icon=&#8221;&#xf019;||fa||900&#8243; icon_placement=&#8221;left&#8221; image_icon_width=&#8221;29px&#8221; content_max_width=&#8221;1100px&#8221; _builder_version=&#8221;4.21.2&#8243; _module_preset=&#8221;default&#8221; link_option_url=&#8221;https:\/\/pos.uea.edu.br\/data\/area\/download\/download\/100-3.docx&#8221; hover_enabled=&#8221;0&#8243; global_colors_info=&#8221;{}&#8221; sticky_enabled=&#8221;0&#8243;][\/et_pb_blurb][\/et_pb_column][et_pb_column type=&#8221;1_2&#8243; _builder_version=&#8221;4.16&#8243; _module_preset=&#8221;default&#8221; global_colors_info=&#8221;{}&#8221;][\/et_pb_column][\/et_pb_row][\/et_pb_section]<\/p>\n","protected":false},"excerpt":{"rendered":"<p>DOCUMENTOS &#8211; SOLICITA\u00c7\u00c3O DE APROVEITAMENTO DE DISCIPLINA SOLICITA\u00c7\u00c3O DE APROVEITAMENTO DE DISCIPLINA<\/p>\n","protected":false},"author":2,"featured_media":0,"parent":0,"menu_order":0,"comment_status":"closed","ping_status":"closed","template":"","meta":{"_et_pb_use_builder":"on","_et_pb_old_content":"","_et_gb_content_width":"","footnotes":""},"class_list":["post-353611","page","type-page","status-publish","hentry"],"_links":{"self":[{"href":"https:\/\/ppgmt.uea.edu.br\/index.php\/wp-json\/wp\/v2\/pages\/353611","targetHints":{"allow":["GET"]}}],"collection":[{"href":"https:\/\/ppgmt.uea.edu.br\/index.php\/wp-json\/wp\/v2\/pages"}],"about":[{"href":"https:\/\/ppgmt.uea.edu.br\/index.php\/wp-json\/wp\/v2\/types\/page"}],"author":[{"embeddable":true,"href":"https:\/\/ppgmt.uea.edu.br\/index.php\/wp-json\/wp\/v2\/users\/2"}],"replies":[{"embeddable":true,"href":"https:\/\/ppgmt.uea.edu.br\/index.php\/wp-json\/wp\/v2\/comments?post=353611"}],"version-history":[{"count":7,"href":"https:\/\/ppgmt.uea.edu.br\/index.php\/wp-json\/wp\/v2\/pages\/353611\/revisions"}],"predecessor-version":[{"id":356177,"href":"https:\/\/ppgmt.uea.edu.br\/index.php\/wp-json\/wp\/v2\/pages\/353611\/revisions\/356177"}],"wp:attachment":[{"href":"https:\/\/ppgmt.uea.edu.br\/index.php\/wp-json\/wp\/v2\/media?parent=353611"}],"curies":[{"name":"wp","href":"https:\/\/api.w.org\/{rel}","templated":true}]}}