{"id":353252,"date":"2024-03-24T22:11:09","date_gmt":"2024-03-25T01:11:09","guid":{"rendered":"https:\/\/ppgmt.uea.edu.br\/?page_id=353252"},"modified":"2024-05-14T17:14:59","modified_gmt":"2024-05-14T20:14:59","slug":"proceso-de-seleccion-de-maestros","status":"publish","type":"page","link":"https:\/\/ppgmt.uea.edu.br\/index.php\/es\/proceso-de-seleccion-de-maestros\/","title":{"rendered":"PROCESO DE SELECCI\u00d3N DE MAESTROS (ES)"},"content":{"rendered":"<p>[et_pb_section fb_built=&#8221;1&#8243; next_background_color=&#8221;#f4f4f4&#8243; _builder_version=&#8221;4.16&#8243; _module_preset=&#8221;default&#8221; custom_padding=&#8221;0px||0px|||&#8221; bottom_divider_style=&#8221;wave2&#8243; bottom_divider_height=&#8221;70px&#8221; bottom_divider_arrangement=&#8221;above_content&#8221; locked=&#8221;off&#8221; collapsed=&#8221;on&#8221; global_colors_info=&#8221;{}&#8221;][et_pb_row _builder_version=&#8221;4.16&#8243; _module_preset=&#8221;default&#8221; width=&#8221;100%&#8221; max_width=&#8221;100%&#8221; custom_padding=&#8221;0px||0px||false|false&#8221; global_colors_info=&#8221;{}&#8221;][et_pb_column type=&#8221;4_4&#8243; _builder_version=&#8221;4.16&#8243; _module_preset=&#8221;default&#8221; global_colors_info=&#8221;{}&#8221;][et_pb_slider arrows_custom_color=&#8221;#000000&#8243; dot_nav_custom_color=&#8221;#000000&#8243; _builder_version=&#8221;4.22.1&#8243; _module_preset=&#8221;default&#8221; header_font=&#8221;Carrois Gothic SC|700||on|||||&#8221; header_text_color=&#8221;#136334&#8243; background_color=&#8221;#FFFFFF&#8221; custom_padding=&#8221;10%||10%||true|false&#8221; global_colors_info=&#8221;{}&#8221;][et_pb_slide heading=&#8221;Processo Seletivo Mestrado&#8221; _builder_version=&#8221;4.22.1&#8243; _module_preset=&#8221;default&#8221; background_enable_color=&#8221;off&#8221; background_image=&#8221;https:\/\/teste.somoscarv.com.br\/wp-content\/uploads\/2023\/01\/Ativo-4.png&#8221; background_enable_image=&#8221;on&#8221; global_colors_info=&#8221;{}&#8221; sticky_transition=&#8221;on&#8221;][\/et_pb_slide][\/et_pb_slider][\/et_pb_column][\/et_pb_row][\/et_pb_section][et_pb_section fb_built=&#8221;1&#8243; _builder_version=&#8221;4.24.2&#8243; _module_preset=&#8221;default&#8221; background_color=&#8221;#f4f4f4&#8243; custom_padding=&#8221;0px||0px||true|&#8221; collapsed=&#8221;on&#8221; global_colors_info=&#8221;{}&#8221;][et_pb_row _builder_version=&#8221;4.24.2&#8243; _module_preset=&#8221;default&#8221; global_colors_info=&#8221;{}&#8221;][et_pb_column type=&#8221;4_4&#8243; _builder_version=&#8221;4.24.2&#8243; _module_preset=&#8221;default&#8221; global_colors_info=&#8221;{}&#8221;][et_pb_text admin_label=&#8221;Texto&#8221; _builder_version=&#8221;4.24.2&#8243; _module_preset=&#8221;default&#8221; locked=&#8221;off&#8221; global_colors_info=&#8221;{}&#8221;]<\/p>\n<div id=\"main-content\">\n<article id=\"post-351346\" class=\"post-351346 page type-page status-publish hentry\">\n<div class=\"entry-content\">\n<div class=\"et-l et-l--post\">\n<div class=\"et_builder_inner_content et_pb_gutters3\">\n<div class=\"et_pb_section et_pb_section_1 et_pb_with_background et_section_regular\">\n<div class=\"et_pb_row et_pb_row_1\">\n<div class=\"et_pb_column et_pb_column_4_4 et_pb_column_1  et_pb_css_mix_blend_mode_passthrough et-last-child\">\n<div class=\"et_pb_module et_pb_text et_pb_text_0  et_pb_text_align_left et_pb_bg_layout_light\">\n<div class=\"et_pb_text_inner\">\n<blockquote>\n<h4><span>SELECCI\u00d3N DE ENTRADA PARA LA MAESTR\u00cdA EN ENFERMEDADES TROPICALES E INFECCIOSAS<\/span><\/h4>\n<\/blockquote>\n<\/div>\n<\/div>\n<div class=\"et_pb_module et_pb_blurb et_pb_blurb_0  et_pb_text_align_left  et_pb_blurb_position_left et_pb_bg_layout_light\">\n<div class=\"et_pb_blurb_content\">\n<div class=\"et_pb_main_blurb_image\"><a href=\"https:\/\/ppgmt.uea.edu.br\/wp-content\/uploads\/2023\/09\/53-39.doc\"><span class=\"et_pb_image_wrap\"><span class=\"et-waypoint et_pb_animation_top et_pb_animation_top_tablet et_pb_animation_top_phone et-pb-icon et-animated\"><span>i<\/span><\/span><\/span><\/a><\/div>\n<div class=\"et_pb_blurb_container\">\n<h4 class=\"et_pb_module_header\"><a href=\"https:\/\/ppgmt.uea.edu.br\/wp-content\/uploads\/2023\/09\/53-39.doc\"><span>Listado de candidatos aprobados en segunda convocatoria en la 3\u00aa y \u00faltima fase del Proceso de Selecci\u00f3n \u2013 Maestr\u00eda en Enfermedades Tropicales e Infecciosas \u2013 Promoci\u00f3n 2024, en orden de clasificaci\u00f3n<\/span><\/a><\/h4>\n<div class=\"et_pb_blurb_description\">\n<p><a href=\"https:\/\/ppgmt.uea.edu.br\/wp-content\/uploads\/2024\/02\/Relacao-dos-candidatos-aprovados-em-2-chamada.pdf\" rel=\"attachment wp-att-351573\"><span>Adjunto<\/span><\/a><\/p>\n<\/div>\n<\/div>\n<\/div>\n<\/div>\n<div class=\"et_pb_module et_pb_blurb et_pb_blurb_1  et_pb_text_align_left  et_pb_blurb_position_left et_pb_bg_layout_light\">\n<div class=\"et_pb_blurb_content\">\n<div class=\"et_pb_main_blurb_image\"><a href=\"https:\/\/ppgmt.uea.edu.br\/wp-content\/uploads\/2023\/09\/53-39.doc\"><span class=\"et_pb_image_wrap\"><span class=\"et-waypoint et_pb_animation_top et_pb_animation_top_tablet et_pb_animation_top_phone et-pb-icon et-animated\"><span>i<\/span><\/span><\/span><\/a><\/div>\n<div class=\"et_pb_blurb_container\">\n<h4 class=\"et_pb_module_header\"><a href=\"https:\/\/ppgmt.uea.edu.br\/wp-content\/uploads\/2023\/09\/53-39.doc\"><span>Resultado final de candidatos aprobados en la 3ra y \u00faltima fase del Proceso de Selecci\u00f3n para la Maestr\u00eda en Enfermedades Tropicales e Infecciosas &#8211; Promoci\u00f3n 2024 en orden de clasificaci\u00f3n<\/span><\/a><\/h4>\n<div class=\"et_pb_blurb_description\">\n<p><a href=\"https:\/\/ppgmt.uea.edu.br\/wp-content\/uploads\/2023\/12\/doc01679420231201144315.pdf\" rel=\"attachment wp-att-351573\"><span>Adjunto<\/span><\/a><\/p>\n<\/div>\n<\/div>\n<\/div>\n<\/div>\n<div class=\"et_pb_module et_pb_blurb et_pb_blurb_2  et_pb_text_align_left  et_pb_blurb_position_left et_pb_bg_layout_light\">\n<div class=\"et_pb_blurb_content\">\n<div class=\"et_pb_main_blurb_image\"><a href=\"https:\/\/ppgmt.uea.edu.br\/wp-content\/uploads\/2023\/09\/53-39.doc\"><span class=\"et_pb_image_wrap\"><span class=\"et-waypoint et_pb_animation_top et_pb_animation_top_tablet et_pb_animation_top_phone et-pb-icon et-animated\"><span>i<\/span><\/span><\/span><\/a><\/div>\n<div class=\"et_pb_blurb_container\">\n<h4 class=\"et_pb_module_header\"><a href=\"https:\/\/ppgmt.uea.edu.br\/wp-content\/uploads\/2023\/09\/53-39.doc\"><span>Resultado preliminar de candidatos Aprobados en orden alfab\u00e9tico en la Segunda Fase \u2013 Proceso de Selecci\u00f3n de Entrevista para la Maestr\u00eda en Enfermedades Tropicales e Infecciosas, a\u00f1o acad\u00e9mico 2024<\/span><\/a><\/h4>\n<div class=\"et_pb_blurb_description\">\n<p><a href=\"https:\/\/ppgmt.uea.edu.br\/wp-content\/uploads\/2023\/11\/doc01662820231117192054.pdf\" rel=\"attachment wp-att-351573\"><span>Adjunto<\/span><\/a><\/p>\n<\/div>\n<\/div>\n<\/div>\n<\/div>\n<div class=\"et_pb_module et_pb_blurb et_pb_blurb_3  et_pb_text_align_left  et_pb_blurb_position_left et_pb_bg_layout_light\">\n<div class=\"et_pb_blurb_content\">\n<div class=\"et_pb_main_blurb_image\"><a href=\"https:\/\/ppgmt.uea.edu.br\/wp-content\/uploads\/2023\/09\/Portaria-no-872_2023-GR_UEA.pdf\"><span class=\"et_pb_image_wrap\"><span class=\"et-waypoint et_pb_animation_top et_pb_animation_top_tablet et_pb_animation_top_phone et-pb-icon et-animated\"><span>i<\/span><\/span><\/span><\/a><\/div>\n<div class=\"et_pb_blurb_container\">\n<h4 class=\"et_pb_module_header\"><a href=\"https:\/\/ppgmt.uea.edu.br\/wp-content\/uploads\/2023\/09\/Portaria-no-872_2023-GR_UEA.pdf\"><span>Ordenanza n\u00ba 872\/2023 &#8211; GR\/UEA &#8211; Comit\u00e9 de Selecci\u00f3n de admisi\u00f3n al Curso de Maestr\u00eda, a\u00f1o acad\u00e9mico 2024<\/span><\/a><\/h4>\n<\/div>\n<\/div>\n<\/div>\n<div class=\"et_pb_module et_pb_blurb et_pb_blurb_4  et_pb_text_align_left  et_pb_blurb_position_left et_pb_bg_layout_light\">\n<div class=\"et_pb_blurb_content\">\n<div class=\"et_pb_main_blurb_image\"><a href=\"https:\/\/ppgmt.uea.edu.br\/wp-content\/uploads\/2023\/09\/53-39.doc\"><span class=\"et_pb_image_wrap\"><span class=\"et-waypoint et_pb_animation_top et_pb_animation_top_tablet et_pb_animation_top_phone et-pb-icon et-animated\"><span>i<\/span><\/span><\/span><\/a><\/div>\n<div class=\"et_pb_blurb_container\">\n<h4 class=\"et_pb_module_header\"><a href=\"https:\/\/ppgmt.uea.edu.br\/wp-content\/uploads\/2023\/09\/53-39.doc\"><span>Autodeclaraci\u00f3n de participante negro (negro o moreno) o ind\u00edgena<\/span><\/a><\/h4>\n<div class=\"et_pb_blurb_description\">\n<p><a href=\"https:\/\/ppgmt.uea.edu.br\/wp-content\/uploads\/2023\/09\/53-39.doc\" rel=\"attachment wp-att-351573\"><span>Adjunto<\/span><\/a><\/p>\n<\/div>\n<\/div>\n<\/div>\n<\/div>\n<div class=\"et_pb_module et_pb_blurb et_pb_blurb_5  et_pb_text_align_left  et_pb_blurb_position_left et_pb_bg_layout_light\">\n<div class=\"et_pb_blurb_content\">\n<div class=\"et_pb_main_blurb_image\"><a href=\"https:\/\/ppgmt.uea.edu.br\/wp-content\/uploads\/2023\/09\/53-40.doc\"><span class=\"et_pb_image_wrap\"><span class=\"et-waypoint et_pb_animation_top et_pb_animation_top_tablet et_pb_animation_top_phone et-pb-icon et-animated\"><span>i<\/span><\/span><\/span><\/a><\/div>\n<div class=\"et_pb_blurb_container\">\n<h4 class=\"et_pb_module_header\"><a href=\"https:\/\/ppgmt.uea.edu.br\/wp-content\/uploads\/2023\/09\/53-40.doc\"><span>Declaraci\u00f3n de Personas con Discapacidad (PcD)<\/span><\/a><\/h4>\n<div class=\"et_pb_blurb_description\">\n<p><a href=\"https:\/\/ppgmt.uea.edu.br\/wp-content\/uploads\/2023\/09\/53-40.doc\" rel=\"attachment wp-att-351577\"><span>Adjunto<\/span><\/a><\/p>\n<\/div>\n<\/div>\n<\/div>\n<\/div>\n<div class=\"et_pb_module et_pb_blurb et_pb_blurb_6  et_pb_text_align_left  et_pb_blurb_position_left et_pb_bg_layout_light\">\n<div class=\"et_pb_blurb_content\">\n<div class=\"et_pb_main_blurb_image\"><a href=\"https:\/\/ppgmt.uea.edu.br\/wp-content\/uploads\/2023\/09\/CARTA-DE-ACEITE-DE-ORIENTACAO-2024.docx\"><span class=\"et_pb_image_wrap\"><span class=\"et-waypoint et_pb_animation_top et_pb_animation_top_tablet et_pb_animation_top_phone et-pb-icon et-animated\"><span>i<\/span><\/span><\/span><\/a><\/div>\n<div class=\"et_pb_blurb_container\">\n<h4 class=\"et_pb_module_header\"><a href=\"https:\/\/ppgmt.uea.edu.br\/wp-content\/uploads\/2023\/09\/CARTA-DE-ACEITE-DE-ORIENTACAO-2024.docx\"><span>carta de aceptaci\u00f3n de orientaci\u00f3n<\/span><\/a><\/h4>\n<div class=\"et_pb_blurb_description\">\n<p><a href=\"https:\/\/ppgmt.uea.edu.br\/wp-content\/uploads\/2023\/09\/CARTA-DE-ACEITE-DE-ORIENTACAO-2024.docx\" rel=\"attachment wp-att-351594\"><span>Adjunto<\/span><\/a><\/p>\n<\/div>\n<\/div>\n<\/div>\n<\/div>\n<div class=\"et_pb_module et_pb_blurb et_pb_blurb_7  et_pb_text_align_left  et_pb_blurb_position_left et_pb_bg_layout_light\">\n<div class=\"et_pb_blurb_content\">\n<div class=\"et_pb_main_blurb_image\"><a href=\"https:\/\/ppgmt.uea.edu.br\/wp-content\/uploads\/2023\/09\/53-39.doc\"><span class=\"et_pb_image_wrap\"><span class=\"et-waypoint et_pb_animation_top et_pb_animation_top_tablet et_pb_animation_top_phone et-pb-icon et-animated\"><span>i<\/span><\/span><\/span><\/a><\/div>\n<div class=\"et_pb_blurb_container\">\n<h4 class=\"et_pb_module_header\"><a href=\"https:\/\/ppgmt.uea.edu.br\/wp-content\/uploads\/2023\/09\/53-39.doc\"><span>Formulario de solicitud 2024<\/span><\/a><\/h4>\n<div class=\"et_pb_blurb_description\">\n<p><a href=\"https:\/\/ppgmt.uea.edu.br\/wp-content\/uploads\/2023\/10\/Formulario-de-Inscricao.doc\" rel=\"attachment wp-att-351673\"><span>Formulario de inscripci\u00f3n<\/span><\/a><\/p>\n<\/div>\n<\/div>\n<\/div>\n<\/div>\n<div class=\"et_pb_module et_pb_blurb et_pb_blurb_8  et_pb_text_align_left  et_pb_blurb_position_left et_pb_bg_layout_light\">\n<div class=\"et_pb_blurb_content\">\n<div class=\"et_pb_main_blurb_image\"><span class=\"et_pb_image_wrap\"><span class=\"et-waypoint et_pb_animation_top et_pb_animation_top_tablet et_pb_animation_top_phone et-pb-icon et-animated\"><span>i<\/span><\/span><\/span><\/div>\n<div class=\"et_pb_blurb_container\">\n<h4 class=\"et_pb_module_header\"><span>Resultados preliminares de candidatos aprobados en la 3ra y \u00faltima fase del Proceso de Selecci\u00f3n &#8211; Maestr\u00eda en Enfermedades Tropicales e Infecciosas &#8211; Promoci\u00f3n 2024 en orden de clasificaci\u00f3n<\/span><\/h4>\n<div class=\"et_pb_blurb_description\">\n<p><a href=\"https:\/\/ppgmt.uea.edu.br\/wp-content\/uploads\/2023\/11\/Resultado-3-fase.pdf\" rel=\"attachment wp-att-352069\"><span>Adjunto<\/span><\/a><\/p>\n<\/div>\n<\/div>\n<\/div>\n<\/div>\n<div class=\"et_pb_module et_pb_blurb et_pb_blurb_9  et_pb_text_align_left  et_pb_blurb_position_left et_pb_bg_layout_light\">\n<div class=\"et_pb_blurb_content\">\n<div class=\"et_pb_main_blurb_image\"><span class=\"et_pb_image_wrap\"><span class=\"et-waypoint et_pb_animation_top et_pb_animation_top_tablet et_pb_animation_top_phone et-pb-icon et-animated\"><span>i<\/span><\/span><\/span><\/div>\n<div class=\"et_pb_blurb_container\">\n<h4 class=\"et_pb_module_header\"><span>Resultado final de candidatos aprobados por orden alfab\u00e9tico en la Segunda fase \u2013 Entrevista. Proceso de Selecci\u00f3n para la Maestr\u00eda en Enfermedades Tropicales e Infecciosas, a\u00f1o acad\u00e9mico 2024<\/span><\/h4>\n<div class=\"et_pb_blurb_description\">\n<p><a href=\"https:\/\/ppgmt.uea.edu.br\/wp-content\/uploads\/2023\/11\/Resultado-final.pdf\" rel=\"attachment wp-att-351971\"><span>Adjunto<\/span><\/a><\/p>\n<\/div>\n<\/div>\n<\/div>\n<\/div>\n<div class=\"et_pb_module et_pb_blurb et_pb_blurb_10  et_pb_text_align_left  et_pb_blurb_position_left et_pb_bg_layout_light\">\n<div class=\"et_pb_blurb_content\">\n<div class=\"et_pb_main_blurb_image\"><span class=\"et_pb_image_wrap\"><span class=\"et-waypoint et_pb_animation_top et_pb_animation_top_tablet et_pb_animation_top_phone et-pb-icon et-animated\"><span>i<\/span><\/span><\/span><\/div>\n<div class=\"et_pb_blurb_container\">\n<h4 class=\"et_pb_module_header\"><span>Resultado del recurso de segunda fase<\/span><\/h4>\n<div class=\"et_pb_blurb_description\">\n<p><a href=\"https:\/\/ppgmt.uea.edu.br\/wp-content\/uploads\/2023\/11\/Recurso-_-Jean-Michel.pdf\" rel=\"attachment wp-att-351971\"><span>Adjunto<\/span><\/a><\/p>\n<\/div>\n<\/div>\n<\/div>\n<\/div>\n<div class=\"et_pb_module et_pb_blurb et_pb_blurb_11  et_pb_text_align_left  et_pb_blurb_position_left et_pb_bg_layout_light\">\n<div class=\"et_pb_blurb_content\">\n<div class=\"et_pb_main_blurb_image\"><span class=\"et_pb_image_wrap\"><span class=\"et-waypoint et_pb_animation_top et_pb_animation_top_tablet et_pb_animation_top_phone et-pb-icon et-animated\"><span>i<\/span><\/span><\/span><\/div>\n<div class=\"et_pb_blurb_container\">\n<h4 class=\"et_pb_module_header\"><span>Lista de candidatos en orden alfab\u00e9tico \u2013 Segunda fase\/entrevista \u2013 Proceso de Selecci\u00f3n\/2024 de la Maestr\u00eda en Enfermedades Tropicales e Infecciosas<\/span><\/h4>\n<div class=\"et_pb_blurb_description\">\n<p><a href=\"https:\/\/ppgmt.uea.edu.br\/wp-content\/uploads\/2023\/11\/hora-1.pdf\" rel=\"attachment wp-att-351971\"><span>Adjunto<\/span><\/a><\/p>\n<\/div>\n<\/div>\n<\/div>\n<\/div>\n<div class=\"et_pb_module et_pb_blurb et_pb_blurb_12  et_pb_text_align_left  et_pb_blurb_position_left et_pb_bg_layout_light\">\n<div class=\"et_pb_blurb_content\">\n<div class=\"et_pb_main_blurb_image\"><span class=\"et_pb_image_wrap\"><span class=\"et-waypoint et_pb_animation_top et_pb_animation_top_tablet et_pb_animation_top_phone et-pb-icon et-animated\"><span>i<\/span><\/span><\/span><\/div>\n<div class=\"et_pb_blurb_container\">\n<h4 class=\"et_pb_module_header\"><span>Lista de candidatos en orden alfab\u00e9tico del resultado final de la Primera fase \u2013 Prueba de ingl\u00e9s y conocimientos en el \u00e1rea de Enfermedades Tropicales e Infecciosas y Metodolog\u00eda Cient\u00edfica del Proceso de Selecci\u00f3n de la Maestr\u00eda en Enfermedades Tropicales e Infecciosas, a\u00f1o acad\u00e9mico 2024<\/span><\/h4>\n<div class=\"et_pb_blurb_description\">\n<p><a href=\"https:\/\/ppgmt.uea.edu.br\/wp-content\/uploads\/2023\/11\/resu-final.pdf\" rel=\"attachment wp-att-351912\"><span>Adjunto<\/span><\/a><\/p>\n<\/div>\n<\/div>\n<\/div>\n<\/div>\n<div class=\"et_pb_module et_pb_blurb et_pb_blurb_13  et_pb_text_align_left  et_pb_blurb_position_left et_pb_bg_layout_light\">\n<div class=\"et_pb_blurb_content\">\n<div class=\"et_pb_main_blurb_image\"><span class=\"et_pb_image_wrap\"><span class=\"et-waypoint et_pb_animation_top et_pb_animation_top_tablet et_pb_animation_top_phone et-pb-icon et-animated\"><span>i<\/span><\/span><\/span><\/div>\n<div class=\"et_pb_blurb_container\">\n<h4 class=\"et_pb_module_header\"><span>Resultado de la convocatoria Primera fase (Prueba de ingl\u00e9s y conocimientos en el \u00e1rea de Enfermedades Tropicales e Infecciosas y Metodolog\u00eda Cient\u00edfica)<\/span><\/h4>\n<div class=\"et_pb_blurb_description\">\n<p><a href=\"https:\/\/ppgmt.uea.edu.br\/wp-content\/uploads\/2023\/11\/recurso.pdf\" rel=\"attachment wp-att-351912\"><span>Adjunto<\/span><\/a><\/p>\n<\/div>\n<\/div>\n<\/div>\n<\/div>\n<div class=\"et_pb_module et_pb_blurb et_pb_blurb_14  et_pb_text_align_left  et_pb_blurb_position_left et_pb_bg_layout_light\">\n<div class=\"et_pb_blurb_content\">\n<div class=\"et_pb_main_blurb_image\"><span class=\"et_pb_image_wrap\"><span class=\"et-waypoint et_pb_animation_top et_pb_animation_top_tablet et_pb_animation_top_phone et-pb-icon et-animated\"><span>i<\/span><\/span><\/span><\/div>\n<div class=\"et_pb_blurb_container\">\n<h4 class=\"et_pb_module_header\"><span>Resultados preliminares de candidatos en orden alfab\u00e9tico Primera fase \u2013 Prueba de ingl\u00e9s y conocimientos en el \u00e1rea de Enfermedades Tropicales e Infecciosas y Metodolog\u00eda Cient\u00edfica \u2013 Proceso de Selecci\u00f3n para la Maestr\u00eda en Enfermedades Tropicales e Infecciosas, a\u00f1o acad\u00e9mico 2024<\/span><\/h4>\n<div class=\"et_pb_blurb_description\">\n<p><a href=\"https:\/\/ppgmt.uea.edu.br\/wp-content\/uploads\/2023\/11\/Resultado-preliminar.pdf\" rel=\"attachment wp-att-351912\"><span>Adjunto<\/span><\/a><\/p>\n<\/div>\n<\/div>\n<\/div>\n<\/div>\n<div class=\"et_pb_module et_pb_blurb et_pb_blurb_15  et_pb_text_align_left  et_pb_blurb_position_left et_pb_bg_layout_light\">\n<div class=\"et_pb_blurb_content\">\n<div class=\"et_pb_main_blurb_image\"><span class=\"et_pb_image_wrap\"><span class=\"et-waypoint et_pb_animation_top et_pb_animation_top_tablet et_pb_animation_top_phone et-pb-icon et-animated\"><span>i<\/span><\/span><\/span><\/div>\n<div class=\"et_pb_blurb_container\">\n<h4 class=\"et_pb_module_header\"><span>Listado de candidatos por orden alfab\u00e9tico con inscripci\u00f3n final aprobada para el proceso de selecci\u00f3n\/2024 de la maestr\u00eda en Enfermedades Tropicales e Infecciosas<\/span><\/h4>\n<div class=\"et_pb_blurb_description\">\n<p><a href=\"https:\/\/ppgmt.uea.edu.br\/wp-content\/uploads\/2023\/11\/parcial-final-0_merged.pdf\" rel=\"attachment wp-att-351884\"><span>Adjunto<\/span><\/a><\/p>\n<\/div>\n<\/div>\n<\/div>\n<\/div>\n<div class=\"et_pb_module et_pb_blurb et_pb_blurb_16  et_pb_text_align_left  et_pb_blurb_position_left et_pb_bg_layout_light\">\n<div class=\"et_pb_blurb_content\">\n<div class=\"et_pb_main_blurb_image\"><span class=\"et_pb_image_wrap\"><span class=\"et-waypoint et_pb_animation_top et_pb_animation_top_tablet et_pb_animation_top_phone et-pb-icon et-animated\"><span>i<\/span><\/span><\/span><\/div>\n<div class=\"et_pb_blurb_container\">\n<h4 class=\"et_pb_module_header\"><span>Resultado del recurso de aprobaci\u00f3n parcial<\/span><\/h4>\n<div class=\"et_pb_blurb_description\">\n<p><a href=\"https:\/\/ppgmt.uea.edu.br\/wp-content\/uploads\/2023\/11\/doc01638920231106150410.pdf\" rel=\"attachment wp-att-351884\"><span>Adjunto<\/span><\/a><\/p>\n<\/div>\n<\/div>\n<\/div>\n<\/div>\n<div class=\"et_pb_module et_pb_blurb et_pb_blurb_17  et_pb_text_align_left  et_pb_blurb_position_left et_pb_bg_layout_light\">\n<div class=\"et_pb_blurb_content\">\n<div class=\"et_pb_main_blurb_image\"><span class=\"et_pb_image_wrap\"><span class=\"et-waypoint et_pb_animation_top et_pb_animation_top_tablet et_pb_animation_top_phone et-pb-icon et-animated\"><span>i<\/span><\/span><\/span><\/div>\n<div class=\"et_pb_blurb_container\">\n<h4 class=\"et_pb_module_header\"><span>Listado de candidatos en orden alfab\u00e9tico con inscripci\u00f3n no aprobada con resultados parciales para el proceso de selecci\u00f3n\/2024 de la maestr\u00eda en Enfermedades Tropicales e Infecciosas<\/span><\/h4>\n<div class=\"et_pb_blurb_description\">\n<p><a href=\"https:\/\/ppgmt.uea.edu.br\/wp-content\/uploads\/2023\/11\/n-homo.pdf\" rel=\"attachment wp-att-351884\"><span>Adjunto<\/span><\/a><\/p>\n<\/div>\n<\/div>\n<\/div>\n<\/div>\n<div class=\"et_pb_module et_pb_blurb et_pb_blurb_18  et_pb_text_align_left  et_pb_blurb_position_left et_pb_bg_layout_light\">\n<div class=\"et_pb_blurb_content\">\n<div class=\"et_pb_main_blurb_image\"><span class=\"et_pb_image_wrap\"><span class=\"et-waypoint et_pb_animation_top et_pb_animation_top_tablet et_pb_animation_top_phone et-pb-icon et-animated\"><span>i<\/span><\/span><\/span><\/div>\n<div class=\"et_pb_blurb_container\">\n<h4 class=\"et_pb_module_header\"><span>Listado de candidatos en orden alfab\u00e9tico con inscripci\u00f3n parcial aprobada para el proceso de selecci\u00f3n\/2024 de la maestr\u00eda en Enfermedades Tropicales e Infecciosas<\/span><\/h4>\n<div class=\"et_pb_blurb_description\">\n<p><a href=\"https:\/\/ppgmt.uea.edu.br\/wp-content\/uploads\/2023\/11\/parcial-1_merged.pdf\" rel=\"attachment wp-att-351881\"><span>Adjunto<\/span><\/a><\/p>\n<\/div>\n<\/div>\n<\/div>\n<\/div>\n<div class=\"et_pb_module et_pb_blurb et_pb_blurb_19  et_pb_text_align_left  et_pb_blurb_position_left et_pb_bg_layout_light\">\n<div class=\"et_pb_blurb_content\">\n<div class=\"et_pb_main_blurb_image\"><span class=\"et_pb_image_wrap\"><span class=\"et-waypoint et_pb_animation_top et_pb_animation_top_tablet et_pb_animation_top_phone et-pb-icon et-animated\"><span>i<\/span><\/span><\/span><\/div>\n<div class=\"et_pb_blurb_container\">\n<h4 class=\"et_pb_module_header\"><span>Anexo I &#8211; Bibliograf\u00eda recomendada para el estudio<\/span><\/h4>\n<div class=\"et_pb_blurb_description\">\n<p><a href=\"https:\/\/ppgmt.uea.edu.br\/wp-content\/uploads\/2023\/09\/53-411.pdf\" rel=\"attachment wp-att-351569\"><span>Adjunto<\/span><\/a><\/p>\n<\/div>\n<\/div>\n<\/div>\n<\/div>\n<div class=\"et_pb_module et_pb_blurb et_pb_blurb_20  et_pb_text_align_left  et_pb_blurb_position_left et_pb_bg_layout_light\">\n<div class=\"et_pb_blurb_content\">\n<div class=\"et_pb_main_blurb_image\"><a href=\"https:\/\/ppgmt.uea.edu.br\/wp-content\/uploads\/2023\/09\/Edital-de-Selecao-n.106-2023-Mestrado-em-Doencas-Tropicais-Infecciosas.pdf\"><span class=\"et_pb_image_wrap\"><span class=\"et-waypoint et_pb_animation_top et_pb_animation_top_tablet et_pb_animation_top_phone et-pb-icon et-animated\"><span>i<\/span><\/span><\/span><\/a><\/div>\n<div class=\"et_pb_blurb_container\">\n<h4 class=\"et_pb_module_header\"><a href=\"https:\/\/ppgmt.uea.edu.br\/wp-content\/uploads\/2023\/09\/Edital-de-Selecao-n.106-2023-Mestrado-em-Doencas-Tropicais-Infecciosas.pdf\"><span>Aviso de Selecci\u00f3n N\u00b0 106\/2023 &#8211; Maestr\u00eda en Enfermedades Infecciosas Tropicales<\/span><\/a><\/h4>\n<div class=\"et_pb_blurb_description\">\n<p><a href=\"https:\/\/ppgmt.uea.edu.br\/wp-content\/uploads\/2023\/09\/Edital-de-Selecao-n.106-2023-Mestrado-em-Doencas-Tropicais-Infecciosas.pdf\" rel=\"attachment wp-att-351584\"><span>Aviso de Selecci\u00f3n N\u00b0 106\/2023 \u2013 Maestr\u00eda en Enfermedades Infecciosas Tropicales<\/span><\/a><\/p>\n<\/div>\n<\/div>\n<\/div>\n<\/div>\n<div class=\"et_pb_module et_pb_blurb et_pb_blurb_21  et_pb_text_align_left  et_pb_blurb_position_left et_pb_bg_layout_light\">\n<div class=\"et_pb_blurb_content\">\n<div class=\"et_pb_main_blurb_image\"><a href=\"https:\/\/ppgmt.uea.edu.br\/wp-content\/uploads\/2023\/09\/Edital-N.106-2023-GR-UEA-Mestrado-em-Doencas-Tropicais-Infecciosas.pdf\"><span class=\"et_pb_image_wrap\"><span class=\"et-waypoint et_pb_animation_top et_pb_animation_top_tablet et_pb_animation_top_phone et-pb-icon et-animated\"><span>i<\/span><\/span><\/span><\/a><\/div>\n<div class=\"et_pb_blurb_container\">\n<h4 class=\"et_pb_module_header\"><a href=\"https:\/\/ppgmt.uea.edu.br\/wp-content\/uploads\/2023\/09\/Edital-N.106-2023-GR-UEA-Mestrado-em-Doencas-Tropicais-Infecciosas.pdf\"><span>Circular n\u00ba106\/2023 &#8211; GR UEA &#8211; M\u00e1ster Universitario en Enfermedades Infecciosas Tropicales<\/span><\/a><\/h4>\n<div class=\"et_pb_blurb_description\">\n<p><a href=\"https:\/\/ppgmt.uea.edu.br\/wp-content\/uploads\/2023\/09\/Edital-N.106-2023-GR-UEA-Mestrado-em-Doecas-Tropicais-Infecciosas.pdf\" rel=\"attachment wp-att-351560\"><span>Circular n\u00ba106\/2023 \u2013 GR UEA \u2013 Maestr\u00eda en Enfermedades Infecciosas Tropicales<\/span><\/a><\/p>\n<\/div>\n<\/div>\n<\/div>\n<\/div>\n<\/div>\n<\/div>\n<\/div>\n<\/div>\n<\/div>\n<\/div>\n<\/article>\n<\/div>\n<p>[\/et_pb_text][\/et_pb_column][\/et_pb_row][\/et_pb_section]<\/p>\n","protected":false},"excerpt":{"rendered":"<p>SELECCI\u00d3N DE ENTRADA PARA LA MAESTR\u00cdA EN ENFERMEDADES TROPICALES E INFECCIOSAS i Listado de candidatos aprobados en segunda convocatoria en la 3\u00aa y \u00faltima fase del Proceso de Selecci\u00f3n \u2013 Maestr\u00eda en Enfermedades Tropicales e Infecciosas \u2013 Promoci\u00f3n 2024, en orden de clasificaci\u00f3n Adjunto i Resultado final de candidatos aprobados en la 3ra y \u00faltima [&hellip;]<\/p>\n","protected":false},"author":2,"featured_media":0,"parent":0,"menu_order":0,"comment_status":"closed","ping_status":"closed","template":"","meta":{"_et_pb_use_builder":"on","_et_pb_old_content":"","_et_gb_content_width":"","footnotes":""},"class_list":["post-353252","page","type-page","status-publish","hentry"],"_links":{"self":[{"href":"https:\/\/ppgmt.uea.edu.br\/index.php\/wp-json\/wp\/v2\/pages\/353252","targetHints":{"allow":["GET"]}}],"collection":[{"href":"https:\/\/ppgmt.uea.edu.br\/index.php\/wp-json\/wp\/v2\/pages"}],"about":[{"href":"https:\/\/ppgmt.uea.edu.br\/index.php\/wp-json\/wp\/v2\/types\/page"}],"author":[{"embeddable":true,"href":"https:\/\/ppgmt.uea.edu.br\/index.php\/wp-json\/wp\/v2\/users\/2"}],"replies":[{"embeddable":true,"href":"https:\/\/ppgmt.uea.edu.br\/index.php\/wp-json\/wp\/v2\/comments?post=353252"}],"version-history":[{"count":4,"href":"https:\/\/ppgmt.uea.edu.br\/index.php\/wp-json\/wp\/v2\/pages\/353252\/revisions"}],"predecessor-version":[{"id":353743,"href":"https:\/\/ppgmt.uea.edu.br\/index.php\/wp-json\/wp\/v2\/pages\/353252\/revisions\/353743"}],"wp:attachment":[{"href":"https:\/\/ppgmt.uea.edu.br\/index.php\/wp-json\/wp\/v2\/media?parent=353252"}],"curies":[{"name":"wp","href":"https:\/\/api.w.org\/{rel}","templated":true}]}}