{"id":353010,"date":"2024-03-24T17:35:23","date_gmt":"2024-03-24T20:35:23","guid":{"rendered":"https:\/\/ppgmt.uea.edu.br\/?page_id=353010"},"modified":"2024-03-24T17:35:29","modified_gmt":"2024-03-24T20:35:29","slug":"self-assessment-committee-us","status":"publish","type":"page","link":"https:\/\/ppgmt.uea.edu.br\/index.php\/en\/self-assessment-committee-us\/","title":{"rendered":"SELF-ASSESSMENT COMMITTEE (US)"},"content":{"rendered":"<p>[et_pb_section fb_built=&#8221;1&#8243; next_background_color=&#8221;#f4f4f4&#8243; _builder_version=&#8221;4.16&#8243; _module_preset=&#8221;default&#8221; custom_padding=&#8221;0px||0px|||&#8221; bottom_divider_style=&#8221;wave2&#8243; bottom_divider_height=&#8221;70px&#8221; bottom_divider_arrangement=&#8221;above_content&#8221; global_colors_info=&#8221;{}&#8221; collapsed=&#8221;on&#8221; locked=&#8221;off&#8221; theme_builder_area=&#8221;post_content&#8221;][et_pb_row _builder_version=&#8221;4.16&#8243; _module_preset=&#8221;default&#8221; width=&#8221;100%&#8221; max_width=&#8221;100%&#8221; custom_padding=&#8221;0px||0px||false|false&#8221; global_colors_info=&#8221;{}&#8221; theme_builder_area=&#8221;post_content&#8221;][et_pb_column type=&#8221;4_4&#8243; _builder_version=&#8221;4.16&#8243; _module_preset=&#8221;default&#8221; global_colors_info=&#8221;{}&#8221; theme_builder_area=&#8221;post_content&#8221;][et_pb_slider arrows_custom_color=&#8221;#000000&#8243; dot_nav_custom_color=&#8221;#000000&#8243; _builder_version=&#8221;4.24.2&#8243; _module_preset=&#8221;default&#8221; header_font=&#8221;Carrois Gothic SC|700||on|||||&#8221; header_text_color=&#8221;#136334&#8243; background_color=&#8221;#FFFFFF&#8221; custom_padding=&#8221;10%||10%||true|false&#8221; hover_enabled=&#8221;0&#8243; global_colors_info=&#8221;{}&#8221; theme_builder_area=&#8221;post_content&#8221; sticky_enabled=&#8221;0&#8243;][et_pb_slide heading=&#8221;SELF-ASSESSMENT COMMITTEE&#8221; _builder_version=&#8221;4.24.2&#8243; _module_preset=&#8221;default&#8221; background_enable_color=&#8221;off&#8221; background_image=&#8221;https:\/\/teste.somoscarv.com.br\/wp-content\/uploads\/2023\/01\/Ativo-4.png&#8221; background_enable_image=&#8221;on&#8221; hover_enabled=&#8221;0&#8243; global_colors_info=&#8221;{}&#8221; sticky_transition=&#8221;on&#8221; theme_builder_area=&#8221;post_content&#8221; sticky_enabled=&#8221;0&#8243;][\/et_pb_slide][\/et_pb_slider][\/et_pb_column][\/et_pb_row][\/et_pb_section][et_pb_section fb_built=&#8221;1&#8243; _builder_version=&#8221;4.16&#8243; _module_preset=&#8221;default&#8221; background_color=&#8221;#f4f4f4&#8243; custom_padding=&#8221;50px||50px||true|&#8221; global_colors_info=&#8221;{}&#8221; collapsed=&#8221;on&#8221; locked=&#8221;off&#8221; theme_builder_area=&#8221;post_content&#8221;][et_pb_row _builder_version=&#8221;4.21.2&#8243; _module_preset=&#8221;default&#8221; locked=&#8221;off&#8221; global_colors_info=&#8221;{}&#8221; theme_builder_area=&#8221;post_content&#8221;][et_pb_column type=&#8221;4_4&#8243; _builder_version=&#8221;4.21.2&#8243; _module_preset=&#8221;default&#8221; global_colors_info=&#8221;{}&#8221; theme_builder_area=&#8221;post_content&#8221;][et_pb_text _builder_version=&#8221;4.24.2&#8243; _module_preset=&#8221;default&#8221; text_font=&#8221;Poppins||||||||&#8221; text_font_size=&#8221;16px&#8221; header_2_font=&#8221;Carrois Gothic SC|700|||||||&#8221; header_2_text_color=&#8221;#136334&#8243; header_3_font=&#8221;Carrois Gothic SC|700|||||||&#8221; hover_enabled=&#8221;0&#8243; global_colors_info=&#8221;{}&#8221; theme_builder_area=&#8221;post_content&#8221; sticky_enabled=&#8221;0&#8243;]<\/p>\n<blockquote>\n<h3>ORDINANCE NO. 06\/2023 \u2013 GR\/UEA<\/h3>\n<\/blockquote>\n<p>[\/et_pb_text][et_pb_blurb title=&#8221;PPGMT&#8217;s Internal Self-Assessment Committee&#8221; use_icon=&#8221;on&#8221; font_icon=&#8221;&#xf019;||fa||900&#8243; icon_placement=&#8221;left&#8221; content_max_width=&#8221;1100px&#8221; _builder_version=&#8221;4.22.1&#8243; _module_preset=&#8221;default&#8221; global_colors_info=&#8221;{}&#8221; theme_builder_area=&#8221;post_content&#8221;]<\/p>\n<p><a href=\"https:\/\/ppgmt.uea.edu.br\/wp-content\/uploads\/2024\/02\/Comissao-Interna-de-Autoavaliacao-do-PPGMT.pdf\">Download<\/a><\/p>\n<p>[\/et_pb_blurb][\/et_pb_column][\/et_pb_row][et_pb_row _builder_version=&#8221;4.21.2&#8243; _module_preset=&#8221;default&#8221; locked=&#8221;off&#8221; global_colors_info=&#8221;{}&#8221; theme_builder_area=&#8221;post_content&#8221;][et_pb_column type=&#8221;4_4&#8243; _builder_version=&#8221;4.21.2&#8243; _module_preset=&#8221;default&#8221; global_colors_info=&#8221;{}&#8221; theme_builder_area=&#8221;post_content&#8221;][et_pb_text _builder_version=&#8221;4.24.2&#8243; _module_preset=&#8221;default&#8221; text_font=&#8221;Poppins||||||||&#8221; text_font_size=&#8221;16px&#8221; header_2_font=&#8221;Carrois Gothic SC|700|||||||&#8221; header_2_text_color=&#8221;#136334&#8243; header_3_font=&#8221;Carrois Gothic SC|700|||||||&#8221; hover_enabled=&#8221;0&#8243; global_colors_info=&#8221;{}&#8221; theme_builder_area=&#8221;post_content&#8221; sticky_enabled=&#8221;0&#8243;]<\/p>\n<blockquote>\n<h3>IN-HOUSE FACULTY MEMBER<\/h3>\n<\/blockquote>\n<p>[\/et_pb_text][\/et_pb_column][\/et_pb_row][et_pb_row column_structure=&#8221;1_3,1_3,1_3&#8243; _builder_version=&#8221;4.21.2&#8243; _module_preset=&#8221;default&#8221; global_colors_info=&#8221;{}&#8221; theme_builder_area=&#8221;post_content&#8221;][et_pb_column type=&#8221;1_3&#8243; _builder_version=&#8221;4.21.2&#8243; _module_preset=&#8221;default&#8221; global_colors_info=&#8221;{}&#8221; theme_builder_area=&#8221;post_content&#8221;][et_pb_blurb title=&#8221;Prof\u00aa. Dra. Gisely Cardoso de Melo (Presidente)&#8221; image=&#8221;http:\/\/ppgmt.uea.edu.br\/wp-content\/uploads\/2023\/08\/Gisely-Cardoso-de-Melo-1.jpg&#8221; content_max_width=&#8221;1100px&#8221; _builder_version=&#8221;4.21.2&#8243; _module_preset=&#8221;default&#8221; header_font=&#8221;Poppins||||||||&#8221; header_text_align=&#8221;left&#8221; locked=&#8221;off&#8221; global_colors_info=&#8221;{}&#8221; theme_builder_area=&#8221;post_content&#8221;]<\/p>\n<p><a href=\"http:\/\/lattes.cnpq.br\/5566457348830121\">Curriculo Lattes<\/a><\/p>\n<p>[\/et_pb_blurb][et_pb_blurb title=&#8221;Prof. Dr. Wuelton Marcelo Monteiro&#8221; image=&#8221;http:\/\/ppgmt.uea.edu.br\/wp-content\/uploads\/2023\/08\/Wuelton-Marcelo-Monteiro.jpg&#8221; _builder_version=&#8221;4.21.2&#8243; _module_preset=&#8221;default&#8221; header_font=&#8221;Poppins||||||||&#8221; header_text_align=&#8221;left&#8221; body_font=&#8221;Poppins||||||||&#8221; body_text_align=&#8221;left&#8221; locked=&#8221;off&#8221; global_colors_info=&#8221;{}&#8221; theme_builder_area=&#8221;post_content&#8221;]<\/p>\n<p><a href=\"http:\/\/buscatextual.cnpq.br\/buscatextual\/visualizacv.do?id=K4774160A5\" target=\"_blank\" rel=\"noopener\">Curr\u00edculo Lattes<\/a><\/p>\n<p>[\/et_pb_blurb][et_pb_blurb title=&#8221;Prof\u00aa. Dra. Stefanie Costa Pinto Lopes&#8221; image=&#8221;http:\/\/ppgmt.uea.edu.br\/wp-content\/uploads\/2023\/08\/Stefanie-Costa-Pinto-Lopes.jpg&#8221; _builder_version=&#8221;4.21.2&#8243; _module_preset=&#8221;default&#8221; header_font=&#8221;Poppins||||||||&#8221; header_text_align=&#8221;left&#8221; body_font=&#8221;Poppins||||||||&#8221; body_text_align=&#8221;left&#8221; locked=&#8221;off&#8221; global_colors_info=&#8221;{}&#8221; theme_builder_area=&#8221;post_content&#8221;]<\/p>\n<p><a href=\"http:\/\/buscatextual.cnpq.br\/buscatextual\/visualizacv.do?id=K4168832Z0\" target=\"_blank\" rel=\"noopener\">Curr\u00edculo Lattes<\/a><\/p>\n<p>[\/et_pb_blurb][\/et_pb_column][et_pb_column type=&#8221;1_3&#8243; _builder_version=&#8221;4.21.2&#8243; _module_preset=&#8221;default&#8221; global_colors_info=&#8221;{}&#8221; theme_builder_area=&#8221;post_content&#8221;][et_pb_blurb title=&#8221;Prof. Dr. Fernando Fonseca de Almeida e Val&#8221; image=&#8221;http:\/\/ppgmt.uea.edu.br\/wp-content\/uploads\/2023\/08\/Fernando-Fonseca-de-Almeida-e-Val.jpeg&#8221; content_max_width=&#8221;1100px&#8221; _builder_version=&#8221;4.21.2&#8243; _module_preset=&#8221;default&#8221; header_font=&#8221;Poppins||||||||&#8221; header_text_align=&#8221;left&#8221; locked=&#8221;off&#8221; global_colors_info=&#8221;{}&#8221; theme_builder_area=&#8221;post_content&#8221;]<\/p>\n<p><a href=\"http:\/\/buscatextual.cnpq.br\/buscatextual\/visualizacv.do?id=K4243563E8\">Curriculo Lattes<\/a><\/p>\n<p>[\/et_pb_blurb][et_pb_blurb title=&#8221;Prof\u00aa. Dra. Flor Ernestina Martinez Espinosa&#8221; image=&#8221;http:\/\/ppgmt.uea.edu.br\/wp-content\/uploads\/2023\/08\/Flor-Ernestina-Martinez-Espinosa.jpg&#8221; _builder_version=&#8221;4.21.2&#8243; _module_preset=&#8221;default&#8221; header_font=&#8221;Poppins||||||||&#8221; header_text_align=&#8221;left&#8221; body_font=&#8221;Poppins||||||||&#8221; body_text_align=&#8221;left&#8221; locked=&#8221;off&#8221; global_colors_info=&#8221;{}&#8221; theme_builder_area=&#8221;post_content&#8221;]<\/p>\n<p><a href=\"http:\/\/buscatextual.cnpq.br\/buscatextual\/visualizacv.do?id=K4763177E7\" target=\"_blank\" rel=\"noopener\">Curr\u00edculo Lattes<\/a><\/p>\n<p>[\/et_pb_blurb][\/et_pb_column][et_pb_column type=&#8221;1_3&#8243; _builder_version=&#8221;4.21.2&#8243; _module_preset=&#8221;default&#8221; global_colors_info=&#8221;{}&#8221; theme_builder_area=&#8221;post_content&#8221;][et_pb_blurb title=&#8221;Prof. Dr. Vanderson de Souza Sampaio&#8221; image=&#8221;http:\/\/ppgmt.uea.edu.br\/wp-content\/uploads\/2023\/08\/Vanderson-de-Souza-Sampaio.png&#8221; content_max_width=&#8221;1100px&#8221; _builder_version=&#8221;4.21.2&#8243; _module_preset=&#8221;default&#8221; global_colors_info=&#8221;{}&#8221; theme_builder_area=&#8221;post_content&#8221;]<\/p>\n<p><a href=\"http:\/\/lattes.cnpq.br\/0039836167659650\" target=\"_blank\" rel=\"noopener\">Curriculo Lattes<\/a><\/p>\n<p>[\/et_pb_blurb][et_pb_blurb title=&#8221;Prof\u00aa. Dra. Maria das Gra\u00e7as Vale Barbosa Guerra&#8221; image=&#8221;http:\/\/ppgmt.uea.edu.br\/wp-content\/uploads\/2023\/08\/Maria-das-Gracas-Vale-Barbosa-Guerra.jpg&#8221; _builder_version=&#8221;4.21.2&#8243; _module_preset=&#8221;default&#8221; header_font=&#8221;Poppins||||||||&#8221; header_text_align=&#8221;left&#8221; body_font=&#8221;Poppins||||||||&#8221; body_text_align=&#8221;left&#8221; locked=&#8221;off&#8221; global_colors_info=&#8221;{}&#8221; theme_builder_area=&#8221;post_content&#8221;]<\/p>\n<p><a href=\"http:\/\/buscatextual.cnpq.br\/buscatextual\/visualizacv.do?id=K4727334P1\" target=\"_blank\" rel=\"noopener\">Curr\u00edculo Lattes<\/a><\/p>\n<p>[\/et_pb_blurb][\/et_pb_column][\/et_pb_row][et_pb_row _builder_version=&#8221;4.21.2&#8243; _module_preset=&#8221;default&#8221; locked=&#8221;off&#8221; global_colors_info=&#8221;{}&#8221; theme_builder_area=&#8221;post_content&#8221;][et_pb_column type=&#8221;4_4&#8243; _builder_version=&#8221;4.21.2&#8243; _module_preset=&#8221;default&#8221; global_colors_info=&#8221;{}&#8221; theme_builder_area=&#8221;post_content&#8221;][et_pb_text _builder_version=&#8221;4.24.2&#8243; _module_preset=&#8221;default&#8221; text_font=&#8221;Poppins||||||||&#8221; text_font_size=&#8221;16px&#8221; header_2_font=&#8221;Carrois Gothic SC|700|||||||&#8221; header_2_text_color=&#8221;#136334&#8243; header_3_font=&#8221;Carrois Gothic SC|700|||||||&#8221; hover_enabled=&#8221;0&#8243; global_colors_info=&#8221;{}&#8221; theme_builder_area=&#8221;post_content&#8221; sticky_enabled=&#8221;0&#8243;]<\/p>\n<blockquote>\n<h3>EXTERNAL FACULTY MEMBER<\/h3>\n<\/blockquote>\n<p>[\/et_pb_text][\/et_pb_column][\/et_pb_row][et_pb_row column_structure=&#8221;1_3,1_3,1_3&#8243; _builder_version=&#8221;4.21.2&#8243; _module_preset=&#8221;default&#8221; global_colors_info=&#8221;{}&#8221; theme_builder_area=&#8221;post_content&#8221;][et_pb_column type=&#8221;1_3&#8243; _builder_version=&#8221;4.21.2&#8243; _module_preset=&#8221;default&#8221; global_colors_info=&#8221;{}&#8221; theme_builder_area=&#8221;post_content&#8221;][et_pb_blurb title=&#8221;Prof\u00aa. Dra. Vera Maria Fonseca de Almeida e Val&#8221; image=&#8221;http:\/\/ppgmt.uea.edu.br\/wp-content\/uploads\/2023\/08\/Vera-Maria-Fonseca-de-Almeida-e-Val.png&#8221; _builder_version=&#8221;4.21.2&#8243; _module_preset=&#8221;default&#8221; header_font=&#8221;Poppins||||||||&#8221; header_text_align=&#8221;left&#8221; body_font=&#8221;Poppins||||||||&#8221; body_text_align=&#8221;left&#8221; locked=&#8221;off&#8221; global_colors_info=&#8221;{}&#8221; theme_builder_area=&#8221;post_content&#8221;]<\/p>\n<p><a href=\"http:\/\/lattes.cnpq.br\/3821690425847852\" target=\"_blank\" rel=\"noopener\">Curr\u00edculo Lattes<\/a><\/p>\n<p>[\/et_pb_blurb][\/et_pb_column][et_pb_column type=&#8221;1_3&#8243; _builder_version=&#8221;4.21.2&#8243; _module_preset=&#8221;default&#8221; global_colors_info=&#8221;{}&#8221; theme_builder_area=&#8221;post_content&#8221;][\/et_pb_column][et_pb_column type=&#8221;1_3&#8243; _builder_version=&#8221;4.21.2&#8243; _module_preset=&#8221;default&#8221; global_colors_info=&#8221;{}&#8221; theme_builder_area=&#8221;post_content&#8221;][\/et_pb_column][\/et_pb_row][et_pb_row _builder_version=&#8221;4.21.2&#8243; _module_preset=&#8221;default&#8221; locked=&#8221;off&#8221; global_colors_info=&#8221;{}&#8221; theme_builder_area=&#8221;post_content&#8221;][et_pb_column type=&#8221;4_4&#8243; _builder_version=&#8221;4.21.2&#8243; _module_preset=&#8221;default&#8221; global_colors_info=&#8221;{}&#8221; theme_builder_area=&#8221;post_content&#8221;][et_pb_text _builder_version=&#8221;4.24.2&#8243; _module_preset=&#8221;default&#8221; text_font=&#8221;Poppins||||||||&#8221; text_font_size=&#8221;16px&#8221; header_2_font=&#8221;Carrois Gothic SC|700|||||||&#8221; header_2_text_color=&#8221;#136334&#8243; header_3_font=&#8221;Carrois Gothic SC|700|||||||&#8221; hover_enabled=&#8221;0&#8243; global_colors_info=&#8221;{}&#8221; theme_builder_area=&#8221;post_content&#8221; sticky_enabled=&#8221;0&#8243;]<\/p>\n<blockquote>\n<h3>STUDENT MEMBER<\/h3>\n<\/blockquote>\n<p>[\/et_pb_text][\/et_pb_column][\/et_pb_row][et_pb_row column_structure=&#8221;1_3,1_3,1_3&#8243; _builder_version=&#8221;4.21.2&#8243; _module_preset=&#8221;default&#8221; global_colors_info=&#8221;{}&#8221; theme_builder_area=&#8221;post_content&#8221;][et_pb_column type=&#8221;1_3&#8243; _builder_version=&#8221;4.21.2&#8243; _module_preset=&#8221;default&#8221; global_colors_info=&#8221;{}&#8221; theme_builder_area=&#8221;post_content&#8221;][et_pb_blurb title=&#8221;Lucyane Mendes Silva&#8221; image=&#8221;http:\/\/ppgmt.uea.edu.br\/wp-content\/uploads\/2023\/08\/Doutoranda-Lucyane-Mendes-Silva.jpg&#8221; content_max_width=&#8221;1100px&#8221; _builder_version=&#8221;4.21.2&#8243; _module_preset=&#8221;default&#8221; header_font=&#8221;Poppins||||||||&#8221; header_text_align=&#8221;left&#8221; locked=&#8221;off&#8221; global_colors_info=&#8221;{}&#8221; theme_builder_area=&#8221;post_content&#8221;]<\/p>\n<p><a href=\"http:\/\/lattes.cnpq.br\/5403463588589325\">Curriculo Lattes<\/a><\/p>\n<p>[\/et_pb_blurb][\/et_pb_column][et_pb_column type=&#8221;1_3&#8243; _builder_version=&#8221;4.21.2&#8243; _module_preset=&#8221;default&#8221; global_colors_info=&#8221;{}&#8221; theme_builder_area=&#8221;post_content&#8221;][\/et_pb_column][et_pb_column type=&#8221;1_3&#8243; _builder_version=&#8221;4.21.2&#8243; _module_preset=&#8221;default&#8221; global_colors_info=&#8221;{}&#8221; theme_builder_area=&#8221;post_content&#8221;][\/et_pb_column][\/et_pb_row][\/et_pb_section]<\/p>\n","protected":false},"excerpt":{"rendered":"<p>ORDINANCE NO. 06\/2023 \u2013 GR\/UEA DownloadIN-HOUSE FACULTY MEMBER Curriculo LattesCurr\u00edculo LattesCurr\u00edculo LattesCurriculo LattesCurr\u00edculo LattesCurriculo LattesCurr\u00edculo LattesEXTERNAL FACULTY MEMBER Curr\u00edculo LattesSTUDENT MEMBER Curriculo Lattes<\/p>\n","protected":false},"author":2,"featured_media":0,"parent":0,"menu_order":0,"comment_status":"closed","ping_status":"closed","template":"","meta":{"_et_pb_use_builder":"on","_et_pb_old_content":"","_et_gb_content_width":"","footnotes":""},"class_list":["post-353010","page","type-page","status-publish","hentry"],"_links":{"self":[{"href":"https:\/\/ppgmt.uea.edu.br\/index.php\/wp-json\/wp\/v2\/pages\/353010","targetHints":{"allow":["GET"]}}],"collection":[{"href":"https:\/\/ppgmt.uea.edu.br\/index.php\/wp-json\/wp\/v2\/pages"}],"about":[{"href":"https:\/\/ppgmt.uea.edu.br\/index.php\/wp-json\/wp\/v2\/types\/page"}],"author":[{"embeddable":true,"href":"https:\/\/ppgmt.uea.edu.br\/index.php\/wp-json\/wp\/v2\/users\/2"}],"replies":[{"embeddable":true,"href":"https:\/\/ppgmt.uea.edu.br\/index.php\/wp-json\/wp\/v2\/comments?post=353010"}],"version-history":[{"count":3,"href":"https:\/\/ppgmt.uea.edu.br\/index.php\/wp-json\/wp\/v2\/pages\/353010\/revisions"}],"predecessor-version":[{"id":353015,"href":"https:\/\/ppgmt.uea.edu.br\/index.php\/wp-json\/wp\/v2\/pages\/353010\/revisions\/353015"}],"wp:attachment":[{"href":"https:\/\/ppgmt.uea.edu.br\/index.php\/wp-json\/wp\/v2\/media?parent=353010"}],"curies":[{"name":"wp","href":"https:\/\/api.w.org\/{rel}","templated":true}]}}