{"id":351346,"date":"2023-08-28T06:24:38","date_gmt":"2023-08-28T09:24:38","guid":{"rendered":"http:\/\/ppgmt.uea.edu.br\/?page_id=351346"},"modified":"2025-12-04T17:24:28","modified_gmt":"2025-12-04T20:24:28","slug":"ppgmt-processo-seletivo-mestrado","status":"publish","type":"page","link":"https:\/\/ppgmt.uea.edu.br\/index.php\/ppgmt-processo-seletivo-mestrado\/","title":{"rendered":"PPGMT &#8211; PROCESSO SELETIVO MESTRADO"},"content":{"rendered":"<p>[et_pb_section fb_built=&#8221;1&#8243; next_background_color=&#8221;#f4f4f4&#8243; _builder_version=&#8221;4.16&#8243; _module_preset=&#8221;default&#8221; custom_padding=&#8221;0px||0px|||&#8221; bottom_divider_style=&#8221;wave2&#8243; bottom_divider_height=&#8221;70px&#8221; bottom_divider_arrangement=&#8221;above_content&#8221; global_colors_info=&#8221;{}&#8221;][et_pb_row _builder_version=&#8221;4.16&#8243; _module_preset=&#8221;default&#8221; width=&#8221;100%&#8221; max_width=&#8221;100%&#8221; custom_padding=&#8221;0px||0px||false|false&#8221; global_colors_info=&#8221;{}&#8221;][et_pb_column type=&#8221;4_4&#8243; _builder_version=&#8221;4.16&#8243; _module_preset=&#8221;default&#8221; global_colors_info=&#8221;{}&#8221;][et_pb_slider arrows_custom_color=&#8221;#000000&#8243; dot_nav_custom_color=&#8221;#000000&#8243; _builder_version=&#8221;4.22.1&#8243; _module_preset=&#8221;default&#8221; header_font=&#8221;Carrois Gothic SC|700||on|||||&#8221; header_text_color=&#8221;#136334&#8243; background_color=&#8221;#FFFFFF&#8221; custom_padding=&#8221;10%||10%||true|false&#8221; global_colors_info=&#8221;{}&#8221;][et_pb_slide heading=&#8221;Processo Seletivo Mestrado&#8221; _builder_version=&#8221;4.22.1&#8243; _module_preset=&#8221;default&#8221; background_enable_color=&#8221;off&#8221; background_image=&#8221;https:\/\/teste.somoscarv.com.br\/wp-content\/uploads\/2023\/01\/Ativo-4.png&#8221; background_enable_image=&#8221;on&#8221; global_colors_info=&#8221;{}&#8221; sticky_transition=&#8221;on&#8221;][\/et_pb_slide][\/et_pb_slider][\/et_pb_column][\/et_pb_row][\/et_pb_section][et_pb_section fb_built=&#8221;1&#8243; _builder_version=&#8221;4.16&#8243; _module_preset=&#8221;default&#8221; background_color=&#8221;#f4f4f4&#8243; custom_padding=&#8221;0px||0px||true|&#8221; global_colors_info=&#8221;{}&#8221;][et_pb_row disabled_on=&#8221;off|off|off&#8221; _builder_version=&#8221;4.16&#8243; _module_preset=&#8221;default&#8221; global_colors_info=&#8221;{}&#8221;][et_pb_column type=&#8221;4_4&#8243; _builder_version=&#8221;4.16&#8243; _module_preset=&#8221;default&#8221; global_colors_info=&#8221;{}&#8221;][et_pb_text admin_label=&#8221;Texto&#8221; _builder_version=&#8221;4.25.1&#8243; _module_preset=&#8221;default&#8221; global_colors_info=&#8221;{}&#8221;]<\/p>\n<h4><strong><a href=\"https:\/\/ppgmt.uea.edu.br\/wp-content\/uploads\/2025\/10\/Edital-Mestrado-2025-1.pdf\" rel=\"attachment wp-att-355819\">EDITAL DE SELE\u00c7\u00c3O DE INGRESSO PARA O CURSO DE MESTRADO EM DOEN\u00c7AS TROPICAIS E INFECCIOSAS\u00a0 (Inscri\u00e7\u00f5es encerradas)<\/a><\/strong><\/h4>\n<p>[\/et_pb_text][et_pb_blurb title=&#8221;Edital de Sele\u00e7\u00e3o n\u00ba117\/2025 &#8211; GR UEA &#8211; Mestrado em Doen\u00e7as Tropicais Infecciosas&#8221; use_icon=&#8221;on&#8221; font_icon=&#8221;&#x69;||divi||400&#8243; icon_placement=&#8221;left&#8221; content_max_width=&#8221;1100px&#8221; admin_label=&#8221;Sinopse2&#8243; _builder_version=&#8221;4.25.1&#8243; _module_preset=&#8221;default&#8221; global_colors_info=&#8221;{}&#8221;]<\/p>\n<p><a href=\"https:\/\/ppgmt.uea.edu.br\/wp-content\/uploads\/2025\/10\/Edital-Mestrado-2025-1.pdf\" rel=\"attachment wp-att-355810\">Edital de Sele\u00e7\u00e3o n\u00ba117\/2025 &#8211; GR UEA -Mestrado em Doen\u00e7as Tropicais Infecciosas<\/a><\/p>\n<p>[\/et_pb_blurb][et_pb_blurb title=&#8221;Edital n\u00ba117\/2025 &#8211; GR UEA &#8211; Mestrado em Doen\u00e7as Tropicais Infecciosas&#8221; use_icon=&#8221;on&#8221; font_icon=&#8221;&#x69;||divi||400&#8243; icon_placement=&#8221;left&#8221; content_max_width=&#8221;1100px&#8221; admin_label=&#8221;Sinopse1&#8243; _builder_version=&#8221;4.25.1&#8243; _module_preset=&#8221;default&#8221; global_colors_info=&#8221;{}&#8221;]<\/p>\n<p><a href=\"https:\/\/ppgmt.uea.edu.br\/wp-content\/uploads\/2025\/10\/Edital-Mestrado-2025-2.pdf\" rel=\"attachment wp-att-355811\">Edital n\u00ba117\/2025 &#8211; GR UEA &#8211; Mestrado em Doen\u00e7as Tropicais Infecciosas<\/a><\/p>\n<p>[\/et_pb_blurb][et_pb_blurb title=&#8221;Errata do Edital n\u00ba117\/2025 &#8211; GR UEA &#8211; &#8221; use_icon=&#8221;on&#8221; font_icon=&#8221;&#x69;||divi||400&#8243; icon_placement=&#8221;left&#8221; content_max_width=&#8221;1100px&#8221; admin_label=&#8221;Sinopse1&#8243; _builder_version=&#8221;4.25.1&#8243; _module_preset=&#8221;default&#8221; global_colors_info=&#8221;{}&#8221;]<a href=\"https:\/\/ppgmt.uea.edu.br\/wp-content\/uploads\/2025\/10\/ERRATA_-_PROCESSO_SELETIVO_DE_MESTRADO_assinado-2.pdf\" rel=\"attachment wp-att-355829\">Errata do Edital n\u00ba117\/2025 &#8211; GR UEA<\/a>[\/et_pb_blurb][et_pb_text admin_label=&#8221;Texto&#8221; _builder_version=&#8221;4.25.1&#8243; _module_preset=&#8221;default&#8221; global_colors_info=&#8221;{}&#8221;]<\/p>\n<blockquote>\n<h4><strong>ANEXOS &#8211; DOCUMENTOS<\/strong><\/h4>\n<\/blockquote>\n<p>[\/et_pb_text][et_pb_blurb title=&#8221;Autodeclara\u00e7\u00e3o Participante Negro (Preto ou Pardo) ou Ind\u00edgena&#8221; use_icon=&#8221;on&#8221; font_icon=&#8221;&#x69;||divi||400&#8243; icon_placement=&#8221;left&#8221; content_max_width=&#8221;1100px&#8221; admin_label=&#8221;Sinopse18&#8243; _builder_version=&#8221;4.25.1&#8243; _module_preset=&#8221;default&#8221; global_colors_info=&#8221;{}&#8221;]<\/p>\n<p><a href=\"https:\/\/ppgmt.uea.edu.br\/wp-content\/uploads\/2025\/10\/Autodeclaracao-negro-indigena-1.doc\" rel=\"attachment wp-att-355813\">Anexo<\/a><\/p>\n<p>[\/et_pb_blurb][et_pb_blurb title=&#8221;Declara\u00e7\u00e3o Pessoa com Defici\u00eancia (PcD)&#8221; use_icon=&#8221;on&#8221; font_icon=&#8221;&#x69;||divi||400&#8243; icon_placement=&#8221;left&#8221; content_max_width=&#8221;1100px&#8221; admin_label=&#8221;Sinopse17&#8243; _builder_version=&#8221;4.25.1&#8243; _module_preset=&#8221;default&#8221; global_colors_info=&#8221;{}&#8221;]<\/p>\n<p><a href=\"https:\/\/ppgmt.uea.edu.br\/wp-content\/uploads\/2025\/10\/Autodeclaracao-pessoa-com-defeciencia.doc\" rel=\"attachment wp-att-355814\">Anexo<\/a><\/p>\n<p>[\/et_pb_blurb][et_pb_blurb title=&#8221;Carta de aceite de orienta\u00e7\u00e3o&#8221; url=&#8221;https:\/\/ppgmt.uea.edu.br\/wp-content\/uploads\/2023\/09\/CARTA-DE-ACEITE-DE-ORIENTACAO-2024.docx&#8221; use_icon=&#8221;on&#8221; font_icon=&#8221;&#x69;||divi||400&#8243; icon_placement=&#8221;left&#8221; content_max_width=&#8221;1100px&#8221; disabled_on=&#8221;on|on|on&#8221; admin_label=&#8221;Sinopse16&#8243; _builder_version=&#8221;4.25.1&#8243; _module_preset=&#8221;default&#8221; disabled=&#8221;on&#8221; global_colors_info=&#8221;{}&#8221;]<\/p>\n<p><a href=\"https:\/\/ppgmt.uea.edu.br\/wp-content\/uploads\/2024\/10\/CARTA-DE-ACEITE-DE-ORIENTACAO-2025.docx\" rel=\"attachment wp-att-351594\">Anexo<\/a><\/p>\n<p>[\/et_pb_blurb][et_pb_blurb title=&#8221;Formul\u00e1rio de inscri\u00e7\u00e3o 2025&#8243; use_icon=&#8221;on&#8221; font_icon=&#8221;&#x69;||divi||400&#8243; icon_placement=&#8221;left&#8221; content_max_width=&#8221;1100px&#8221; admin_label=&#8221;Sinopse15&#8243; _builder_version=&#8221;4.25.1&#8243; _module_preset=&#8221;default&#8221; global_colors_info=&#8221;{}&#8221;]<\/p>\n<p><a href=\"https:\/\/ppgmt.uea.edu.br\/wp-content\/uploads\/2025\/10\/Formulario-de-inscricao.doc\" rel=\"attachment wp-att-355815\">Anexo<\/a><\/p>\n<p>[\/et_pb_blurb][et_pb_blurb title=&#8221;Anexo I &#8211; Bibliografia recomendada para estudo&#8221; use_icon=&#8221;on&#8221; font_icon=&#8221;&#x69;||divi||400&#8243; icon_placement=&#8221;left&#8221; content_max_width=&#8221;1100px&#8221; admin_label=&#8221;Sinopse3&#8243; _builder_version=&#8221;4.25.1&#8243; _module_preset=&#8221;default&#8221; global_colors_info=&#8221;{}&#8221;]<\/p>\n<p><a href=\"https:\/\/ppgmt.uea.edu.br\/wp-content\/uploads\/2025\/10\/Anexo-I.pdf\" rel=\"attachment wp-att-355816\">Anexo<\/a><\/p>\n<p>[\/et_pb_blurb][et_pb_blurb title=&#8221;Portaria n\u00ba 1071\/2025 &#8211; GR\/UEA &#8211; Comiss\u00e3o de Sele\u00e7\u00e3o para ingresso no Curso de Mestrado, ano acad\u00eamico 2026&#8243; use_icon=&#8221;on&#8221; font_icon=&#8221;&#x69;||divi||400&#8243; icon_placement=&#8221;left&#8221; content_max_width=&#8221;1100px&#8221; admin_label=&#8221;Sinopse19&#8243; _builder_version=&#8221;4.25.1&#8243; _module_preset=&#8221;default&#8221; global_colors_info=&#8221;{}&#8221;]<\/p>\n<p><a href=\"https:\/\/ppgmt.uea.edu.br\/wp-content\/uploads\/2025\/10\/PORTARIA-No-10712025-GRUEA.pdf\" rel=\"attachment wp-att-355817\">PORTARIA N\u00ba 10712025 &#8211; GRUEA -Comiss\u00e3o de Sele\u00e7\u00e3o para ingresso no Curso de Mestrado, ano acad\u00eamico 2026<\/a><\/p>\n<p>[\/et_pb_blurb][et_pb_blurb title=&#8221;Errata da Portaria n\u00ba 1071\/2025 &#8211; GR\/UEA &#8211; &#8221; use_icon=&#8221;on&#8221; font_icon=&#8221;&#x69;||divi||400&#8243; icon_placement=&#8221;left&#8221; content_max_width=&#8221;1100px&#8221; disabled_on=&#8221;on|on|on&#8221; admin_label=&#8221;Sinopse19&#8243; _builder_version=&#8221;4.25.1&#8243; _module_preset=&#8221;default&#8221; disabled=&#8221;on&#8221; global_colors_info=&#8221;{}&#8221;]<\/p>\n<p><a href=\"https:\/\/ppgmt.uea.edu.br\/wp-content\/uploads\/2025\/10\/ERRATA_A_PORTARIA_assinado-3.pdf\" rel=\"attachment wp-att-355827\" baixar=\"\" a=\"\"><\/a><a href=\"https:\/\/ppgmt.uea.edu.br\/wp-content\/uploads\/2025\/10\/ERRATA_A_PORTARIA_assinado-3.pdf\" rel=\"attachment wp-att-355827\">Errata Portariia n\u00ba1071\/2025 -GR\/UEA<\/a><\/p>\n<p>[\/et_pb_blurb][et_pb_text disabled_on=&#8221;off|off|off&#8221; admin_label=&#8221;Texto&#8221; _builder_version=&#8221;4.25.1&#8243; _module_preset=&#8221;default&#8221; global_colors_info=&#8221;{}&#8221;]<\/p>\n<blockquote>\n<h4><strong>HOMOLOGA\u00c7\u00c3O<\/strong><\/h4>\n<\/blockquote>\n<p>[\/et_pb_text][et_pb_blurb title=&#8221;Rela\u00e7\u00e3o dos candidatos em ordem alfab\u00e9tica com inscri\u00e7\u00e3o homologada final para o processo seletivo\/2026 do curso de mestrado em Doen\u00e7as Tropicais e Infecciosas&#8221; use_icon=&#8221;on&#8221; font_icon=&#8221;&#x69;||divi||400&#8243; icon_placement=&#8221;left&#8221; content_max_width=&#8221;1100px&#8221; disabled_on=&#8221;off|off|off&#8221; admin_label=&#8221;Sinopse4&#8243; _builder_version=&#8221;4.25.1&#8243; _module_preset=&#8221;default&#8221; global_colors_info=&#8221;{}&#8221;]<a href=\"https:\/\/ppgmt.uea.edu.br\/wp-content\/uploads\/2025\/11\/Homologados.pdf\" rel=\"attachment wp-att-355900\">Baixar<\/a>[\/et_pb_blurb][et_pb_blurb title=&#8221;Rela\u00e7\u00e3o dos candidatos em ordem alfab\u00e9tica com inscri\u00e7\u00e3o n\u00e3o homologada com resultado final para o processo seletivo\/2026 do curso de mestrado em Doen\u00e7as Tropicais e Infecciosas&#8221; use_icon=&#8221;on&#8221; font_icon=&#8221;&#x69;||divi||400&#8243; icon_placement=&#8221;left&#8221; content_max_width=&#8221;1100px&#8221; disabled_on=&#8221;off|off|off&#8221; admin_label=&#8221;Sinopse5&#8243; _builder_version=&#8221;4.25.1&#8243; _module_preset=&#8221;default&#8221; global_colors_info=&#8221;{}&#8221;]<a href=\"https:\/\/ppgmt.uea.edu.br\/wp-content\/uploads\/2025\/11\/Nao-homologado.pdf\" rel=\"attachment wp-att-355901\">Baixar<\/a>[\/et_pb_blurb][et_pb_blurb title=&#8221;Rela\u00e7\u00e3o dos candidatos em ordem alfab\u00e9tica com inscri\u00e7\u00e3o homologada parcial para o processo seletivo\/2026 do curso de mestrado em Doen\u00e7as Tropicais e Infecciosas&#8221; use_icon=&#8221;on&#8221; font_icon=&#8221;&#x69;||divi||400&#8243; icon_placement=&#8221;left&#8221; content_max_width=&#8221;1100px&#8221; disabled_on=&#8221;off|off|off&#8221; admin_label=&#8221;Sinopse4&#8243; _builder_version=&#8221;4.25.1&#8243; _module_preset=&#8221;default&#8221; global_colors_info=&#8221;{}&#8221;]<a href=\"https:\/\/ppgmt.uea.edu.br\/wp-content\/uploads\/2025\/11\/Relacao_candidatos_parcialmente_homologados_2026_assinado-1-1.pdf\" rel=\"attachment wp-att-355883\">Baixar<\/a>[\/et_pb_blurb][et_pb_blurb title=&#8221;Rela\u00e7\u00e3o dos candidatos em ordem alfab\u00e9tica com inscri\u00e7\u00e3o n\u00e3o homologada com resultado parcial para o processo seletivo\/2026 do curso de mestrado em Doen\u00e7as Tropicais e Infecciosas&#8221; use_icon=&#8221;on&#8221; font_icon=&#8221;&#x69;||divi||400&#8243; icon_placement=&#8221;left&#8221; content_max_width=&#8221;1100px&#8221; disabled_on=&#8221;off|off|off&#8221; admin_label=&#8221;Sinopse5&#8243; _builder_version=&#8221;4.25.1&#8243; _module_preset=&#8221;default&#8221; global_colors_info=&#8221;{}&#8221;]<a href=\"https:\/\/ppgmt.uea.edu.br\/wp-content\/uploads\/2025\/11\/Relacao_dos_candidatos_NAO_homologados_Mestrado_2026_10711.pdf\" rel=\"attachment wp-att-355935\">Baixar<\/a>[\/et_pb_blurb][et_pb_text disabled_on=&#8221;off|off|off&#8221; admin_label=&#8221;Texto&#8221; _builder_version=&#8221;4.25.1&#8243; _module_preset=&#8221;default&#8221; global_colors_info=&#8221;{}&#8221;]<\/p>\n<blockquote>\n<h4><strong>RESULTADO DA 1\u00aa FASE<\/strong><\/h4>\n<\/blockquote>\n<p>[\/et_pb_text][et_pb_blurb title=&#8221;Rela\u00e7\u00e3o dos candidatos para segunda fase\/entrevista &#8211; processo seletivo\/2026 do curso de mestrado em doen\u00e7as tropicais e infecciosas&#8221; use_icon=&#8221;on&#8221; font_icon=&#8221;&#x69;||divi||400&#8243; icon_placement=&#8221;left&#8221; content_max_width=&#8221;1100px&#8221; disabled_on=&#8221;off|off|off&#8221; admin_label=&#8221;Sinopse5&#8243; _builder_version=&#8221;4.25.1&#8243; _module_preset=&#8221;default&#8221; global_colors_info=&#8221;{}&#8221;]<a href=\"https:\/\/ppgmt.uea.edu.br\/wp-content\/uploads\/2025\/11\/Relacao-dos-candidatos-para-segunda-fase-entrevista-5.pdf\" rel=\"attachment wp-att-355933\">Baixar<\/a>[\/et_pb_blurb][et_pb_blurb title=&#8221;Resultado final da primeira fase dos candidatos Aprovados, listados por ordem alfab\u00e9tica, no processo Seletivo do curso de mestrado em doen\u00e7as tropicais e Infecciosas \u2013 ano acad\u00eamico 2026.&#8221; use_icon=&#8221;on&#8221; font_icon=&#8221;&#x69;||divi||400&#8243; icon_placement=&#8221;left&#8221; content_max_width=&#8221;1100px&#8221; disabled_on=&#8221;off|off|off&#8221; admin_label=&#8221;Sinopse5&#8243; _builder_version=&#8221;4.25.1&#8243; _module_preset=&#8221;default&#8221; locked=&#8221;off&#8221; global_colors_info=&#8221;{}&#8221;]<a href=\"https:\/\/ppgmt.uea.edu.br\/wp-content\/uploads\/2025\/11\/Resultado-FINAL-DA-PRIMEIRA-FASE-COM-APTO.pdf\" rel=\"attachment wp-att-355926\">Baixar<\/a>[\/et_pb_blurb][et_pb_blurb title=&#8221;Resultado preliminar dos candidatos aprovados na primeira fase \u2013 prova de Ingl\u00eas, conhecimento em Doen\u00e7as Tropicais e Infecciosas e Metodologia Cient\u00edfica &#8211; processo seletivo do mestrado em Doen\u00e7as Tropicais e Infecciosas, Ano acad\u00eamico 2026 (Listagem em ordem alfab\u00e9tica).&#8221; use_icon=&#8221;on&#8221; font_icon=&#8221;&#x69;||divi||400&#8243; icon_placement=&#8221;left&#8221; content_max_width=&#8221;1100px&#8221; disabled_on=&#8221;off|off|off&#8221; admin_label=&#8221;Sinopse5&#8243; _builder_version=&#8221;4.25.1&#8243; _module_preset=&#8221;default&#8221; global_colors_info=&#8221;{}&#8221;]<a href=\"https:\/\/ppgmt.uea.edu.br\/wp-content\/uploads\/2025\/11\/RESULTADO-PRELIMINAR-DOS-CANDIDATOS-APROVADOS-NA-PRIMEIRA-FASE-2.pdf\" rel=\"attachment wp-att-355912\">Baixar<\/a>[\/et_pb_blurb][et_pb_blurb title=&#8221;Resultado preliminar dos candidatos n\u00e3o aprovados na primeira fase \u2013 prova de Ingl\u00eas, conhecimento na \u00e1rea de Doen\u00e7as Tropicais e Infecciosas e Metodologia Cient\u00edfica &#8211; processo seletivo do mestrado em Doen\u00e7as Tropicais e Infecciosas, Ano acad\u00eamico 2026.&#8221; use_icon=&#8221;on&#8221; font_icon=&#8221;&#x69;||divi||400&#8243; icon_placement=&#8221;left&#8221; content_max_width=&#8221;1100px&#8221; disabled_on=&#8221;off|off|off&#8221; admin_label=&#8221;Sinopse5&#8243; _builder_version=&#8221;4.25.1&#8243; _module_preset=&#8221;default&#8221; global_colors_info=&#8221;{}&#8221;]<a href=\"https:\/\/ppgmt.uea.edu.br\/wp-content\/uploads\/2025\/11\/RESULTADO-PRELIMINAR-DOS-CANDIDATOS-NAO-APROVADOS-NA-PRIMEIRA-FASE-3.pdf\" rel=\"attachment wp-att-355913\">Baixar<\/a>[\/et_pb_blurb][et_pb_text disabled_on=&#8221;off|off|off&#8221; admin_label=&#8221;Texto&#8221; _builder_version=&#8221;4.25.1&#8243; _module_preset=&#8221;default&#8221; global_colors_info=&#8221;{}&#8221;]<\/p>\n<blockquote>\n<h4><strong>RESULTADO DA 2\u00aa FASE<\/strong><\/h4>\n<\/blockquote>\n<p>[\/et_pb_text][et_pb_blurb title=&#8221;Resultado final da segunda fase &#8211; entrevista Dos candidatos aprovados por ordem alfab\u0117tica Processo seletivo do curso de mestrado em Doen\u00e7as Tropicais e Infecciosas ano acad\u00eamico 2026&#8243; use_icon=&#8221;on&#8221; font_icon=&#8221;&#x69;||divi||400&#8243; icon_placement=&#8221;left&#8221; content_max_width=&#8221;1100px&#8221; disabled_on=&#8221;off|off|off&#8221; admin_label=&#8221;Sinopse5&#8243; _builder_version=&#8221;4.25.1&#8243; _module_preset=&#8221;default&#8221; global_colors_info=&#8221;{}&#8221;]<a href=\"https:\/\/ppgmt.uea.edu.br\/wp-content\/uploads\/2025\/11\/3-FAS3_007429.pdf\" rel=\"attachment wp-att-355946\">Baixar<\/a>[\/et_pb_blurb][et_pb_blurb title=&#8221;Resultado preliminar da segunda fase &#8211; entrevista dos candidatos aprovados por ordem alfab\u0113tica Processo seletivo do curso de mestrado em doen\u00e7as tropicais e Infecciosas, ano acad\u00eamico 2026&#8243; use_icon=&#8221;on&#8221; font_icon=&#8221;&#x69;||divi||400&#8243; icon_placement=&#8221;left&#8221; content_max_width=&#8221;1100px&#8221; disabled_on=&#8221;off|off|off&#8221; admin_label=&#8221;Sinopse5&#8243; _builder_version=&#8221;4.25.1&#8243; _module_preset=&#8221;default&#8221; global_colors_info=&#8221;{}&#8221;]<a href=\"https:\/\/ppgmt.uea.edu.br\/wp-content\/uploads\/2025\/11\/RESULTADO-2-FASE_007422.pdf\" rel=\"attachment wp-att-355940\">Baixar<\/a>[\/et_pb_blurb][et_pb_text disabled_on=&#8221;off|off|off&#8221; admin_label=&#8221;Texto&#8221; _builder_version=&#8221;4.25.1&#8243; _module_preset=&#8221;default&#8221; global_colors_info=&#8221;{}&#8221;]<\/p>\n<blockquote>\n<h4><strong>RESULTADO DA 3\u00aa FASE\u00a0 E \u00daLTIMA FASE<\/strong><\/h4>\n<\/blockquote>\n<p>[\/et_pb_text][et_pb_blurb title=&#8221;Resultado final da 3\u00b0 e \u00faltima Fase do Processo Seletivo dos candidatos aprovados &#8211; curso de mestrado em Doen\u00e7as Tropicais e Infecciosas &#8211; turma 2025 \u2023 por ordem de classifica\u00e7\u00e3o&#8221; use_icon=&#8221;on&#8221; font_icon=&#8221;&#x69;||divi||400&#8243; icon_placement=&#8221;left&#8221; content_max_width=&#8221;1100px&#8221; disabled_on=&#8221;on|on|on&#8221; admin_label=&#8221;Sinopse5&#8243; _builder_version=&#8221;4.25.1&#8243; _module_preset=&#8221;default&#8221; hover_enabled=&#8221;0&#8243; disabled=&#8221;on&#8221; global_colors_info=&#8221;{}&#8221; sticky_enabled=&#8221;0&#8243;]<\/p>\n<p><a href=\"https:\/\/ppgmt.uea.edu.br\/wp-content\/uploads\/2024\/12\/BRNB4220084CCEB_000027-1.pdf\" rel=\"attachment wp-att-354847\" title=\"Anexo\">Anexo<\/a><\/p>\n<p>[\/et_pb_blurb][et_pb_blurb title=&#8221;Resultado preliminar da terceira fase dos candidatos aprovados no  Processo Seletivo curso de mestrado em Doen\u00e7as Tropicais E Infecciosas -Turma 2026, Por ordem alfab\u00e9tica&#8221; use_icon=&#8221;on&#8221; font_icon=&#8221;&#x69;||divi||400&#8243; icon_placement=&#8221;left&#8221; content_max_width=&#8221;1100px&#8221; disabled_on=&#8221;off|off|off&#8221; admin_label=&#8221;Sinopse5&#8243; _builder_version=&#8221;4.25.1&#8243; _module_preset=&#8221;default&#8221; global_colors_info=&#8221;{}&#8221;]<a href=\"https:\/\/ppgmt.uea.edu.br\/wp-content\/uploads\/2025\/11\/AA-3-FASE-ALFABETICA_007447.pdf\" rel=\"attachment wp-att-355967\">Baixar<\/a>[\/et_pb_blurb][et_pb_blurb title=&#8221;Resultado final da 3\u00b0 e \u00faltima Fase do Processo Seletivo dos candidatos aprovados &#8211; curso de mestrado em Doen\u00e7as Tropicais e Infecciosas &#8211; Turma 2026 \u2023 por ordem de classifica\u00e7\u00e3o&#8221; use_icon=&#8221;on&#8221; font_icon=&#8221;&#x69;||divi||400&#8243; icon_placement=&#8221;left&#8221; content_max_width=&#8221;1100px&#8221; disabled_on=&#8221;off|off|off&#8221; admin_label=&#8221;Sinopse5&#8243; _builder_version=&#8221;4.25.1&#8243; _module_preset=&#8221;default&#8221; hover_enabled=&#8221;0&#8243; global_colors_info=&#8221;{}&#8221; sticky_enabled=&#8221;0&#8243;]<\/p>\n<p><a href=\"https:\/\/ppgmt.uea.edu.br\/wp-content\/uploads\/2025\/12\/RESULTADO-FINAL_PS-MESTRADO-2026_007504.pdf\" rel=\"attachment wp-att-355980\">Baixar<\/a><\/p>\n<p>[\/et_pb_blurb][et_pb_text disabled_on=&#8221;off|off|off&#8221; admin_label=&#8221;Texto&#8221; _builder_version=&#8221;4.25.1&#8243; _module_preset=&#8221;default&#8221; global_colors_info=&#8221;{}&#8221;]<\/p>\n<blockquote>\n<h4><strong>RECURSO<\/strong><\/h4>\n<\/blockquote>\n<p>[\/et_pb_text][et_pb_blurb title=&#8221;Resultado do Recurso &#8211; Candidatos (as): Jessica Silva de Souza&#8221; use_icon=&#8221;on&#8221; font_icon=&#8221;&#x69;||divi||400&#8243; icon_placement=&#8221;left&#8221; content_max_width=&#8221;1100px&#8221; disabled_on=&#8221;on|on|on&#8221; admin_label=&#8221;Sinopse5&#8243; _builder_version=&#8221;4.25.1&#8243; _module_preset=&#8221;default&#8221; disabled=&#8221;on&#8221; global_colors_info=&#8221;{}&#8221;]<\/p>\n<p><a href=\"https:\/\/ppgmt.uea.edu.br\/wp-content\/uploads\/2025\/11\/RECURSO_007428.pdf\" rel=\"attachment wp-att-355948\">Baixar<\/a><\/p>\n<p>[\/et_pb_blurb][et_pb_blurb title=&#8221;Resultado do Recurso &#8211; Candidatos (as): Jean Michel Cavalcante Ribeiro, Let\u00edcia Siqueira Mena Barreto, Naiara Ramos de Albuquerque&#8221; use_icon=&#8221;on&#8221; font_icon=&#8221;&#x69;||divi||400&#8243; icon_placement=&#8221;left&#8221; content_max_width=&#8221;1100px&#8221; disabled_on=&#8221;off|off|off&#8221; admin_label=&#8221;Sinopse5&#8243; _builder_version=&#8221;4.25.1&#8243; _module_preset=&#8221;default&#8221; global_colors_info=&#8221;{}&#8221;]<a href=\"https:\/\/ppgmt.uea.edu.br\/wp-content\/uploads\/2025\/11\/Resultado-de-recurso-1-fase-m2026.pdf\" rel=\"attachment wp-att-355923\">Baixar<\/a>[\/et_pb_blurb][et_pb_blurb title=&#8221;Resultado do Recurso &#8211; Candidato (a): Jessica Silva de Souza&#8221; use_icon=&#8221;on&#8221; font_icon=&#8221;&#x69;||divi||400&#8243; icon_placement=&#8221;left&#8221; content_max_width=&#8221;1100px&#8221; disabled_on=&#8221;off|off|off&#8221; admin_label=&#8221;Sinopse5&#8243; _builder_version=&#8221;4.25.1&#8243; _module_preset=&#8221;default&#8221; global_colors_info=&#8221;{}&#8221;]<\/p>\n<p><a href=\"https:\/\/ppgmt.uea.edu.br\/wp-content\/uploads\/2025\/11\/RECURSO_007428.pdf\" rel=\"attachment wp-att-355948\">Baixar<\/a><\/p>\n<p>[\/et_pb_blurb][et_pb_blurb title=&#8221;Resultado do Recurso &#8211; Candidato (a): Helena Brand\u00e3o de Ara\u00fajo&#8221; use_icon=&#8221;on&#8221; font_icon=&#8221;&#x69;||divi||400&#8243; icon_placement=&#8221;left&#8221; content_max_width=&#8221;1100px&#8221; disabled_on=&#8221;off|off|off&#8221; admin_label=&#8221;Sinopse5&#8243; _builder_version=&#8221;4.25.1&#8243; _module_preset=&#8221;default&#8221; global_colors_info=&#8221;{}&#8221;]<a href=\"https:\/\/ppgmt.uea.edu.br\/wp-content\/uploads\/2025\/12\/RECUSO-3-FASE_007454.pdf\" rel=\"attachment wp-att-355971\">Baixar<\/a>[\/et_pb_blurb][\/et_pb_column][\/et_pb_row][\/et_pb_section]<\/p>\n","protected":false},"excerpt":{"rendered":"<p>EDITAL DE SELE\u00c7\u00c3O DE INGRESSO PARA O CURSO DE MESTRADO EM DOEN\u00c7AS TROPICAIS E INFECCIOSAS\u00a0 (Inscri\u00e7\u00f5es encerradas)Edital de Sele\u00e7\u00e3o n\u00ba117\/2025 &#8211; GR UEA -Mestrado em Doen\u00e7as Tropicais InfecciosasEdital n\u00ba117\/2025 &#8211; GR UEA &#8211; Mestrado em Doen\u00e7as Tropicais InfecciosasErrata do Edital n\u00ba117\/2025 &#8211; GR UEA ANEXOS &#8211; DOCUMENTOS AnexoAnexoAnexoAnexoAnexoPORTARIA N\u00ba 10712025 &#8211; GRUEA -Comiss\u00e3o de Sele\u00e7\u00e3o [&hellip;]<\/p>\n","protected":false},"author":1,"featured_media":0,"parent":0,"menu_order":0,"comment_status":"closed","ping_status":"closed","template":"","meta":{"_et_pb_use_builder":"on","_et_pb_old_content":"","_et_gb_content_width":"","footnotes":""},"class_list":["post-351346","page","type-page","status-publish","hentry"],"_links":{"self":[{"href":"https:\/\/ppgmt.uea.edu.br\/index.php\/wp-json\/wp\/v2\/pages\/351346","targetHints":{"allow":["GET"]}}],"collection":[{"href":"https:\/\/ppgmt.uea.edu.br\/index.php\/wp-json\/wp\/v2\/pages"}],"about":[{"href":"https:\/\/ppgmt.uea.edu.br\/index.php\/wp-json\/wp\/v2\/types\/page"}],"author":[{"embeddable":true,"href":"https:\/\/ppgmt.uea.edu.br\/index.php\/wp-json\/wp\/v2\/users\/1"}],"replies":[{"embeddable":true,"href":"https:\/\/ppgmt.uea.edu.br\/index.php\/wp-json\/wp\/v2\/comments?post=351346"}],"version-history":[{"count":180,"href":"https:\/\/ppgmt.uea.edu.br\/index.php\/wp-json\/wp\/v2\/pages\/351346\/revisions"}],"predecessor-version":[{"id":355981,"href":"https:\/\/ppgmt.uea.edu.br\/index.php\/wp-json\/wp\/v2\/pages\/351346\/revisions\/355981"}],"wp:attachment":[{"href":"https:\/\/ppgmt.uea.edu.br\/index.php\/wp-json\/wp\/v2\/media?parent=351346"}],"curies":[{"name":"wp","href":"https:\/\/api.w.org\/{rel}","templated":true}]}}