{"id":351012,"date":"2023-03-23T18:47:10","date_gmt":"2023-03-23T18:47:10","guid":{"rendered":"https:\/\/teste.somoscarv.com.br\/?page_id=351012"},"modified":"2026-02-12T11:03:51","modified_gmt":"2026-02-12T14:03:51","slug":"ppgmt-comissao-de-autoavaliacao","status":"publish","type":"page","link":"https:\/\/ppgmt.uea.edu.br\/index.php\/ppgmt-comissao-de-autoavaliacao\/","title":{"rendered":"PPGMT &#8211; Comiss\u00e3o de Autoavalia\u00e7\u00e3o"},"content":{"rendered":"<p>[et_pb_section fb_built=&#8221;1&#8243; next_background_color=&#8221;#f4f4f4&#8243; _builder_version=&#8221;4.16&#8243; _module_preset=&#8221;default&#8221; custom_padding=&#8221;0px||0px|||&#8221; bottom_divider_style=&#8221;wave2&#8243; bottom_divider_height=&#8221;70px&#8221; bottom_divider_arrangement=&#8221;above_content&#8221; global_colors_info=&#8221;{}&#8221;][et_pb_row _builder_version=&#8221;4.16&#8243; _module_preset=&#8221;default&#8221; width=&#8221;100%&#8221; max_width=&#8221;100%&#8221; custom_padding=&#8221;0px||0px||false|false&#8221; global_colors_info=&#8221;{}&#8221;][et_pb_column type=&#8221;4_4&#8243; _builder_version=&#8221;4.16&#8243; _module_preset=&#8221;default&#8221; global_colors_info=&#8221;{}&#8221;][et_pb_slider arrows_custom_color=&#8221;#000000&#8243; dot_nav_custom_color=&#8221;#000000&#8243; _builder_version=&#8221;4.16&#8243; _module_preset=&#8221;default&#8221; header_font=&#8221;Carrois Gothic SC|700||on|||||&#8221; header_text_color=&#8221;#136334&#8243; background_color=&#8221;#FFFFFF&#8221; custom_padding=&#8221;10%||10%||true|false&#8221; global_colors_info=&#8221;{}&#8221;][et_pb_slide heading=&#8221;Comiss\u00e3o de Autoavalia\u00e7\u00e3o&#8221; _builder_version=&#8221;4.16&#8243; _module_preset=&#8221;default&#8221; background_enable_color=&#8221;off&#8221; background_image=&#8221;https:\/\/teste.somoscarv.com.br\/wp-content\/uploads\/2023\/01\/Ativo-4.png&#8221; background_enable_image=&#8221;on&#8221; global_colors_info=&#8221;{}&#8221; sticky_transition=&#8221;on&#8221;][\/et_pb_slide][\/et_pb_slider][\/et_pb_column][\/et_pb_row][\/et_pb_section][et_pb_section fb_built=&#8221;1&#8243; _builder_version=&#8221;4.16&#8243; _module_preset=&#8221;default&#8221; background_color=&#8221;#f4f4f4&#8243; custom_padding=&#8221;50px||50px||true|&#8221; global_colors_info=&#8221;{}&#8221;][et_pb_row _builder_version=&#8221;4.21.2&#8243; _module_preset=&#8221;default&#8221; locked=&#8221;off&#8221; global_colors_info=&#8221;{}&#8221;][et_pb_column type=&#8221;4_4&#8243; _builder_version=&#8221;4.21.2&#8243; _module_preset=&#8221;default&#8221; global_colors_info=&#8221;{}&#8221;][et_pb_text _builder_version=&#8221;4.25.1&#8243; _module_preset=&#8221;default&#8221; text_font=&#8221;Poppins||||||||&#8221; text_font_size=&#8221;16px&#8221; header_2_font=&#8221;Carrois Gothic SC|700|||||||&#8221; header_2_text_color=&#8221;#136334&#8243; header_3_font=&#8221;Carrois Gothic SC|700|||||||&#8221; global_colors_info=&#8221;{}&#8221;]<\/p>\n<blockquote>\n<h3>PORTARIA N\u00ba 041\/2026 &#8211; GR\/UEA<\/h3>\n<\/blockquote>\n<p>[\/et_pb_text][et_pb_blurb title=&#8221;Comiss\u00e3o Interna de Autoavalia\u00e7\u00e3o do PPGMT&#8221; use_icon=&#8221;on&#8221; font_icon=&#8221;&#xf019;||fa||900&#8243; icon_placement=&#8221;left&#8221; content_max_width=&#8221;1100px&#8221; _builder_version=&#8221;4.25.1&#8243; _module_preset=&#8221;default&#8221; global_colors_info=&#8221;{}&#8221;]<a href=\"https:\/\/ppgmt.uea.edu.br\/wp-content\/uploads\/2026\/01\/01.02.011304.001495_2026_21_Portaria.pdf\" rel=\"attachment wp-att-355175\">BAIXAR<\/a>[\/et_pb_blurb][\/et_pb_column][\/et_pb_row][et_pb_row _builder_version=&#8221;4.21.2&#8243; _module_preset=&#8221;default&#8221; locked=&#8221;off&#8221; global_colors_info=&#8221;{}&#8221;][et_pb_column type=&#8221;4_4&#8243; _builder_version=&#8221;4.21.2&#8243; _module_preset=&#8221;default&#8221; global_colors_info=&#8221;{}&#8221;][et_pb_text _builder_version=&#8221;4.21.2&#8243; _module_preset=&#8221;default&#8221; text_font=&#8221;Poppins||||||||&#8221; text_font_size=&#8221;16px&#8221; header_2_font=&#8221;Carrois Gothic SC|700|||||||&#8221; header_2_text_color=&#8221;#136334&#8243; header_3_font=&#8221;Carrois Gothic SC|700|||||||&#8221; global_colors_info=&#8221;{}&#8221;]<\/p>\n<blockquote>\n<h3>MEMBRO DOCENTE INTERNO<\/h3>\n<\/blockquote>\n<p>[\/et_pb_text][\/et_pb_column][\/et_pb_row][et_pb_row column_structure=&#8221;1_3,1_3,1_3&#8243; _builder_version=&#8221;4.21.2&#8243; _module_preset=&#8221;default&#8221; global_colors_info=&#8221;{}&#8221;][et_pb_column type=&#8221;1_3&#8243; _builder_version=&#8221;4.21.2&#8243; _module_preset=&#8221;default&#8221; global_colors_info=&#8221;{}&#8221;][et_pb_blurb title=&#8221;Prof\u00aa. Dra. Gisely Cardoso de Melo (Presidente)&#8221; image=&#8221;https:\/\/ppgmt.uea.edu.br\/wp-content\/uploads\/2026\/02\/WhatsApp-Image-2026-02-12-at-09.39.40.jpeg&#8221; content_max_width=&#8221;1100px&#8221; _builder_version=&#8221;4.25.1&#8243; _module_preset=&#8221;default&#8221; header_font=&#8221;Poppins||||||||&#8221; header_text_align=&#8221;left&#8221; hover_enabled=&#8221;0&#8243; locked=&#8221;off&#8221; global_colors_info=&#8221;{}&#8221; title_text=&#8221;WhatsApp Image 2026-02-12 at 09.39.40&#8243; sticky_enabled=&#8221;0&#8243;]<\/p>\n<p><a href=\"http:\/\/lattes.cnpq.br\/5566457348830121\">Curriculo Lattes<\/a><\/p>\n<p>[\/et_pb_blurb][et_pb_blurb title=&#8221;Prof. Dr. Wuelton Marcelo Monteiro&#8221; image=&#8221;http:\/\/ppgmt.uea.edu.br\/wp-content\/uploads\/2023\/08\/Wuelton-Marcelo-Monteiro.jpg&#8221; _builder_version=&#8221;4.21.2&#8243; _module_preset=&#8221;default&#8221; header_font=&#8221;Poppins||||||||&#8221; header_text_align=&#8221;left&#8221; body_font=&#8221;Poppins||||||||&#8221; body_text_align=&#8221;left&#8221; locked=&#8221;off&#8221; global_colors_info=&#8221;{}&#8221;]<\/p>\n<p><a href=\"http:\/\/buscatextual.cnpq.br\/buscatextual\/visualizacv.do?id=K4774160A5\" target=\"_blank\" rel=\"noopener\">Curr\u00edculo Lattes<\/a><\/p>\n<p>[\/et_pb_blurb][\/et_pb_column][et_pb_column type=&#8221;1_3&#8243; _builder_version=&#8221;4.21.2&#8243; _module_preset=&#8221;default&#8221; global_colors_info=&#8221;{}&#8221;][et_pb_blurb title=&#8221;Prof. Dr. Fernando Fonseca de Almeida e Val&#8221; image=&#8221;http:\/\/ppgmt.uea.edu.br\/wp-content\/uploads\/2023\/08\/Fernando-Fonseca-de-Almeida-e-Val.jpeg&#8221; content_max_width=&#8221;1100px&#8221; _builder_version=&#8221;4.21.2&#8243; _module_preset=&#8221;default&#8221; header_font=&#8221;Poppins||||||||&#8221; header_text_align=&#8221;left&#8221; locked=&#8221;off&#8221; global_colors_info=&#8221;{}&#8221;]<\/p>\n<p><a href=\"http:\/\/buscatextual.cnpq.br\/buscatextual\/visualizacv.do?id=K4243563E8\">Curriculo Lattes<\/a><\/p>\n<p>[\/et_pb_blurb][et_pb_blurb title=&#8221;Prof\u00aa. Dra. Flor Ernestina Martinez Espinosa&#8221; image=&#8221;http:\/\/ppgmt.uea.edu.br\/wp-content\/uploads\/2023\/08\/Flor-Ernestina-Martinez-Espinosa.jpg&#8221; _builder_version=&#8221;4.21.2&#8243; _module_preset=&#8221;default&#8221; header_font=&#8221;Poppins||||||||&#8221; header_text_align=&#8221;left&#8221; body_font=&#8221;Poppins||||||||&#8221; body_text_align=&#8221;left&#8221; locked=&#8221;off&#8221; global_colors_info=&#8221;{}&#8221;]<\/p>\n<p><a href=\"http:\/\/buscatextual.cnpq.br\/buscatextual\/visualizacv.do?id=K4763177E7\" target=\"_blank\" rel=\"noopener\">Curr\u00edculo Lattes<\/a><\/p>\n<p>[\/et_pb_blurb][\/et_pb_column][et_pb_column type=&#8221;1_3&#8243; _builder_version=&#8221;4.21.2&#8243; _module_preset=&#8221;default&#8221; global_colors_info=&#8221;{}&#8221;][et_pb_blurb title=&#8221;Prof\u00aa. Dra. Camila Helena Aguiar B\u00f4tto de Menezes&#8221; image=&#8221;https:\/\/ppgmt.uea.edu.br\/wp-content\/uploads\/2023\/08\/Camila-Helena-Aguiar-Botto-de-Menezes.jpg&#8221; content_max_width=&#8221;1100px&#8221; disabled_on=&#8221;on|on|on&#8221; _builder_version=&#8221;4.25.1&#8243; _module_preset=&#8221;default&#8221; disabled=&#8221;on&#8221; global_colors_info=&#8221;{}&#8221;]<\/p>\n<p><a href=\"http:\/\/lattes.cnpq.br\/2650427081350436\" target=\"_blank\" rel=\"noopener\">Curriculo Lattes<\/a><\/p>\n<p>[\/et_pb_blurb][\/et_pb_column][\/et_pb_row][et_pb_row _builder_version=&#8221;4.21.2&#8243; _module_preset=&#8221;default&#8221; locked=&#8221;off&#8221; global_colors_info=&#8221;{}&#8221;][et_pb_column type=&#8221;4_4&#8243; _builder_version=&#8221;4.21.2&#8243; _module_preset=&#8221;default&#8221; global_colors_info=&#8221;{}&#8221;][et_pb_text _builder_version=&#8221;4.21.2&#8243; _module_preset=&#8221;default&#8221; text_font=&#8221;Poppins||||||||&#8221; text_font_size=&#8221;16px&#8221; header_2_font=&#8221;Carrois Gothic SC|700|||||||&#8221; header_2_text_color=&#8221;#136334&#8243; header_3_font=&#8221;Carrois Gothic SC|700|||||||&#8221; global_colors_info=&#8221;{}&#8221;]<\/p>\n<blockquote>\n<h3>MEMBRO DOCENTE EXTERNO<\/h3>\n<\/blockquote>\n<p>[\/et_pb_text][\/et_pb_column][\/et_pb_row][et_pb_row column_structure=&#8221;1_3,1_3,1_3&#8243; _builder_version=&#8221;4.21.2&#8243; _module_preset=&#8221;default&#8221; global_colors_info=&#8221;{}&#8221;][et_pb_column type=&#8221;1_3&#8243; _builder_version=&#8221;4.21.2&#8243; _module_preset=&#8221;default&#8221; global_colors_info=&#8221;{}&#8221;][et_pb_blurb title=&#8221;Prof\u00aa. Dra. Andr\u00e9a Monteiro Tarrag\u00f4&#8221; image=&#8221;https:\/\/ppgmt.uea.edu.br\/wp-content\/uploads\/2025\/02\/Captura-de-tela-2025-02-11-105505.png&#8221; _builder_version=&#8221;4.25.1&#8243; _module_preset=&#8221;default&#8221; header_font=&#8221;Poppins||||||||&#8221; header_text_align=&#8221;left&#8221; body_font=&#8221;Poppins||||||||&#8221; body_text_align=&#8221;left&#8221; locked=&#8221;off&#8221; global_colors_info=&#8221;{}&#8221;]<\/p>\n<p><a href=\"http:\/\/lattes.cnpq.br\/4644326589690231\" target=\"_blank\" rel=\"noopener\">Curr\u00edculo Lattes<\/a><\/p>\n<p>[\/et_pb_blurb][\/et_pb_column][et_pb_column type=&#8221;1_3&#8243; _builder_version=&#8221;4.21.2&#8243; _module_preset=&#8221;default&#8221; global_colors_info=&#8221;{}&#8221;][et_pb_blurb title=&#8221;Prof\u00aa. Dra. Fan Hui Wen&#8221; image=&#8221;https:\/\/ppgmt.uea.edu.br\/wp-content\/uploads\/2024\/07\/0-e3db487e-9a57-42be-8e5b-d27bad7a38f9-520&#215;592.jpg&#8221; _builder_version=&#8221;4.25.1&#8243; _module_preset=&#8221;default&#8221; header_font=&#8221;Poppins||||||||&#8221; header_text_align=&#8221;left&#8221; body_font=&#8221;Poppins||||||||&#8221; body_text_align=&#8221;left&#8221; min_height=&#8221;429.6px&#8221; custom_padding=&#8221;0px|||||&#8221; locked=&#8221;off&#8221; global_colors_info=&#8221;{}&#8221;]<\/p>\n<p><a href=\"http:\/\/lattes.cnpq.br\/0151036146060526\" target=\"_blank\" rel=\"noopener\">Curr\u00edculo Lattes<\/a><\/p>\n<p>[\/et_pb_blurb][\/et_pb_column][et_pb_column type=&#8221;1_3&#8243; _builder_version=&#8221;4.21.2&#8243; _module_preset=&#8221;default&#8221; global_colors_info=&#8221;{}&#8221;][\/et_pb_column][\/et_pb_row][et_pb_row _builder_version=&#8221;4.21.2&#8243; _module_preset=&#8221;default&#8221; locked=&#8221;off&#8221; global_colors_info=&#8221;{}&#8221;][et_pb_column type=&#8221;4_4&#8243; _builder_version=&#8221;4.21.2&#8243; _module_preset=&#8221;default&#8221; global_colors_info=&#8221;{}&#8221;][et_pb_text _builder_version=&#8221;4.21.2&#8243; _module_preset=&#8221;default&#8221; text_font=&#8221;Poppins||||||||&#8221; text_font_size=&#8221;16px&#8221; header_2_font=&#8221;Carrois Gothic SC|700|||||||&#8221; header_2_text_color=&#8221;#136334&#8243; header_3_font=&#8221;Carrois Gothic SC|700|||||||&#8221; global_colors_info=&#8221;{}&#8221;]<\/p>\n<blockquote>\n<h3>MEMBRO DISCENTE<\/h3>\n<\/blockquote>\n<p>[\/et_pb_text][\/et_pb_column][\/et_pb_row][et_pb_row column_structure=&#8221;1_3,1_3,1_3&#8243; _builder_version=&#8221;4.21.2&#8243; _module_preset=&#8221;default&#8221; global_colors_info=&#8221;{}&#8221;][et_pb_column type=&#8221;1_3&#8243; _builder_version=&#8221;4.21.2&#8243; _module_preset=&#8221;default&#8221; global_colors_info=&#8221;{}&#8221;][et_pb_blurb title=&#8221;Renata Farias de Araujo&#8221; image=&#8221;https:\/\/ppgmt.uea.edu.br\/wp-content\/uploads\/2026\/01\/WhatsApp-Image-2026-01-05-at-13.26.36.jpeg&#8221; content_max_width=&#8221;1100px&#8221; _builder_version=&#8221;4.25.1&#8243; _module_preset=&#8221;default&#8221; header_font=&#8221;Poppins||||||||&#8221; header_text_align=&#8221;left&#8221; locked=&#8221;off&#8221; global_colors_info=&#8221;{}&#8221;]<a href=\"http:\/\/lattes.cnpq.br\/6971119083266133\">Curriculo Lattes<\/a>[\/et_pb_blurb][\/et_pb_column][et_pb_column type=&#8221;1_3&#8243; _builder_version=&#8221;4.21.2&#8243; _module_preset=&#8221;default&#8221; global_colors_info=&#8221;{}&#8221;][\/et_pb_column][et_pb_column type=&#8221;1_3&#8243; _builder_version=&#8221;4.21.2&#8243; _module_preset=&#8221;default&#8221; global_colors_info=&#8221;{}&#8221;][\/et_pb_column][\/et_pb_row][\/et_pb_section]<\/p>\n","protected":false},"excerpt":{"rendered":"<p>PORTARIA N\u00ba 041\/2026 &#8211; GR\/UEA BAIXAR MEMBRO DOCENTE INTERNO Curriculo LattesCurr\u00edculo LattesCurriculo LattesCurr\u00edculo LattesCurriculo Lattes MEMBRO DOCENTE EXTERNO Curr\u00edculo LattesCurr\u00edculo Lattes MEMBRO DISCENTE Curriculo Lattes<\/p>\n","protected":false},"author":1,"featured_media":0,"parent":0,"menu_order":0,"comment_status":"closed","ping_status":"closed","template":"","meta":{"_et_pb_use_builder":"on","_et_pb_old_content":"","_et_gb_content_width":"","footnotes":""},"class_list":["post-351012","page","type-page","status-publish","hentry"],"_links":{"self":[{"href":"https:\/\/ppgmt.uea.edu.br\/index.php\/wp-json\/wp\/v2\/pages\/351012","targetHints":{"allow":["GET"]}}],"collection":[{"href":"https:\/\/ppgmt.uea.edu.br\/index.php\/wp-json\/wp\/v2\/pages"}],"about":[{"href":"https:\/\/ppgmt.uea.edu.br\/index.php\/wp-json\/wp\/v2\/types\/page"}],"author":[{"embeddable":true,"href":"https:\/\/ppgmt.uea.edu.br\/index.php\/wp-json\/wp\/v2\/users\/1"}],"replies":[{"embeddable":true,"href":"https:\/\/ppgmt.uea.edu.br\/index.php\/wp-json\/wp\/v2\/comments?post=351012"}],"version-history":[{"count":19,"href":"https:\/\/ppgmt.uea.edu.br\/index.php\/wp-json\/wp\/v2\/pages\/351012\/revisions"}],"predecessor-version":[{"id":356142,"href":"https:\/\/ppgmt.uea.edu.br\/index.php\/wp-json\/wp\/v2\/pages\/351012\/revisions\/356142"}],"wp:attachment":[{"href":"https:\/\/ppgmt.uea.edu.br\/index.php\/wp-json\/wp\/v2\/media?parent=351012"}],"curies":[{"name":"wp","href":"https:\/\/api.w.org\/{rel}","templated":true}]}}