{"id":354360,"date":"2024-07-26T06:44:00","date_gmt":"2024-07-26T09:44:00","guid":{"rendered":"https:\/\/ppgmt.uea.edu.br\/?page_id=354360"},"modified":"2024-07-26T09:19:48","modified_gmt":"2024-07-26T12:19:48","slug":"missao-visao-e-valores","status":"publish","type":"page","link":"http:\/\/ppgmt.uea.edu.br\/index.php\/missao-visao-e-valores\/","title":{"rendered":"Miss\u00e3o, Vis\u00e3o e Valores"},"content":{"rendered":"<p>[et_pb_section fb_built=&#8221;1&#8243; theme_builder_area=&#8221;post_content&#8221; _builder_version=&#8221;4.25.1&#8243; _module_preset=&#8221;default&#8221;][et_pb_row _builder_version=&#8221;4.25.1&#8243; _module_preset=&#8221;default&#8221; theme_builder_area=&#8221;post_content&#8221;][et_pb_column _builder_version=&#8221;4.25.1&#8243; _module_preset=&#8221;default&#8221; type=&#8221;4_4&#8243; theme_builder_area=&#8221;post_content&#8221;][et_pb_heading _builder_version=&#8221;4.25.1&#8243; _module_preset=&#8221;default&#8221; hover_enabled=&#8221;0&#8243; global_colors_info=&#8221;{%22gcid-9fbc205b-844f-4885-9a0d-616217ca3a22%22:%91%22title_text_color%22%93}&#8221; title=&#8221;MISS\u00c3O, VIS\u00c3O E VALORES&#8221; title_text_color=&#8221;gcid-9fbc205b-844f-4885-9a0d-616217ca3a22&#8243; sticky_enabled=&#8221;0&#8243; theme_builder_area=&#8221;post_content&#8221; title_font=&#8221;Montserrat|800|||||||&#8221; title_text_align=&#8221;center&#8221; title_font_size=&#8221;32px&#8221; title_text_shadow_style=&#8221;preset4&#8243; title_text_shadow_vertical_length=&#8221;0.07em&#8221;][\/et_pb_heading][\/et_pb_column][\/et_pb_row][\/et_pb_section][et_pb_section fb_built=&#8221;1&#8243; _builder_version=&#8221;4.25.1&#8243; _module_preset=&#8221;default&#8221; global_colors_info=&#8221;{}&#8221;][et_pb_row column_structure=&#8221;1_3,1_3,1_3&#8243; _builder_version=&#8221;4.25.1&#8243; _module_preset=&#8221;default&#8221; global_colors_info=&#8221;{}&#8221;][et_pb_column type=&#8221;1_3&#8243; _builder_version=&#8221;4.25.1&#8243; _module_preset=&#8221;default&#8221; global_colors_info=&#8221;{}&#8221;][et_pb_heading _builder_version=&#8221;4.25.1&#8243; _module_preset=&#8221;default&#8221; hover_enabled=&#8221;0&#8243; global_colors_info=&#8221;{%22gcid-9fbc205b-844f-4885-9a0d-616217ca3a22%22:%91%22title_text_color%22%93}&#8221; title=&#8221;Miss\u00e3o&#8221; title_font=&#8221;|700|||||||&#8221; title_text_color=&#8221;gcid-9fbc205b-844f-4885-9a0d-616217ca3a22&#8243; title_text_align=&#8221;center&#8221; title_font_size=&#8221;31px&#8221; sticky_enabled=&#8221;0&#8243;][\/et_pb_heading][et_pb_text _builder_version=&#8221;4.25.1&#8243; _module_preset=&#8221;default&#8221; hover_enabled=&#8221;0&#8243; global_colors_info=&#8221;{%22gcid-primary-color%22:%91%22text_text_color%22%93}&#8221; sticky_enabled=&#8221;0&#8243; header_font=&#8221;|600|||||||&#8221; text_font=&#8221;|600|||||||&#8221; text_text_color=&#8221;gcid-primary-color&#8221; text_font_size=&#8221;16px&#8221;]<\/p>\n<p>Formar recursos humanos de excel\u00eancia para o exerc\u00edcio do ensino, pesquisa cient\u00edfica, inova\u00e7\u00e3o tecnol\u00f3gica e social na \u00e1rea das doen\u00e7as tropicais e infecciosas com foco na caracteriza\u00e7\u00e3o e resolu\u00e7\u00e3o de problemas de sa\u00fade prevalentes na Amaz\u00f4nia.<\/p>\n<p>[\/et_pb_text][\/et_pb_column][et_pb_column type=&#8221;1_3&#8243; _builder_version=&#8221;4.25.1&#8243; _module_preset=&#8221;default&#8221; global_colors_info=&#8221;{}&#8221;][et_pb_heading _builder_version=&#8221;4.25.1&#8243; _module_preset=&#8221;default&#8221; hover_enabled=&#8221;0&#8243; global_colors_info=&#8221;{%22gcid-9fbc205b-844f-4885-9a0d-616217ca3a22%22:%91%22title_text_color%22%93}&#8221; title=&#8221;Vis\u00e3o&#8221; title_font=&#8221;|700|||||||&#8221; title_text_color=&#8221;gcid-9fbc205b-844f-4885-9a0d-616217ca3a22&#8243; title_text_align=&#8221;center&#8221; title_font_size=&#8221;31px&#8221; sticky_enabled=&#8221;0&#8243;][\/et_pb_heading][et_pb_text _builder_version=&#8221;4.25.1&#8243; _module_preset=&#8221;default&#8221; hover_enabled=&#8221;0&#8243; global_colors_info=&#8221;{%22gcid-primary-color%22:%91%22text_text_color%22%93}&#8221; sticky_enabled=&#8221;0&#8243; header_font=&#8221;|600|||||||&#8221; text_font=&#8221;|600|||||||&#8221; text_text_color=&#8221;gcid-primary-color&#8221; text_font_size=&#8221;16px&#8221;]<\/p>\n<p>Ser um programa internacionalmente reconhecido por sua excel\u00eancia na produ\u00e7\u00e3o de evid\u00eancias cient\u00edficas para a caracteriza\u00e7\u00e3o e resolu\u00e7\u00e3o dos problemas de sa\u00fade relacionados \u00e0s doen\u00e7as tropicais e infecciosas com foco no bem-estar das popula\u00e7\u00f5es da Amaz\u00f4nia.<\/p>\n<p>[\/et_pb_text][\/et_pb_column][et_pb_column type=&#8221;1_3&#8243; _builder_version=&#8221;4.25.1&#8243; _module_preset=&#8221;default&#8221; global_colors_info=&#8221;{}&#8221;][et_pb_heading _builder_version=&#8221;4.25.1&#8243; _module_preset=&#8221;default&#8221; hover_enabled=&#8221;0&#8243; global_colors_info=&#8221;{%22gcid-9fbc205b-844f-4885-9a0d-616217ca3a22%22:%91%22title_text_color%22%93}&#8221; title=&#8221;Valores&#8221; title_font=&#8221;|700|||||||&#8221; title_text_color=&#8221;gcid-9fbc205b-844f-4885-9a0d-616217ca3a22&#8243; title_text_align=&#8221;center&#8221; title_font_size=&#8221;31px&#8221; sticky_enabled=&#8221;0&#8243;][\/et_pb_heading][et_pb_text _builder_version=&#8221;4.25.1&#8243; _module_preset=&#8221;default&#8221; hover_enabled=&#8221;0&#8243; global_colors_info=&#8221;{%22gcid-primary-color%22:%91%22text_text_color%22%93}&#8221; sticky_enabled=&#8221;0&#8243; header_font=&#8221;|600|||||||&#8221; text_font=&#8221;|600|||||||&#8221; text_text_color=&#8221;gcid-primary-color&#8221; text_font_size=&#8221;16px&#8221;]<\/p>\n<ul>\n<li>Redu\u00e7\u00e3o de assimetrias<\/li>\n<li>Forma\u00e7\u00e3o de lideran\u00e7as cient\u00edficas<\/li>\n<li>Coopera\u00e7\u00e3o<\/li>\n<li>Inova\u00e7\u00e3o<\/li>\n<li>Compromisso \u00e9tico e social<\/li>\n<li>Qualidade acad\u00eamica<\/li>\n<li>Sustentabilidade<\/li>\n<li>Interdisciplinaridade<\/li>\n<\/ul>\n<p>[\/et_pb_text][\/et_pb_column][\/et_pb_row][\/et_pb_section]<\/p>\n","protected":false},"excerpt":{"rendered":"<p>Formar recursos humanos de excel\u00eancia para o exerc\u00edcio do ensino, pesquisa cient\u00edfica, inova\u00e7\u00e3o tecnol\u00f3gica e social na \u00e1rea das doen\u00e7as tropicais e infecciosas com foco na caracteriza\u00e7\u00e3o e resolu\u00e7\u00e3o de problemas de sa\u00fade prevalentes na Amaz\u00f4nia.Ser um programa internacionalmente reconhecido por sua excel\u00eancia na produ\u00e7\u00e3o de evid\u00eancias cient\u00edficas para a caracteriza\u00e7\u00e3o e resolu\u00e7\u00e3o dos problemas [&hellip;]<\/p>\n","protected":false},"author":1,"featured_media":0,"parent":0,"menu_order":0,"comment_status":"closed","ping_status":"closed","template":"","meta":{"_et_pb_use_builder":"on","_et_pb_old_content":"","_et_gb_content_width":"","footnotes":""},"class_list":["post-354360","page","type-page","status-publish","hentry"],"_links":{"self":[{"href":"http:\/\/ppgmt.uea.edu.br\/index.php\/wp-json\/wp\/v2\/pages\/354360","targetHints":{"allow":["GET"]}}],"collection":[{"href":"http:\/\/ppgmt.uea.edu.br\/index.php\/wp-json\/wp\/v2\/pages"}],"about":[{"href":"http:\/\/ppgmt.uea.edu.br\/index.php\/wp-json\/wp\/v2\/types\/page"}],"author":[{"embeddable":true,"href":"http:\/\/ppgmt.uea.edu.br\/index.php\/wp-json\/wp\/v2\/users\/1"}],"replies":[{"embeddable":true,"href":"http:\/\/ppgmt.uea.edu.br\/index.php\/wp-json\/wp\/v2\/comments?post=354360"}],"version-history":[{"count":13,"href":"http:\/\/ppgmt.uea.edu.br\/index.php\/wp-json\/wp\/v2\/pages\/354360\/revisions"}],"predecessor-version":[{"id":354403,"href":"http:\/\/ppgmt.uea.edu.br\/index.php\/wp-json\/wp\/v2\/pages\/354360\/revisions\/354403"}],"wp:attachment":[{"href":"http:\/\/ppgmt.uea.edu.br\/index.php\/wp-json\/wp\/v2\/media?parent=354360"}],"curies":[{"name":"wp","href":"https:\/\/api.w.org\/{rel}","templated":true}]}}