{"id":353956,"date":"2024-05-18T22:06:38","date_gmt":"2024-05-19T01:06:38","guid":{"rendered":"https:\/\/ppgmt.uea.edu.br\/?page_id=353956"},"modified":"2024-05-21T11:56:48","modified_gmt":"2024-05-21T14:56:48","slug":"ppgmt-labdata","status":"publish","type":"page","link":"http:\/\/ppgmt.uea.edu.br\/index.php\/ppgmt-labdata\/","title":{"rendered":"PPGMT &#8211; LaBData"},"content":{"rendered":"<p>[et_pb_section fb_built=&#8221;1&#8243; next_background_color=&#8221;#f4f4f4&#8243; _builder_version=&#8221;4.16&#8243; _module_preset=&#8221;default&#8221; custom_padding=&#8221;0px||0px|||&#8221; bottom_divider_style=&#8221;wave2&#8243; bottom_divider_height=&#8221;70px&#8221; bottom_divider_arrangement=&#8221;above_content&#8221; collapsed=&#8221;on&#8221; global_colors_info=&#8221;{}&#8221;][et_pb_row custom_padding_last_edited=&#8221;on|phone&#8221; _builder_version=&#8221;4.24.2&#8243; _module_preset=&#8221;default&#8221; width=&#8221;100%&#8221; max_width=&#8221;100%&#8221; custom_padding=&#8221;0px||0px||false|false&#8221; custom_padding_tablet=&#8221;0px||0px||false|false&#8221; custom_padding_phone=&#8221;15px||15px||false|false&#8221; global_colors_info=&#8221;{}&#8221;][et_pb_column type=&#8221;4_4&#8243; _builder_version=&#8221;4.16&#8243; _module_preset=&#8221;default&#8221; global_colors_info=&#8221;{}&#8221;][et_pb_slider arrows_custom_color=&#8221;#000000&#8243; dot_nav_custom_color=&#8221;#000000&#8243; _builder_version=&#8221;4.25.1&#8243; _module_preset=&#8221;default&#8221; header_font=&#8221;Carrois Gothic SC|700||on|||||&#8221; header_text_color=&#8221;#136334&#8243; background_color=&#8221;#FFFFFF&#8221; custom_padding=&#8221;10%||10%||true|false&#8221; custom_padding_tablet=&#8221;10%||10%||true|false&#8221; custom_padding_phone=&#8221;15%||15%||true|false&#8221; custom_padding_last_edited=&#8221;on|phone&#8221; global_colors_info=&#8221;{}&#8221;][et_pb_slide heading=&#8221;Laborat\u00f3rio de Ci\u00eancia de Dados &#8211; LaBData&#8221; _builder_version=&#8221;4.25.1&#8243; _module_preset=&#8221;default&#8221; header_line_height=&#8221;1.3em&#8221; background_enable_color=&#8221;off&#8221; background_image=&#8221;https:\/\/teste.somoscarv.com.br\/wp-content\/uploads\/2023\/01\/Ativo-4.png&#8221; background_enable_image=&#8221;on&#8221; global_colors_info=&#8221;{}&#8221; sticky_transition=&#8221;on&#8221;][\/et_pb_slide][\/et_pb_slider][\/et_pb_column][\/et_pb_row][\/et_pb_section][et_pb_section fb_built=&#8221;1&#8243; _builder_version=&#8221;4.16&#8243; _module_preset=&#8221;default&#8221; background_color=&#8221;#f4f4f4&#8243; custom_padding=&#8221;0px||0px||true|&#8221; locked=&#8221;off&#8221; collapsed=&#8221;on&#8221; global_colors_info=&#8221;{}&#8221;][et_pb_row _builder_version=&#8221;4.16&#8243; _module_preset=&#8221;default&#8221; global_colors_info=&#8221;{}&#8221;][et_pb_column type=&#8221;4_4&#8243; _builder_version=&#8221;4.16&#8243; _module_preset=&#8221;default&#8221; global_colors_info=&#8221;{}&#8221;][et_pb_text _builder_version=&#8221;4.25.1&#8243; _module_preset=&#8221;default&#8221; global_colors_info=&#8221;{}&#8221;]<\/p>\n<p><span style=\"font-weight: 400;\">O LaBData \u00e9 um grupo de pesquisa multidisciplinar dedicado \u00e0 coleta, gerenciamento e an\u00e1lise de dados com alta qualidade na produ\u00e7\u00e3o de evid\u00eancias. Nossa miss\u00e3o \u00e9 promover a confiabilidade, reprodutibilidade e transpar\u00eancia na pesquisa cient\u00edfica. Trabalhamos em colabora\u00e7\u00e3o com projetos de pesquisa de alunos de mestrado e doutorado, tanto do programa de p\u00f3s-gradua\u00e7\u00e3o em medicina tropical quanto de outros programas.<\/span><\/p>\n<p><strong>Principais linhas de pesquisa:<\/strong><\/p>\n<ul>\n<li style=\"font-weight: 400;\" aria-level=\"1\"><span style=\"font-weight: 400;\">Mal\u00e1ria<\/span><\/li>\n<li style=\"font-weight: 400;\" aria-level=\"1\"><span style=\"font-weight: 400;\">Acidentes por animais pe\u00e7onhentos<\/span><\/li>\n<li style=\"font-weight: 400;\" aria-level=\"1\"><span style=\"font-weight: 400;\">Arboviroses<\/span><\/li>\n<li style=\"font-weight: 400;\" aria-level=\"1\"><span style=\"font-weight: 400;\">Hepatites virais<\/span><\/li>\n<li style=\"font-weight: 400;\" aria-level=\"1\"><span style=\"font-weight: 400;\">Covid-19<\/span><\/li>\n<li style=\"font-weight: 400;\" aria-level=\"1\"><span style=\"font-weight: 400;\">Agravos inusitados e doen\u00e7as infecciosas emergentes e re-emergentes<\/span><\/li>\n<\/ul>\n<p><strong>Objetivos do Grupo:<\/strong><\/p>\n<ul>\n<li style=\"font-weight: 400;\" aria-level=\"1\"><span style=\"font-weight: 400;\">Avaliar desfechos prim\u00e1rios e secund\u00e1rios de doen\u00e7as e agravos utilizando bases de dados provenientes de sistemas de sa\u00fade p\u00fablica.<\/span><\/li>\n<li style=\"font-weight: 400;\" aria-level=\"1\"><span style=\"font-weight: 400;\">Promover a discuss\u00e3o e a pr\u00e1tica da disponibiliza\u00e7\u00e3o e utiliza\u00e7\u00e3o de dados abertos em sa\u00fade.<\/span><\/li>\n<li style=\"font-weight: 400;\" aria-level=\"1\"><span style=\"font-weight: 400;\">Contribuir para a pesquisa acad\u00eamica de excel\u00eancia no estado do Amazonas por meio de artigos cient\u00edficos publicados em revistas conceituadas e submiss\u00e3o de trabalhos em eventos nacionais e internacionais.<\/span><\/li>\n<\/ul>\n<p><strong>Atividades do Grupo:<\/strong><\/p>\n<ul>\n<li style=\"font-weight: 400;\" aria-level=\"1\"><span style=\"font-weight: 400;\">Avalia\u00e7\u00e3o da qualidade das bases de dados de sa\u00fade, identificando falhas e inconsist\u00eancias e fornecendo feedback aos gestores do sistema de sa\u00fade.<\/span><\/li>\n<li style=\"font-weight: 400;\" aria-level=\"1\"><span style=\"font-weight: 400;\">Colabora\u00e7\u00e3o com grupos de pesquisa cl\u00ednica, participando do gerenciamento e an\u00e1lise de dados provenientes de estudos.<\/span><\/li>\n<li style=\"font-weight: 400;\" aria-level=\"1\"><span style=\"font-weight: 400;\">Parceria com o grupo DotLab Brasil, auxiliando no processamento de dados em sa\u00fade por meio de t\u00e9cnicas de intelig\u00eancia artificial.<\/span><\/li>\n<\/ul>\n<p><strong>Composi\u00e7\u00e3o do Grupo:<\/strong><\/p>\n<ul>\n<li style=\"font-weight: 400;\" aria-level=\"1\"><span style=\"font-weight: 400;\">3 professores orientadores<\/span><\/li>\n<li style=\"font-weight: 400;\" aria-level=\"1\"><span style=\"font-weight: 400;\">6 mestrandos<\/span><\/li>\n<li style=\"font-weight: 400;\" aria-level=\"1\"><span style=\"font-weight: 400;\">5 doutorandos<\/span><\/li>\n<li style=\"font-weight: 400;\" aria-level=\"1\"><span style=\"font-weight: 400;\">2 alunos de inicia\u00e7\u00e3o cient\u00edfica<\/span><\/li>\n<li style=\"font-weight: 400;\" aria-level=\"1\"><span style=\"font-weight: 400;\">1 estagi\u00e1rio<\/span><\/li>\n<li style=\"font-weight: 400;\" aria-level=\"1\"><span style=\"font-weight: 400;\">6 volunt\u00e1rios<\/span><\/li>\n<\/ul>\n<p><strong>Recursos dispon\u00edveis:\u00a0<\/strong><\/p>\n<ul>\n<li style=\"font-weight: 400;\" aria-level=\"1\"><span style=\"font-weight: 400;\">Espa\u00e7o: Sala de aproximadamente 50m\u00b2<\/span><\/li>\n<li style=\"font-weight: 400;\" aria-level=\"1\"><span style=\"font-weight: 400;\">Cadeiras: 11 cadeiras.<\/span><\/li>\n<li style=\"font-weight: 400;\" aria-level=\"1\"><span style=\"font-weight: 400;\">Televis\u00e3o: Uma televis\u00e3o, que \u00e9 utilizada nas apresenta\u00e7\u00f5es, treinamentos e minicursos.<\/span><\/li>\n<li style=\"font-weight: 400;\" aria-level=\"1\"><span style=\"font-weight: 400;\">Impressora<\/span><\/li>\n<li style=\"font-weight: 400;\" aria-level=\"1\"><span style=\"font-weight: 400;\">Monitores: 7 monitores que ficam dispon\u00edveis na sala auxiliando nas an\u00e1lises de dados e programa\u00e7\u00e3o.<\/span><\/li>\n<li style=\"font-weight: 400;\" aria-level=\"1\"><span style=\"font-weight: 400;\">Notebooks: 9 notebooks em uso pelos colaboradores, al\u00e9m de 4 dispon\u00edveis para volunt\u00e1rios e estagi\u00e1rios.\u00a0<\/span><\/li>\n<li style=\"font-weight: 400;\" aria-level=\"1\"><span style=\"font-weight: 400;\">Roteador: O roteador garante conectividade \u00e0 internet para todos os dispositivos no laborat\u00f3rio.<\/span><\/li>\n<li style=\"font-weight: 400;\" aria-level=\"1\"><span style=\"font-weight: 400;\">Servidor: com 250 tb dispon\u00edvel para auxiliar no manejo das grandes bases de dados. <\/span><\/li>\n<\/ul>\n<p>[\/et_pb_text][\/et_pb_column][\/et_pb_row][\/et_pb_section][et_pb_section fb_built=&#8221;1&#8243; _builder_version=&#8221;4.16&#8243; _module_preset=&#8221;default&#8221; background_color=&#8221;#f4f4f4&#8243; custom_padding=&#8221;0px||0px||true|&#8221; locked=&#8221;off&#8221; collapsed=&#8221;on&#8221; global_colors_info=&#8221;{}&#8221;][et_pb_row _builder_version=&#8221;4.16&#8243; _module_preset=&#8221;default&#8221; custom_padding=&#8221;||0px|||&#8221; locked=&#8221;off&#8221; global_colors_info=&#8221;{}&#8221;][et_pb_column type=&#8221;4_4&#8243; _builder_version=&#8221;4.16&#8243; _module_preset=&#8221;default&#8221; global_colors_info=&#8221;{}&#8221;][et_pb_text _builder_version=&#8221;4.25.1&#8243; _module_preset=&#8221;default&#8221; text_font=&#8221;Poppins|300|||||||&#8221; text_font_size=&#8221;16px&#8221; global_colors_info=&#8221;{}&#8221;]<\/p>\n<blockquote>\n<h4>GALERIA &#8211; Laborat\u00f3rio de Ci\u00eancia de Dados &#8211; LaBData<\/h4>\n<\/blockquote>\n<p>[\/et_pb_text][\/et_pb_column][\/et_pb_row][et_pb_row _builder_version=&#8221;4.24.2&#8243; _module_preset=&#8221;default&#8221; global_colors_info=&#8221;{}&#8221;][et_pb_column type=&#8221;4_4&#8243; _builder_version=&#8221;4.24.2&#8243; _module_preset=&#8221;default&#8221; global_colors_info=&#8221;{}&#8221;][et_pb_gallery gallery_ids=&#8221;353960,353961,353962,353963,353964,353965&#8243; posts_number=&#8221;100&#8243; orientation=&#8221;portrait&#8221; show_title_and_caption=&#8221;off&#8221; show_pagination=&#8221;off&#8221; _builder_version=&#8221;4.25.1&#8243; _module_preset=&#8221;default&#8221; global_colors_info=&#8221;{}&#8221;][\/et_pb_gallery][\/et_pb_column][\/et_pb_row][\/et_pb_section]<\/p>\n","protected":false},"excerpt":{"rendered":"<p>O LaBData \u00e9 um grupo de pesquisa multidisciplinar dedicado \u00e0 coleta, gerenciamento e an\u00e1lise de dados com alta qualidade na produ\u00e7\u00e3o de evid\u00eancias. Nossa miss\u00e3o \u00e9 promover a confiabilidade, reprodutibilidade e transpar\u00eancia na pesquisa cient\u00edfica. Trabalhamos em colabora\u00e7\u00e3o com projetos de pesquisa de alunos de mestrado e doutorado, tanto do programa de p\u00f3s-gradua\u00e7\u00e3o em medicina [&hellip;]<\/p>\n","protected":false},"author":2,"featured_media":0,"parent":0,"menu_order":0,"comment_status":"closed","ping_status":"closed","template":"","meta":{"_et_pb_use_builder":"on","_et_pb_old_content":"","_et_gb_content_width":"","footnotes":""},"class_list":["post-353956","page","type-page","status-publish","hentry"],"_links":{"self":[{"href":"http:\/\/ppgmt.uea.edu.br\/index.php\/wp-json\/wp\/v2\/pages\/353956","targetHints":{"allow":["GET"]}}],"collection":[{"href":"http:\/\/ppgmt.uea.edu.br\/index.php\/wp-json\/wp\/v2\/pages"}],"about":[{"href":"http:\/\/ppgmt.uea.edu.br\/index.php\/wp-json\/wp\/v2\/types\/page"}],"author":[{"embeddable":true,"href":"http:\/\/ppgmt.uea.edu.br\/index.php\/wp-json\/wp\/v2\/users\/2"}],"replies":[{"embeddable":true,"href":"http:\/\/ppgmt.uea.edu.br\/index.php\/wp-json\/wp\/v2\/comments?post=353956"}],"version-history":[{"count":5,"href":"http:\/\/ppgmt.uea.edu.br\/index.php\/wp-json\/wp\/v2\/pages\/353956\/revisions"}],"predecessor-version":[{"id":354022,"href":"http:\/\/ppgmt.uea.edu.br\/index.php\/wp-json\/wp\/v2\/pages\/353956\/revisions\/354022"}],"wp:attachment":[{"href":"http:\/\/ppgmt.uea.edu.br\/index.php\/wp-json\/wp\/v2\/media?parent=353956"}],"curies":[{"name":"wp","href":"https:\/\/api.w.org\/{rel}","templated":true}]}}