{"id":353604,"date":"2024-05-13T09:12:58","date_gmt":"2024-05-13T12:12:58","guid":{"rendered":"http:\/\/ppgmt.uea.edu.br\/?page_id=353604"},"modified":"2026-03-13T15:53:41","modified_gmt":"2026-03-13T18:53:41","slug":"ppgmt-downloads-documentos-solicitacao-de-diploma-e-historico-escolar","status":"publish","type":"page","link":"http:\/\/ppgmt.uea.edu.br\/index.php\/ppgmt-downloads-documentos-solicitacao-de-diploma-e-historico-escolar\/","title":{"rendered":"PPGMT &#8211; DOWNLOADS \u2013 DOCUMENTOS \u2013 SOLICITA\u00c7\u00c3O DE DIPLOMA E HIST\u00d3RICO ESCOLAR"},"content":{"rendered":"<p>[et_pb_section fb_built=&#8221;1&#8243; next_background_color=&#8221;#f4f4f4&#8243; _builder_version=&#8221;4.16&#8243; _module_preset=&#8221;default&#8221; custom_padding=&#8221;0px||0px|||&#8221; bottom_divider_style=&#8221;wave2&#8243; bottom_divider_height=&#8221;70px&#8221; bottom_divider_arrangement=&#8221;above_content&#8221; locked=&#8221;off&#8221; global_colors_info=&#8221;{}&#8221;][et_pb_row _builder_version=&#8221;4.16&#8243; _module_preset=&#8221;default&#8221; width=&#8221;100%&#8221; max_width=&#8221;100%&#8221; custom_padding=&#8221;0px||0px||false|false&#8221; global_colors_info=&#8221;{}&#8221;][et_pb_column type=&#8221;4_4&#8243; _builder_version=&#8221;4.16&#8243; _module_preset=&#8221;default&#8221; global_colors_info=&#8221;{}&#8221;][et_pb_slider arrows_custom_color=&#8221;#000000&#8243; dot_nav_custom_color=&#8221;#000000&#8243; _builder_version=&#8221;4.25.1&#8243; _module_preset=&#8221;default&#8221; header_level=&#8221;h4&#8243; header_font=&#8221;Carrois Gothic SC|700||on|||||&#8221; header_text_color=&#8221;#136334&#8243; background_color=&#8221;#FFFFFF&#8221; custom_padding=&#8221;10%||10%||true|false&#8221; global_colors_info=&#8221;{}&#8221;][et_pb_slide heading=&#8221;DOWNLOADS&#8221; button_text=&#8221;Cliques&#8221; _builder_version=&#8221;4.25.1&#8243; _module_preset=&#8221;default&#8221; body_text_color=&#8221;#136334&#8243; body_font_size=&#8221;18px&#8221; global_colors_info=&#8221;{}&#8221; sticky_transition=&#8221;on&#8221;]<\/p>\n<p>DOCUMENTOS &#8211; SOLICITA\u00c7\u00c3O DE DIPLOMA E HIST\u00d3RICO ESCOLAR<\/p>\n<p>[\/et_pb_slide][\/et_pb_slider][\/et_pb_column][\/et_pb_row][\/et_pb_section][et_pb_section fb_built=&#8221;1&#8243; _builder_version=&#8221;4.16&#8243; _module_preset=&#8221;default&#8221; background_color=&#8221;#f4f4f4&#8243; custom_padding=&#8221;0px||0px||true|&#8221; global_colors_info=&#8221;{}&#8221;][et_pb_row _builder_version=&#8221;4.16&#8243; _module_preset=&#8221;default&#8221; custom_padding=&#8221;||0px|||&#8221; global_colors_info=&#8221;{}&#8221;][et_pb_column type=&#8221;4_4&#8243; _builder_version=&#8221;4.16&#8243; _module_preset=&#8221;default&#8221; global_colors_info=&#8221;{}&#8221;][et_pb_text _builder_version=&#8221;4.16&#8243; _module_preset=&#8221;default&#8221; text_font=&#8221;Poppins|300|||||||&#8221; text_font_size=&#8221;16px&#8221; text_orientation=&#8221;justified&#8221; global_colors_info=&#8221;{}&#8221;]<\/p>\n<blockquote>\n<h4>DOCUMENTOS &#8211; SOLICITA\u00c7\u00c3O DE DIPLOMA E HIST\u00d3RICO ESCOLAR<\/h4>\n<\/blockquote>\n<p>[\/et_pb_text][\/et_pb_column][\/et_pb_row][et_pb_row column_structure=&#8221;1_2,1_2&#8243; _builder_version=&#8221;4.16&#8243; _module_preset=&#8221;default&#8221; global_colors_info=&#8221;{}&#8221;][et_pb_column type=&#8221;1_2&#8243; _builder_version=&#8221;4.16&#8243; _module_preset=&#8221;default&#8221; global_colors_info=&#8221;{}&#8221;][et_pb_blurb title=&#8221;BDTD_Biblioteca digital&#8221; use_icon=&#8221;on&#8221; font_icon=&#8221;&#xf019;||fa||900&#8243; icon_placement=&#8221;left&#8221; image_icon_width=&#8221;29px&#8221; content_max_width=&#8221;1100px&#8221; _builder_version=&#8221;4.16&#8243; _module_preset=&#8221;default&#8221; link_option_url=&#8221;https:\/\/pos.uea.edu.br\/data\/area\/download\/download\/101-6.doc&#8221; global_colors_info=&#8221;{}&#8221;][\/et_pb_blurb][et_pb_blurb title=&#8221;Contagem de Cr\u00e9ditos&#8221; use_icon=&#8221;on&#8221; font_icon=&#8221;&#xf019;||fa||900&#8243; icon_placement=&#8221;left&#8221; image_icon_width=&#8221;29px&#8221; content_max_width=&#8221;1100px&#8221; _builder_version=&#8221;4.22.1&#8243; _module_preset=&#8221;default&#8221; link_option_url=&#8221;https:\/\/ppgmt.uea.edu.br\/wp-content\/uploads\/2024\/01\/101-2-4-2.doc&#8221; global_colors_info=&#8221;{}&#8221;][\/et_pb_blurb][et_pb_blurb title=&#8221;Elabora\u00e7\u00e3o de ficha catalogr\u00e1fica ap\u00f3s a defesa de tese\/disserta\u00e7\u00e3o&#8221; use_icon=&#8221;on&#8221; font_icon=&#8221;&#xf019;||fa||900&#8243; icon_placement=&#8221;left&#8221; image_icon_width=&#8221;29px&#8221; content_max_width=&#8221;1100px&#8221; _builder_version=&#8221;4.16&#8243; _module_preset=&#8221;default&#8221; link_option_url=&#8221;https:\/\/pos.uea.edu.br\/data\/area\/download\/download\/101-7.pdf&#8221; global_colors_info=&#8221;{}&#8221;][\/et_pb_blurb][et_pb_blurb title=&#8221;\tEntrega do banco de dados da pesquisa de Tese\/Disserta\u00e7\u00e3o ao orientador (a)&#8221; use_icon=&#8221;on&#8221; font_icon=&#8221;&#xf019;||fa||900&#8243; icon_placement=&#8221;left&#8221; image_icon_width=&#8221;29px&#8221; content_max_width=&#8221;1100px&#8221; _builder_version=&#8221;4.16&#8243; _module_preset=&#8221;default&#8221; link_option_url=&#8221;https:\/\/pos.uea.edu.br\/data\/area\/download\/download\/101-11.docx&#8221; global_colors_info=&#8221;{}&#8221;][\/et_pb_blurb][et_pb_blurb title=&#8221;Rela\u00e7\u00e3o de documentos para solicita\u00e7\u00e3o de diploma e hist\u00f3rico&#8221; use_icon=&#8221;on&#8221; font_icon=&#8221;&#xf019;||fa||900&#8243; icon_placement=&#8221;left&#8221; image_icon_width=&#8221;29px&#8221; content_max_width=&#8221;1100px&#8221; _builder_version=&#8221;4.25.1&#8243; _module_preset=&#8221;default&#8221; link_option_url=&#8221;https:\/\/ppgmt.uea.edu.br\/wp-content\/uploads\/2026\/03\/Relacao-de-documentos-para-dolicitacao-de-DIPLOMA.pdf&#8221; hover_enabled=&#8221;0&#8243; global_colors_info=&#8221;{}&#8221; sticky_enabled=&#8221;0&#8243;][\/et_pb_blurb][\/et_pb_column][et_pb_column type=&#8221;1_2&#8243; _builder_version=&#8221;4.16&#8243; _module_preset=&#8221;default&#8221; global_colors_info=&#8221;{}&#8221;][et_pb_blurb title=&#8221;Requerimento de Diploma ao Coordenador_(Curso de Doutorado)&#8221; use_icon=&#8221;on&#8221; font_icon=&#8221;&#xf019;||fa||900&#8243; icon_placement=&#8221;left&#8221; image_icon_width=&#8221;29px&#8221; content_max_width=&#8221;1100px&#8221; _builder_version=&#8221;4.16&#8243; _module_preset=&#8221;default&#8221; link_option_url=&#8221;https:\/\/pos.uea.edu.br\/data\/area\/download\/download\/101-4.doc&#8221; global_colors_info=&#8221;{}&#8221;][\/et_pb_blurb][et_pb_blurb title=&#8221;Requerimento de Diploma ao Coordenador_(Curso de Mestrado)&#8221; use_icon=&#8221;on&#8221; font_icon=&#8221;&#xf019;||fa||900&#8243; icon_placement=&#8221;left&#8221; image_icon_width=&#8221;29px&#8221; content_max_width=&#8221;1100px&#8221; _builder_version=&#8221;4.16&#8243; _module_preset=&#8221;default&#8221; link_option_url=&#8221;https:\/\/pos.uea.edu.br\/data\/area\/download\/download\/101-5.doc&#8221; global_colors_info=&#8221;{}&#8221;][\/et_pb_blurb][et_pb_blurb title=&#8221;Modelo &#8211; Carta de Entrega de Tese Definitiva ap\u00f3s a defesa&#8221; use_icon=&#8221;on&#8221; font_icon=&#8221;&#xf019;||fa||900&#8243; icon_placement=&#8221;left&#8221; image_icon_width=&#8221;29px&#8221; content_max_width=&#8221;1100px&#8221; _builder_version=&#8221;4.16&#8243; _module_preset=&#8221;default&#8221; link_option_url=&#8221;https:\/\/pos.uea.edu.br\/data\/area\/download\/download\/36-5.docx&#8221; global_colors_info=&#8221;{}&#8221;][\/et_pb_blurb][et_pb_blurb title=&#8221;Modelo &#8211; Carta de Entrega de Disserta\u00e7\u00e3o Definitiva ap\u00f3s a defesa&#8221; use_icon=&#8221;on&#8221; font_icon=&#8221;&#xf019;||fa||900&#8243; icon_placement=&#8221;left&#8221; image_icon_width=&#8221;29px&#8221; content_max_width=&#8221;1100px&#8221; _builder_version=&#8221;4.22.1&#8243; _module_preset=&#8221;default&#8221; link_option_url=&#8221;https:\/\/pos.uea.edu.br\/data\/area\/download\/download\/2-5.docx&#8221; global_colors_info=&#8221;{}&#8221;][\/et_pb_blurb][et_pb_blurb title=&#8221;Termo de autorizacao para Biblioteca UEA BDTD&#8221; use_icon=&#8221;on&#8221; font_icon=&#8221;&#xf019;||fa||900&#8243; icon_placement=&#8221;left&#8221; image_icon_width=&#8221;29px&#8221; content_max_width=&#8221;1100px&#8221; _builder_version=&#8221;4.16&#8243; _module_preset=&#8221;default&#8221; link_option_url=&#8221;https:\/\/pos.uea.edu.br\/data\/area\/download\/download\/101-1.doc&#8221; link_option_url_new_window=&#8221;on&#8221; global_colors_info=&#8221;{}&#8221;][\/et_pb_blurb][\/et_pb_column][\/et_pb_row][\/et_pb_section]<\/p>\n","protected":false},"excerpt":{"rendered":"<p>DOCUMENTOS &#8211; SOLICITA\u00c7\u00c3O DE DIPLOMA E HIST\u00d3RICO ESCOLAR DOCUMENTOS &#8211; SOLICITA\u00c7\u00c3O DE DIPLOMA E HIST\u00d3RICO ESCOLAR<\/p>\n","protected":false},"author":2,"featured_media":0,"parent":0,"menu_order":0,"comment_status":"closed","ping_status":"closed","template":"","meta":{"_et_pb_use_builder":"on","_et_pb_old_content":"","_et_gb_content_width":"","footnotes":""},"class_list":["post-353604","page","type-page","status-publish","hentry"],"_links":{"self":[{"href":"http:\/\/ppgmt.uea.edu.br\/index.php\/wp-json\/wp\/v2\/pages\/353604","targetHints":{"allow":["GET"]}}],"collection":[{"href":"http:\/\/ppgmt.uea.edu.br\/index.php\/wp-json\/wp\/v2\/pages"}],"about":[{"href":"http:\/\/ppgmt.uea.edu.br\/index.php\/wp-json\/wp\/v2\/types\/page"}],"author":[{"embeddable":true,"href":"http:\/\/ppgmt.uea.edu.br\/index.php\/wp-json\/wp\/v2\/users\/2"}],"replies":[{"embeddable":true,"href":"http:\/\/ppgmt.uea.edu.br\/index.php\/wp-json\/wp\/v2\/comments?post=353604"}],"version-history":[{"count":6,"href":"http:\/\/ppgmt.uea.edu.br\/index.php\/wp-json\/wp\/v2\/pages\/353604\/revisions"}],"predecessor-version":[{"id":356173,"href":"http:\/\/ppgmt.uea.edu.br\/index.php\/wp-json\/wp\/v2\/pages\/353604\/revisions\/356173"}],"wp:attachment":[{"href":"http:\/\/ppgmt.uea.edu.br\/index.php\/wp-json\/wp\/v2\/media?parent=353604"}],"curies":[{"name":"wp","href":"https:\/\/api.w.org\/{rel}","templated":true}]}}