{"id":353277,"date":"2024-03-24T22:19:54","date_gmt":"2024-03-25T01:19:54","guid":{"rendered":"https:\/\/ppgmt.uea.edu.br\/?page_id=353277"},"modified":"2024-03-24T22:22:01","modified_gmt":"2024-03-25T01:22:01","slug":"evaluacion-de-capes","status":"publish","type":"page","link":"http:\/\/ppgmt.uea.edu.br\/index.php\/es\/evaluacion-de-capes\/","title":{"rendered":"EVALUACI\u00d3N DE CAPES (ES)"},"content":{"rendered":"<p>[et_pb_section fb_built=&#8221;1&#8243; next_background_color=&#8221;#f4f4f4&#8243; _builder_version=&#8221;4.16&#8243; _module_preset=&#8221;default&#8221; custom_padding=&#8221;0px||0px|||&#8221; bottom_divider_style=&#8221;wave2&#8243; bottom_divider_height=&#8221;70px&#8221; bottom_divider_arrangement=&#8221;above_content&#8221; locked=&#8221;off&#8221; global_colors_info=&#8221;{}&#8221;][et_pb_row _builder_version=&#8221;4.16&#8243; _module_preset=&#8221;default&#8221; width=&#8221;100%&#8221; max_width=&#8221;100%&#8221; custom_padding=&#8221;0px||0px||false|false&#8221; global_colors_info=&#8221;{}&#8221;][et_pb_column type=&#8221;4_4&#8243; _builder_version=&#8221;4.16&#8243; _module_preset=&#8221;default&#8221; global_colors_info=&#8221;{}&#8221;][et_pb_slider arrows_custom_color=&#8221;#000000&#8243; dot_nav_custom_color=&#8221;#000000&#8243; _builder_version=&#8221;4.24.2&#8243; _module_preset=&#8221;default&#8221; header_font=&#8221;Carrois Gothic SC|700||on|||||&#8221; header_text_color=&#8221;#136334&#8243; background_color=&#8221;#FFFFFF&#8221; custom_padding=&#8221;10%||10%||true|false&#8221; hover_enabled=&#8221;0&#8243; global_colors_info=&#8221;{}&#8221; sticky_enabled=&#8221;0&#8243;][et_pb_slide heading=&#8221;EVALUACI\u00d3N DE CAPES&#8221; _builder_version=&#8221;4.24.2&#8243; _module_preset=&#8221;default&#8221; background_enable_color=&#8221;off&#8221; background_image=&#8221;https:\/\/teste.somoscarv.com.br\/wp-content\/uploads\/2023\/01\/Ativo-4.png&#8221; background_enable_image=&#8221;on&#8221; hover_enabled=&#8221;0&#8243; global_colors_info=&#8221;{}&#8221; sticky_transition=&#8221;on&#8221; sticky_enabled=&#8221;0&#8243;][\/et_pb_slide][\/et_pb_slider][\/et_pb_column][\/et_pb_row][\/et_pb_section][et_pb_section fb_built=&#8221;1&#8243; _builder_version=&#8221;4.16&#8243; _module_preset=&#8221;default&#8221; background_color=&#8221;#f4f4f4&#8243; custom_padding=&#8221;0px||0px||true|&#8221; locked=&#8221;off&#8221; global_colors_info=&#8221;{}&#8221;][et_pb_row _builder_version=&#8221;4.16&#8243; _module_preset=&#8221;default&#8221; custom_padding=&#8221;||0px|||&#8221; global_colors_info=&#8221;{}&#8221;][et_pb_column type=&#8221;4_4&#8243; _builder_version=&#8221;4.16&#8243; _module_preset=&#8221;default&#8221; global_colors_info=&#8221;{}&#8221;][et_pb_text _builder_version=&#8221;4.24.2&#8243; _module_preset=&#8221;default&#8221; text_font=&#8221;Poppins|300|||||||&#8221; text_font_size=&#8221;16px&#8221; text_orientation=&#8221;justified&#8221; global_colors_info=&#8221;{}&#8221;]<\/p>\n<div class=\"et_pb_section et_pb_section_1 et_pb_with_background et_section_regular\">\n<div class=\"et_pb_row et_pb_row_1\">\n<div class=\"et_pb_column et_pb_column_4_4 et_pb_column_1  et_pb_css_mix_blend_mode_passthrough et-last-child\">\n<div class=\"et_pb_module et_pb_text et_pb_text_0  et_pb_text_align_justified et_pb_bg_layout_light\">\n<div class=\"et_pb_text_inner\">\n<blockquote>\n<h4><strong _msttexthash=\"5110651\" _msthash=\"84\">FORMULARIO DE EVALUACI\u00d3N CUATRIENIO \u2013 CAPES<\/strong><\/h4>\n<\/blockquote>\n<\/div>\n<\/div>\n<div class=\"et_pb_module et_pb_blurb et_pb_blurb_0 et_clickable  et_pb_text_align_left  et_pb_blurb_position_left et_pb_bg_layout_light\">\n<div class=\"et_pb_blurb_content\">\n<div class=\"et_pb_main_blurb_image\"><span class=\"et_pb_image_wrap\"><span class=\"et-waypoint et_pb_animation_top et_pb_animation_top_tablet et_pb_animation_top_phone et-pb-icon et-animated\" _msttexthash=\"5593315\" _msthash=\"85\">\uf019<\/span><\/span><\/div>\n<div class=\"et_pb_blurb_container\">\n<h4 class=\"et_pb_module_header\"><span _msttexthash=\"653939\" _msthash=\"86\">Evaluaci\u00f3n Cuatrienio 2017 &#8211; 2020<\/span><\/h4>\n<\/div>\n<\/div>\n<\/div>\n<\/div>\n<\/div>\n<div class=\"et_pb_row et_pb_row_2\">\n<div class=\"et_pb_column et_pb_column_1_2 et_pb_column_2  et_pb_css_mix_blend_mode_passthrough et_pb_column_empty\"><\/div>\n<div class=\"et_pb_column et_pb_column_1_2 et_pb_column_3  et_pb_css_mix_blend_mode_passthrough et-last-child et_pb_column_empty\"><\/div>\n<\/div>\n<\/div>\n<div class=\"et_pb_section et_pb_section_2 et_pb_with_background et_section_regular\">\n<div class=\"et_pb_row et_pb_row_3\">\n<div class=\"et_pb_column et_pb_column_4_4 et_pb_column_4  et_pb_css_mix_blend_mode_passthrough et-last-child\">\n<div class=\"et_pb_module et_pb_text et_pb_text_1  et_pb_text_align_justified et_pb_bg_layout_light\">\n<div class=\"et_pb_text_inner\">\n<blockquote>\n<h4><strong _msttexthash=\"275132\" _msthash=\"87\">PLATAFORMA SUCUPIRA<\/strong><\/h4>\n<\/blockquote>\n<\/div>\n<\/div>\n<\/div>\n<\/div>\n<div class=\"et_pb_row et_pb_row_4\">\n<div class=\"et_pb_column et_pb_column_4_4 et_pb_column_5  et_pb_css_mix_blend_mode_passthrough et-last-child\">\n<div class=\"et_pb_module et_pb_blurb et_pb_blurb_5 et_clickable  et_pb_text_align_left  et_pb_blurb_position_left et_pb_bg_layout_light\">\n<div class=\"et_pb_blurb_content\">\n<div class=\"et_pb_main_blurb_image\"><span class=\"et_pb_image_wrap\"><span class=\"et-waypoint et_pb_animation_top et_pb_animation_top_tablet et_pb_animation_top_phone et-pb-icon et-animated\" _msttexthash=\"5238961\" _msthash=\"88\">\ue0e3<\/span><\/span><\/div>\n<div class=\"et_pb_blurb_container\">\n<h4 class=\"et_pb_module_header\"><span _msttexthash=\"656864\" _msthash=\"89\">\u00bfQu\u00e9 es la Plataforma SUCUPIRA?<\/span><\/h4>\n<div class=\"et_pb_blurb_description\">\n<p _msttexthash=\"15163525\" _msthash=\"90\">Es una nueva e importante herramienta para recolectar informaci\u00f3n, realizar an\u00e1lisis y evaluaciones, y ser la base de referencia del Sistema Nacional de Posgrado (SNPG).<\/p>\n<\/div>\n<\/div>\n<\/div>\n<\/div>\n<\/div>\n<\/div>\n<\/div>\n<p>[\/et_pb_text][\/et_pb_column][\/et_pb_row][\/et_pb_section]<\/p>\n","protected":false},"excerpt":{"rendered":"<p>FORMULARIO DE EVALUACI\u00d3N CUATRIENIO \u2013 CAPES \uf019 Evaluaci\u00f3n Cuatrienio 2017 &#8211; 2020 PLATAFORMA SUCUPIRA \ue0e3 \u00bfQu\u00e9 es la Plataforma SUCUPIRA? Es una nueva e importante herramienta para recolectar informaci\u00f3n, realizar an\u00e1lisis y evaluaciones, y ser la base de referencia del Sistema Nacional de Posgrado (SNPG).<\/p>\n","protected":false},"author":2,"featured_media":0,"parent":0,"menu_order":0,"comment_status":"closed","ping_status":"closed","template":"","meta":{"_et_pb_use_builder":"on","_et_pb_old_content":"","_et_gb_content_width":"","footnotes":""},"class_list":["post-353277","page","type-page","status-publish","hentry"],"_links":{"self":[{"href":"http:\/\/ppgmt.uea.edu.br\/index.php\/wp-json\/wp\/v2\/pages\/353277","targetHints":{"allow":["GET"]}}],"collection":[{"href":"http:\/\/ppgmt.uea.edu.br\/index.php\/wp-json\/wp\/v2\/pages"}],"about":[{"href":"http:\/\/ppgmt.uea.edu.br\/index.php\/wp-json\/wp\/v2\/types\/page"}],"author":[{"embeddable":true,"href":"http:\/\/ppgmt.uea.edu.br\/index.php\/wp-json\/wp\/v2\/users\/2"}],"replies":[{"embeddable":true,"href":"http:\/\/ppgmt.uea.edu.br\/index.php\/wp-json\/wp\/v2\/comments?post=353277"}],"version-history":[{"count":4,"href":"http:\/\/ppgmt.uea.edu.br\/index.php\/wp-json\/wp\/v2\/pages\/353277\/revisions"}],"predecessor-version":[{"id":353284,"href":"http:\/\/ppgmt.uea.edu.br\/index.php\/wp-json\/wp\/v2\/pages\/353277\/revisions\/353284"}],"wp:attachment":[{"href":"http:\/\/ppgmt.uea.edu.br\/index.php\/wp-json\/wp\/v2\/media?parent=353277"}],"curies":[{"name":"wp","href":"https:\/\/api.w.org\/{rel}","templated":true}]}}