{"id":353145,"date":"2024-03-24T20:20:47","date_gmt":"2024-03-24T23:20:47","guid":{"rendered":"https:\/\/ppgmt.uea.edu.br\/?page_id=353145"},"modified":"2024-03-24T20:22:14","modified_gmt":"2024-03-24T23:22:14","slug":"infraestructura","status":"publish","type":"page","link":"http:\/\/ppgmt.uea.edu.br\/index.php\/es\/infraestructura\/","title":{"rendered":"INFRAESTRUCTURA (ES)"},"content":{"rendered":"<p>[et_pb_section fb_built=&#8221;1&#8243; next_background_color=&#8221;#f4f4f4&#8243; _builder_version=&#8221;4.16&#8243; _module_preset=&#8221;default&#8221; custom_padding=&#8221;0px||0px|||&#8221; bottom_divider_style=&#8221;wave2&#8243; bottom_divider_height=&#8221;70px&#8221; bottom_divider_arrangement=&#8221;above_content&#8221; global_colors_info=&#8221;{}&#8221; locked=&#8221;off&#8221; theme_builder_area=&#8221;post_content&#8221;][et_pb_row _builder_version=&#8221;4.16&#8243; _module_preset=&#8221;default&#8221; width=&#8221;100%&#8221; max_width=&#8221;100%&#8221; custom_padding=&#8221;0px||0px||false|false&#8221; global_colors_info=&#8221;{}&#8221; theme_builder_area=&#8221;post_content&#8221;][et_pb_column type=&#8221;4_4&#8243; _builder_version=&#8221;4.16&#8243; _module_preset=&#8221;default&#8221; global_colors_info=&#8221;{}&#8221; theme_builder_area=&#8221;post_content&#8221;][et_pb_slider arrows_custom_color=&#8221;#000000&#8243; dot_nav_custom_color=&#8221;#000000&#8243; _builder_version=&#8221;4.16&#8243; _module_preset=&#8221;default&#8221; header_font=&#8221;Carrois Gothic SC|700||on|||||&#8221; header_text_color=&#8221;#136334&#8243; background_color=&#8221;#FFFFFF&#8221; custom_padding=&#8221;10%||10%||true|false&#8221; global_colors_info=&#8221;{}&#8221; theme_builder_area=&#8221;post_content&#8221;][et_pb_slide heading=&#8221;Infraestrutura&#8221; _builder_version=&#8221;4.16&#8243; _module_preset=&#8221;default&#8221; background_enable_color=&#8221;off&#8221; background_image=&#8221;https:\/\/teste.somoscarv.com.br\/wp-content\/uploads\/2023\/01\/Ativo-4.png&#8221; background_enable_image=&#8221;on&#8221; global_colors_info=&#8221;{}&#8221; sticky_transition=&#8221;on&#8221; theme_builder_area=&#8221;post_content&#8221;][\/et_pb_slide][\/et_pb_slider][\/et_pb_column][\/et_pb_row][\/et_pb_section][et_pb_section fb_built=&#8221;1&#8243; _builder_version=&#8221;4.16&#8243; _module_preset=&#8221;default&#8221; background_color=&#8221;#f4f4f4&#8243; custom_padding=&#8221;50px||50px||true|&#8221; global_colors_info=&#8221;{}&#8221; locked=&#8221;off&#8221; theme_builder_area=&#8221;post_content&#8221;][et_pb_row _builder_version=&#8221;4.16&#8243; _module_preset=&#8221;default&#8221; global_colors_info=&#8221;{}&#8221; theme_builder_area=&#8221;post_content&#8221;][et_pb_column type=&#8221;4_4&#8243; _builder_version=&#8221;4.16&#8243; _module_preset=&#8221;default&#8221; global_colors_info=&#8221;{}&#8221; theme_builder_area=&#8221;post_content&#8221;][et_pb_text _builder_version=&#8221;4.21.2&#8243; _module_preset=&#8221;default&#8221; global_colors_info=&#8221;{}&#8221; theme_builder_area=&#8221;post_content&#8221;]<\/p>\n<p><b _msttexthash=\"164489\" _msthash=\"84\">LABORATORIOS:<\/b><\/p>\n<p><b _msttexthash=\"935012\" _msthash=\"85\">INFRAESTRUCTURA CL\u00cdNICA Y DE LABORATORIO:<\/b><\/p>\n<p align=\"justify\" _msttexthash=\"42302338\" _msthash=\"86\">El PPGMT cuenta con la infraestructura de laboratorio tanto de la UEA como del FMT-HVD. Adem\u00e1s, utiliza laboratorios de otras instituciones socias en los proyectos de investigaci\u00f3n desarrollados por estudiantes de maestr\u00eda y doctorado, como los de HEMOAM, FIOCRUZ, LACEN, INPA, entre otros.<\/p>\n<p align=\"justify\" _msttexthash=\"101675340\" _msthash=\"87\">1. Consulta externa de enfermedades infecciosas y dermatolog\u00eda, con 46 consultorios, para consultas en Enfermedades Infecciosas, Enfermedades Infecciosas Pedi\u00e1tricas, Medicina del Viajero, Hepatolog\u00eda, Dermatolog\u00eda y Psicolog\u00eda, con dos centros quir\u00fargicos y cl\u00ednica de fisioterapia, abierta de 7 am a 5 pm, de lunes a viernes; tres de estos consultorios son exclusivos para la atenci\u00f3n de pacientes de ensayos cl\u00ednicos (Unidad PESCLIN II);<\/p>\n<p align=\"justify\" _msttexthash=\"178085089\" _msthash=\"88\">2. Unidad de Hospitalizaci\u00f3n Dr. Nelson Antunes, con 141 camas, distribuidas entre UCI, Urgencias, Aislamiento, Dermatolog\u00eda, Hospital de D\u00eda, Sala de Hombres, Sala de Mujeres, Sala de Pediatr\u00eda y Sala de Investigaci\u00f3n Cl\u00ednica con 8 camas exclusivas para pacientes de ensayos cl\u00ednicos (Unidad PESCLIN I), con respiradores motorizados y extractores con filtro HEPA. La Unidad de Investigaci\u00f3n Cl\u00ednica (PESCLIN) forma parte de la Red Nacional de Investigaci\u00f3n Cl\u00ednica en Hospitales Universitarios, de la Secretar\u00eda de Ciencia y Tecnolog\u00eda e Insumos Estrat\u00e9gicos (SCTIE) del Ministerio de Salud;<\/p>\n<p align=\"justify\" _msttexthash=\"453261172\" _msthash=\"89\">3. El Laboratorio de Investigaci\u00f3n del VIH (LaPHIV), inaugurado en 2019, con recursos de la Acci\u00f3n Interfederativa de Amazonas (INTERFAM), del Ministerio de Salud, mide 623,12 m2, con el objetivo de incrementar la investigaci\u00f3n sobre el VIH\/SIDA y las enfermedades oportunistas de las personas que viven con el virus del VIH e intensificar la participaci\u00f3n de la sociedad civil en la gesti\u00f3n de las pol\u00edticas p\u00fablicas en esta \u00e1rea, en la Amazon\u00eda. En esta estructura se desarrollar\u00e1n proyectos de investigaci\u00f3n de gran relevancia, incluyendo estudios de nuevos f\u00e1rmacos y diagn\u00f3sticos de alta tecnolog\u00eda, mejorando el seguimiento de los pacientes diagnosticados. En este \u00e1mbito, tambi\u00e9n se trabajar\u00e1 y desarrollar\u00e1 nuevos enfoques con investigadores, psic\u00f3logos, m\u00e9dicos y diferentes actores de la sociedad civil para resolver mejor el seguimiento y control de la enfermedad con supervivencia efectiva de las personas que viven con VIH;<\/p>\n<p align=\"justify\" _msttexthash=\"11801088\" _msthash=\"90\">4. Laboratorio de Bioseguridad nivel III con vivero para experimentaci\u00f3n y espacio para manipulaci\u00f3n e investigaci\u00f3n con pat\u00f3genos virales;<\/p>\n<p _msttexthash=\"2674698\" _msthash=\"91\">5. Laboratorio de genotipado y carga viral de VIH y hepatitis viral;<\/p>\n<p align=\"justify\" _msttexthash=\"2475316571\" _msthash=\"92\">6. Laboratorio Multidisciplinario de unos 300 m2, con plataforma multiusuario para t\u00e9cnicas de biolog\u00eda molecular y citometr\u00eda de flujo, con Agitador de Tubo de Sobremesa, 2 Agitadores Magn\u00e9ticos con Calefacci\u00f3n, Aparato Millipore, 3 Autoclaves, 3 B\u00e1sculas Digitales, 3 Ba\u00f1os de Agua, Ba\u00f1o Seco, C\u00e1mara Frigor\u00edfica -20\u00b0C, C\u00e1mara Frigor\u00edfica 4\u00b0C, Cabinas de Seguridad Biol\u00f3gica Clase A1 y A2, C\u00e1mara digital Nixon DMX 1200 F acoplada al microscopio de inmunofluorescencia, centr\u00edfuga 5417R, centr\u00edfuga de giro GMC, centr\u00edfuga Eppendorf 5702R, centr\u00edfuga Eppendorf 5804R, 2 mini centr\u00edfugas de centrifugaci\u00f3n Eppendorf, centr\u00edfuga Eppendorf 5804R Falcon, centr\u00edfuga Macro 3, centr\u00edfuga EV04 Macro, centr\u00edfuga de placa Sigma, centr\u00edfuga refrigerada Heraeus Megafuge 16R, sistema Biorad Chef-DR III, cit\u00f3metro de flujo FACSANTHO II 8 par\u00e1metros (FSC, SSC, FITC, PE, PE-Cy7, PErcP, APC y APC-Cy7), Concentrador Eppendorf 5301, M\u00f3dulo de Enfriamiento Biorad, 4 Tanques de Electroforesis, CPUs y Monitores, Electroforesis Cell Biorad, Espectrofot\u00f3metro UV 1800, Esterilizador Fiocruz, Horno Olidef C3, Ettan Ipgphor Ii, Pachan Flujo Laminar, Flujo Laminar Est\u00e9ril Veco Cflv, Flujo Laminar Veco, Flujo de Manipulaci\u00f3n de ADN y ARN, Congelador -35\u00b0C 504 L, Congeladores de 7 -80 \u00b0C, cabina de an\u00e1lisis de fluorescencia Spectroline, Glomax Explorer, aparato de hematolog\u00eda automatizado Sixmex, homogeneizador de soluci\u00f3n Ap28 Phoenix, esc\u00e1ner de im\u00e1genes GE III, incubadora Quimis, incubadora agitadora Cienlab, incubadora t\u00e9rmica, lavadora de microplacas de 96 pocillos (ELISA), lector de microplacas de 96 pocillos o 384 pocillos (ELISA), lector multicanal Asys, 2 lupas Leica ez4, f\u00e1brica de hielo, 2 microondas, microscopio de inmunofluorescencia Nikon, microscopio de inmunofluorescencia Termofisher, 4 microscopios \u00f3pticos binoculares, PCR aplicada Realtime 7500, PCR m\u00faltiple aplicada Realtime 7500, secuenciador\/analizador gen\u00e9tico ABI 3130, sistema de electroforesis, sonicador ultralimpiador, Thermoblock, termociclador Eppendorf, termociclador Kyratec, termociclador aplicado Veriti, Tissue Lyser II Qiagen, Vortex Neutec, Vortex Phoenix, Vortex Vision, 2 Vortex Vixar y UltraFreezer -86\u00b0C 740 L. para el tratamiento y purificaci\u00f3n de aguas;<\/p>\n<p align=\"justify\" _msttexthash=\"72023484\" _msthash=\"93\">7. Laboratorio de Anatom\u00eda Patol\u00f3gica e Histotecnolog\u00eda para el procesamiento histol\u00f3gico y archivo de biopsias y necropsias. El laboratorio tambi\u00e9n cuenta con el apoyo de una sala de autopsias con capacidad para realizar dos necropsias simult\u00e1neas y una c\u00e1mara frigor\u00edfica. Cuenta con una c\u00e1mara digital acoplada a microscopios binoculares, con un chip para 500 fotos;<\/p>\n<p align=\"justify\" _msttexthash=\"21176870\" _msthash=\"94\">8. Laboratorio de Animales Venenosos con plataforma prote\u00f3mica y vivero para el mantenimiento de ratones, ratas, h\u00e1msters y conejos, y colecci\u00f3n de serpientes, con aproximadamente 2000 ejemplares;<\/p>\n<p align=\"justify\" _msttexthash=\"9700249\" _msthash=\"95\">9. Laboratorio de An\u00e1lisis Cl\u00ednicos con los Sectores de Hematolog\u00eda, Bioqu\u00edmica, An\u00e1lisis de Orina, Coproscop\u00eda e Inmunolog\u00eda;<\/p>\n<p align=\"justify\" _msttexthash=\"19779877\" _msthash=\"96\">10. Laboratorio Automatizado de Bacteriolog\u00eda para microbiolog\u00eda cl\u00ednica, que lee autom\u00e1ticamente un panel inoculado con una suspensi\u00f3n bacteriana (Autoscan-4), con el sistema BactAlert;<\/p>\n<p _msttexthash=\"7898046\" _msthash=\"97\">11. Laboratorio de Leishmaniasis y Enfermedad de Chagas, con espacios para cultivo, serolog\u00eda y biolog\u00eda molecular;<\/p>\n<p align=\"justify\" _msttexthash=\"356398029\" _msthash=\"98\">12. Laboratorio de Malaria, con cultivo<span>\u00a0<\/span><i _istranslated=\"1\">in vitro<\/i><span>\u00a0<\/span>de plasmodio para pruebas in vitro de medicamentos, pruebas hematol\u00f3gicas automatizadas y plataforma de biolog\u00eda molecular. Cuenta con lectores ELISA, lavadoras de placas ELISA, Luminex Magpix, c\u00e1mara de flujo laminar, Vecco clase II B2, tanque y fuente de electroforesis BIORAD, electroporador BIORAD, agitadores, termocicladores, transluminador de 21 x 38 cm, microscopio trinocular NIKON de cuatro cabezales, con equipo para captura de im\u00e1genes, equipo para PCR en tiempo real, centr\u00edfugas refrigeradas sp\/tubos, microtubos y placas, incubadora de CO2, termobloque para microtubo con agitaci\u00f3n, ba\u00f1o mar\u00eda, autoclave de doble puerta, agitador de microplacas, microscopio invertido, microscopio de inmunofluorescencia acoplado a un sistema de captura de im\u00e1genes y microordenador;<\/p>\n<p _msttexthash=\"3195998\" _msthash=\"99\">13. Laboratorio de Micolog\u00eda, con espacio para examen directo y cultivo;<\/p>\n<p _msttexthash=\"5790252\" _msthash=\"100\">14. Laboratorio de Parasitolog\u00eda con ex\u00e1menes parasitol\u00f3gicos cl\u00e1sicos y biolog\u00eda molecular;<\/p>\n<p align=\"justify\" _msttexthash=\"324921194\" _msthash=\"101\">15. Centro de Entomolog\u00eda: seguimiento en el desarrollo de estudios que involucren la interacci\u00f3n par\u00e1sito-vector a trav\u00e9s de inmunolog\u00eda, biolog\u00eda molecular y cultivo de<span>\u00a0<\/span><i _istranslated=\"1\">Leishmania<span>\u00a0<\/span><\/i>spp y<span>\u00a0<\/span><i _istranslated=\"1\">Trypanosoma cruzi.<\/i><span>\u00a0<\/span>Cuenta con insectarios para la creaci\u00f3n de triatominos y cul\u00edcidos. El insectario Anopheline tiene toda la estructura necesaria para llevar a cabo infecciones experimentales por Plasmodium, para el estudio de la biolog\u00eda de la interacci\u00f3n vector-par\u00e1sito y para que los f\u00e1rmacos bloqueen la transmisi\u00f3n. Cuenta con una Colecci\u00f3n de Entomolog\u00eda M\u00e9dica de 150.000 insectos vectores de enfermedades y escorpiones y ara\u00f1as de inter\u00e9s m\u00e9dico, microscopios estereosc\u00f3picos con c\u00e1maras acopladas, software para captura de im\u00e1genes, TV para proyecci\u00f3n de im\u00e1genes y computadoras;<\/p>\n<p align=\"justify\" _msttexthash=\"6692504\" _msthash=\"102\">16. Laboratorio de Virolog\u00eda, con salas para cultivos celulares, cultivos virales y pruebas serol\u00f3gicas;<\/p>\n<p align=\"justify\" _msttexthash=\"9570483\" _msthash=\"103\">17. Laboratorio de Micobacteriosis: cuenta con equipos GenXpert con 4 m\u00f3dulos, sistema Bactec BD MGIT 960 TB y 2 microscopios \u00f3pticos;<\/p>\n<p align=\"justify\" _msttexthash=\"157333319\" _msthash=\"104\">19. Laboratorio de Bioinform\u00e1tica, que consta de dos salas independientes. El primero contiene un rack vertical (36U) que aloja un SAI de 3 Kva, el servidor (x Procesador Intel\u00ae Xeon\u00ae Silver 5120 de 14 n\u00facleos a 2,20GHz 19,25MB Cache (85W)), un monitor y un ordenador para el cortafuegos del servidor, as\u00ed como dos aires acondicionados que funcionan alternativamente y evitando as\u00ed el aumento de temperatura en la sala. La otra sala cuenta con tres ordenadores, tres monitores y dos SAI de 1,5 kva distribuidos en tres mesas para el an\u00e1lisis de datos bioinform\u00e1ticos.<\/p>\n<p align=\"justify\" _msttexthash=\"22497735\" _msthash=\"105\">20. Serpentario, ubicado en el Museo de la Amazonia (MUSA), donde se guardan ejemplares de serpientes venenosas, con licencia del IBAMA, con fines did\u00e1cticos y de investigaci\u00f3n en biolog\u00eda y toxinolog\u00eda;<\/p>\n<p align=\"justify\" _msttexthash=\"50071619\" _msthash=\"106\">21. Criobanco para el almacenamiento de muestras de investigaci\u00f3n. El criobanco cuenta con 12 congeladores y una c\u00e1mara frigor\u00edfica para la conservaci\u00f3n de las muestras biol\u00f3gicas a recolectar, utilizando el modelo de Ultra Baja Temperatura Sanyo Serie VIP -86C, apoyado en el uso de dos generadores de energ\u00eda;<\/p>\n<p align=\"justify\" _msttexthash=\"21136882\" _msthash=\"107\">22. Centro de Epidemiolog\u00eda Hospitalaria, con 10 computadoras para la consolidaci\u00f3n de notificaciones y estad\u00edsticas hospitalarias, que pueden ser utilizadas en investigaciones cient\u00edficas.<\/p>\n<p _msttexthash=\"4042051\" _msthash=\"108\">En la UEA tambi\u00e9n hay varios laboratorios utilizados con fines de investigaci\u00f3n:<\/p>\n<p align=\"justify\" _msttexthash=\"138921458\" _msthash=\"109\">1. Centro Multiusuario para el An\u00e1lisis de Fen\u00f3menos Biom\u00e9dicos (CMABio): tiene como objetivo atender la demanda brasile\u00f1a, especialmente en la regi\u00f3n Norte, con \u00e9nfasis en muestras biol\u00f3gicas y materiales aplicados a la salud. Cuenta con microscopios electr\u00f3nicos de transmisi\u00f3n y barrido de \u00faltima generaci\u00f3n, y microscopios \u00f3pticos confocales y de fluorescencia, as\u00ed como un equipo de t\u00e9cnicos especializados en los equipos mencionados y una junta directiva y una junta de investigadores experimentados;<\/p>\n<p align=\"justify\" _msttexthash=\"71635187\" _msthash=\"110\">2. Centro de Telesalud Amazonas, con sede en la Facultad de Ciencias de la Salud \u2013 ESA\/UEA, y cuenta con 68 puntos de Telesalud, 63 en \u00e1reas urbanas y 5 en \u00e1reas ind\u00edgenas, con la conectividad de todos los puntos mantenida por el Centro con recursos de la UEA, con aproximadamente 3.580 profesionales registrados en la Plataforma Nacional de Telesalud en Amazonas;<\/p>\n<p _msttexthash=\"1254253\" _msthash=\"111\">3. Laboratorio de Citolog\u00eda\/Histolog\u00eda;<\/p>\n<p _msttexthash=\"867503\" _msthash=\"112\">4. Laboratorio de Gen\u00e9tica Humana;<\/p>\n<p _msttexthash=\"1639001\" _msthash=\"113\">5. Laboratorio de Pr\u00f3tesis y Materiales Dentales;<\/p>\n<p _msttexthash=\"616980\" _msthash=\"114\">6. Laboratorio de Anatom\u00eda;<\/p>\n<p _msttexthash=\"1598779\" _msthash=\"115\">7. Laboratorio de Microbiolog\u00eda e Inmunolog\u00eda;<\/p>\n<p _msttexthash=\"705965\" _msthash=\"116\">8. Laboratorio de Enfermer\u00eda;<\/p>\n<p _msttexthash=\"1207154\" _msthash=\"117\">9. Laboratorio de T\u00e9cnicas Quir\u00fargicas;<\/p>\n<p _msttexthash=\"799604\" _msthash=\"118\">10. Laboratorio de Odontolog\u00eda;<\/p>\n<p _msttexthash=\"738062\" _msthash=\"119\">11. Laboratorio de Periodoncia;<\/p>\n<p _msttexthash=\"1006980\" _msthash=\"120\">12. Laboratorio Multidisciplinario;<\/p>\n<p _msttexthash=\"740623\" _msthash=\"121\">13. Laboratorio de Bioqu\u00edmica;<\/p>\n<p _msttexthash=\"837135\" _msthash=\"122\">14. Laboratorio de Farmacolog\u00eda;<\/p>\n<p _msttexthash=\"747149\" _msthash=\"123\">15. Laboratorio de Fisiolog\u00eda;<\/p>\n<p _msttexthash=\"1528423\" _msthash=\"124\">16. Laboratorio de Parasitolog\u00eda y Micolog\u00eda;<\/p>\n<p _msttexthash=\"762372\" _msthash=\"125\">17. Policl\u00ednica Odontol\u00f3gica.<\/p>\n<p align=\"justify\"><b _msttexthash=\"364520\" _msthash=\"126\">RECURSOS INFORM\u00c1TICOS<\/b><\/p>\n<p align=\"justify\" _msttexthash=\"289042546\" _msthash=\"127\">En las bibliotecas de FMT-HVD y UEA hay varios terminales de computadora conectados a internet, as\u00ed como Wi-Fi para que las personas conecten sus computadoras port\u00e1tiles a una red inal\u00e1mbrica de internet gratuita, entre las 7 am y las 5 pm. En este espacio, los alumnos pueden conectarse libremente al Portal de Revistas de la CAPES, adem\u00e1s de la posibilidad de conectarse a este portal desde sus casas, con una contrase\u00f1a de acceso otorgada por el PPGMT. En el edificio donde se encuentra la secretar\u00eda del PPGMT, hay una gran sala de estudio para estudiantes, con capacidad para unas 50 personas, y con acceso a internet v\u00eda Wi-Fi. Adem\u00e1s, cada laboratorio de investigaci\u00f3n cuenta con computadoras disponibles para uso de los estudiantes o conexi\u00f3n a trav\u00e9s de Wi-Fi.<\/p>\n<p align=\"justify\" _msttexthash=\"119105714\" _msthash=\"128\">Los profesores del PPGMT siguen explorando recursos en l\u00ednea con fines did\u00e1cticos. Adem\u00e1s de las clases presenciales, para crear un entorno de aprendizaje en l\u00ednea para las asignaturas, los profesores pueden utilizar el Entorno Virtual de Aprendizaje (EVA) de la UEA, un sistema que les permite crear f\u00e1cilmente diversos contenidos y cursos en l\u00ednea, ayudando al profesor y a los estudiantes a tener experiencias efectivas de ense\u00f1anza y aprendizaje apoyadas en las tecnolog\u00edas.<\/p>\n<p align=\"justify\" _msttexthash=\"217263865\" _msthash=\"129\">Disponibilidad de REDcap (Research Electronic Data Capture, desarrollado en la Universidad de Vanderbilt). REDCap es una plataforma basada en la web desarrollada para ayudar en la recopilaci\u00f3n de datos en estudios, para luego alojarlos en servidores en una ubicaci\u00f3n segura, monitoreada y con acceso limitado, con copias de seguridad diarias. La principal ventaja de REDCap es, como cualquier cuestionario electr\u00f3nico, que permite la recogida de datos de forma estandarizada, aumentando la eficiencia de los proyectos y facilitando el an\u00e1lisis de datos, especialmente en proyectos multic\u00e9ntricos. Es de uso gratuito para todos los proyectos de PPGMT.<\/p>\n<p align=\"justify\" _msttexthash=\"30335110\" _msthash=\"130\">PPGMT proporciona una licencia para el software Stata 12 (StataCorp. 2011. Stata Statistical Software: Versi\u00f3n 12. College Station, TX: StataCorp LP), para an\u00e1lisis estad\u00edsticos, y MAXQDA10 software, para an\u00e1lisis de estudios cualitativos.<\/p>\n<p align=\"justify\"><b _msttexthash=\"107302\" _msthash=\"131\">BIBLIOTECA<\/b><\/p>\n<p align=\"justify\" _msttexthash=\"426641150\" _msthash=\"132\">El Sistema Integrado de Bibliotecas \u2013 SIB\/UEA est\u00e1 estructurado en (01) una Biblioteca Central y 24 (veinticuatro) Bibliotecas Sectoriales ubicadas en Escuelas Superiores, Centros de Estudios Superiores y Centros de Estudios Superiores, todas ellas directamente interconectadas a la Biblioteca Central que promueve la integraci\u00f3n, estandarizaci\u00f3n de servicios y procesos: catalogaci\u00f3n, clasificaci\u00f3n, registro, adem\u00e1s del servicio presencial y en l\u00ednea del acervo bibliogr\u00e1fico por parte de la comunidad a trav\u00e9s de P\u00e9rgamo, Un sistema que permite al estudiante buscar y realizar reservas y renovaciones de t\u00edtulos a trav\u00e9s de internet. Pergamum ya se utiliza en unas 48 instituciones de educaci\u00f3n superior del pa\u00eds, lo que permite a los estudiantes de la UEA consultar la colecci\u00f3n de estas instituciones. El fondo bibliogr\u00e1fico consta de 59.723 t\u00edtulos, 157.560 ejemplares y 2.725 materiales adicionales.<\/p>\n<p align=\"justify\" _msttexthash=\"826358533\" _msthash=\"133\">La Biblioteca del Sector de Ciencias de la Salud est\u00e1 ubicada en la planta baja del edificio anexo en un \u00e1rea construida de 800 m2, con 3.250 t\u00edtulos y 8.704 ejemplares en su fondo bibliogr\u00e1fico, adem\u00e1s del acceso a la base de datos UpToDate, ClinicalKey, ClinicalSkills, Evolution, Biblioteca Virtual Pearson, repositorio institucional y el Portal de Revistas de la CAPES. Su estructura f\u00edsica consta de dos salas de lectura con capacidad para 120 butacas, un laboratorio de inform\u00e1tica, 35 cabinas de estudio individuales, 36 plazas de estudio en grupo, 8 estaciones para la producci\u00f3n cient\u00edfica, internet inal\u00e1mbrico en todo el espacio, un entorno de accesibilidad e interactividad, una colecci\u00f3n, un espacio cultural, administraci\u00f3n y atenci\u00f3n al usuario. Cuenta con el apoyo de tres bibliotecarios y est\u00e1 abierto a la comunidad acad\u00e9mica de lunes a viernes de 8:00 a.m. a 9:00 p.m., ininterrumpidamente, y los s\u00e1bados de 8:00 a.m. a 12:00 p.m. La biblioteca recibe un flujo mensual promedio de m\u00e1s de 10.000 usuarios inscritos en la instituci\u00f3n, adem\u00e1s de los visitantes. En cuanto a los pr\u00e9stamos, se realizan m\u00e1s de 2.000. Adem\u00e1s, la biblioteca cuenta con un laboratorio de computaci\u00f3n con 16 computadoras y 30 tabletas disponibles para consultas y clases, con acceso al Portal de Revistas de la CAPES.<\/p>\n<p align=\"justify\" _msttexthash=\"801934497\" _msthash=\"134\">Peri\u00f3dicamente, se realizan capacitaciones relacionadas con los servicios disponibles. Adem\u00e1s, la Biblioteca pone a disposici\u00f3n equipos de alta tecnolog\u00eda que permiten al usuario realizar su autopr\u00e9stamo, optimizando su tiempo y reduciendo las colas en el mostrador de atenci\u00f3n, que se realizan en tres terminales electr\u00f3nicas distribuidas en el espacio f\u00edsico de la biblioteca, incluyendo un terminal exclusivo para la accesibilidad. El pr\u00e9stamo de autoservicio de la colecci\u00f3n utiliza tecnolog\u00eda RFID (Radio Frequency Identification) compuesta por transpondedores (etiquetas RF), lectores con antenas conectadas a un ordenador controlador. RFID es una tecnolog\u00eda de identificaci\u00f3n que utiliza la radiofrecuencia para capturar datos, permitiendo leer una etiqueta sin necesidad de un campo visual, a trav\u00e9s de barreras y objetos como madera, pl\u00e1stico, papel, etc. Se implement\u00f3 el sistema para el control digital del pr\u00e9stamo a partir de la identificaci\u00f3n de la obra, seguimiento y gesti\u00f3n de todo el flujo de entrada y salida de los valores, sin contacto y sin necesidad de mostrador y personal para la dispensaci\u00f3n, agilizando as\u00ed el tiempo de transacci\u00f3n, la seguridad de acceso a la colecci\u00f3n y la calidad del servicio a la comunidad acad\u00e9mica.<\/p>\n<p align=\"justify\" _msttexthash=\"537403763\" _msthash=\"135\">El PPGMT tambi\u00e9n cuenta con un acervo propio con m\u00e1s de 200 vol\u00famenes de libros de texto espec\u00edficos en el \u00e1rea de la salud, adquiridos con recursos espec\u00edficos transferidos por el SUFRAMA depositados en la biblioteca del FMT-HVD, donde hay un acervo de m\u00e1s de 1000 ejemplares que incluye libros de Medicina Interna, Enfermedades Infecciosas, Pediatr\u00eda, Diagn\u00f3stico de Laboratorio, Epidemiolog\u00eda y algunas otras especialidades, y revistas concentradas en el \u00e1rea de Ciencias de la Salud. Infectious Diseases y cerca de 10.000 ejemplares entre las revistas nacionales e internacionales m\u00e1s antiguas. En la biblioteca FMT-HVD hay dos terminales de computadora conectados a internet, as\u00ed como espacio para que hasta 20 personas conecten sus computadoras port\u00e1tiles a una red de internet inal\u00e1mbrica gratuita entre las 7 am y las 5 pm. En este espacio, los alumnos pueden conectarse libremente al Portal de Revistas de la CAPES, adem\u00e1s de la posibilidad de conectarse a este portal desde sus casas, con una contrase\u00f1a de acceso otorgada por el PPGMT.<\/p>\n<p>[\/et_pb_text][\/et_pb_column][\/et_pb_row][\/et_pb_section]<\/p>\n","protected":false},"excerpt":{"rendered":"<p>LABORATORIOS: INFRAESTRUCTURA CL\u00cdNICA Y DE LABORATORIO: El PPGMT cuenta con la infraestructura de laboratorio tanto de la UEA como del FMT-HVD. Adem\u00e1s, utiliza laboratorios de otras instituciones socias en los proyectos de investigaci\u00f3n desarrollados por estudiantes de maestr\u00eda y doctorado, como los de HEMOAM, FIOCRUZ, LACEN, INPA, entre otros. 1. Consulta externa de enfermedades infecciosas [&hellip;]<\/p>\n","protected":false},"author":2,"featured_media":0,"parent":0,"menu_order":0,"comment_status":"closed","ping_status":"closed","template":"","meta":{"_et_pb_use_builder":"on","_et_pb_old_content":"","_et_gb_content_width":"","footnotes":""},"class_list":["post-353145","page","type-page","status-publish","hentry"],"_links":{"self":[{"href":"http:\/\/ppgmt.uea.edu.br\/index.php\/wp-json\/wp\/v2\/pages\/353145","targetHints":{"allow":["GET"]}}],"collection":[{"href":"http:\/\/ppgmt.uea.edu.br\/index.php\/wp-json\/wp\/v2\/pages"}],"about":[{"href":"http:\/\/ppgmt.uea.edu.br\/index.php\/wp-json\/wp\/v2\/types\/page"}],"author":[{"embeddable":true,"href":"http:\/\/ppgmt.uea.edu.br\/index.php\/wp-json\/wp\/v2\/users\/2"}],"replies":[{"embeddable":true,"href":"http:\/\/ppgmt.uea.edu.br\/index.php\/wp-json\/wp\/v2\/comments?post=353145"}],"version-history":[{"count":3,"href":"http:\/\/ppgmt.uea.edu.br\/index.php\/wp-json\/wp\/v2\/pages\/353145\/revisions"}],"predecessor-version":[{"id":353150,"href":"http:\/\/ppgmt.uea.edu.br\/index.php\/wp-json\/wp\/v2\/pages\/353145\/revisions\/353150"}],"wp:attachment":[{"href":"http:\/\/ppgmt.uea.edu.br\/index.php\/wp-json\/wp\/v2\/media?parent=353145"}],"curies":[{"name":"wp","href":"https:\/\/api.w.org\/{rel}","templated":true}]}}