{"id":352902,"date":"2024-03-24T14:58:59","date_gmt":"2024-03-24T17:58:59","guid":{"rendered":"https:\/\/ppgmt.uea.edu.br\/?page_id=352902"},"modified":"2025-04-23T17:41:02","modified_gmt":"2025-04-23T20:41:02","slug":"estructura-curricular","status":"publish","type":"page","link":"http:\/\/ppgmt.uea.edu.br\/index.php\/es\/estructura-curricular\/","title":{"rendered":"ESTRUCTURA CURRICULAR (ES)"},"content":{"rendered":"<p>[et_pb_section fb_built=&#8221;1&#8243; next_background_color=&#8221;#f4f4f4&#8243; _builder_version=&#8221;4.16&#8243; _module_preset=&#8221;default&#8221; custom_padding=&#8221;0px||0px|||&#8221; bottom_divider_style=&#8221;wave2&#8243; bottom_divider_height=&#8221;70px&#8221; bottom_divider_arrangement=&#8221;above_content&#8221; locked=&#8221;off&#8221; collapsed=&#8221;on&#8221; global_colors_info=&#8221;{}&#8221;][et_pb_row _builder_version=&#8221;4.16&#8243; _module_preset=&#8221;default&#8221; width=&#8221;100%&#8221; max_width=&#8221;100%&#8221; custom_padding=&#8221;0px||0px||false|false&#8221; global_colors_info=&#8221;{}&#8221;][et_pb_column type=&#8221;4_4&#8243; _builder_version=&#8221;4.16&#8243; _module_preset=&#8221;default&#8221; global_colors_info=&#8221;{}&#8221;][et_pb_slider arrows_custom_color=&#8221;#000000&#8243; dot_nav_custom_color=&#8221;#000000&#8243; _builder_version=&#8221;4.24.2&#8243; _module_preset=&#8221;default&#8221; header_font=&#8221;Carrois Gothic SC|700||on|||||&#8221; header_text_color=&#8221;#136334&#8243; background_color=&#8221;#FFFFFF&#8221; custom_padding=&#8221;10%||10%||true|false&#8221; hover_enabled=&#8221;0&#8243; global_colors_info=&#8221;{}&#8221; sticky_enabled=&#8221;0&#8243;][et_pb_slide heading=&#8221;ESTRUCTURA DEL CURR\u00cdCULO&#8221; _builder_version=&#8221;4.24.2&#8243; _module_preset=&#8221;default&#8221; background_enable_color=&#8221;off&#8221; background_image=&#8221;https:\/\/teste.somoscarv.com.br\/wp-content\/uploads\/2023\/01\/Ativo-4.png&#8221; background_enable_image=&#8221;on&#8221; hover_enabled=&#8221;0&#8243; global_colors_info=&#8221;{}&#8221; sticky_transition=&#8221;on&#8221; sticky_enabled=&#8221;0&#8243;][\/et_pb_slide][\/et_pb_slider][\/et_pb_column][\/et_pb_row][\/et_pb_section][et_pb_section fb_built=&#8221;1&#8243; _builder_version=&#8221;4.16&#8243; _module_preset=&#8221;default&#8221; background_color=&#8221;#f4f4f4&#8243; custom_padding=&#8221;50px||50px||true|&#8221; locked=&#8221;off&#8221; collapsed=&#8221;on&#8221; global_colors_info=&#8221;{}&#8221;][et_pb_row _builder_version=&#8221;4.16&#8243; _module_preset=&#8221;default&#8221; width=&#8221;100%&#8221; max_width=&#8221;85%&#8221; custom_padding=&#8221;||0px|||&#8221; global_colors_info=&#8221;{}&#8221;][et_pb_column type=&#8221;4_4&#8243; _builder_version=&#8221;4.16&#8243; _module_preset=&#8221;default&#8221; global_colors_info=&#8221;{}&#8221;][et_pb_text _builder_version=&#8221;4.16&#8243; _module_preset=&#8221;default&#8221; text_font=&#8221;Poppins||||||||&#8221; text_font_size=&#8221;16px&#8221; header_2_font=&#8221;Carrois Gothic SC|700|||||||&#8221; header_2_text_color=&#8221;#136334&#8243; header_3_font=&#8221;Carrois Gothic SC|700|||||||&#8221; global_colors_info=&#8221;{}&#8221;]<\/p>\n<blockquote>\n<h3 _msttexthash=\"85891\" _msthash=\"324\">MAESTROS<\/h3>\n<p>Cr\u00e9ditos requeridos: 6<br \/>Cr\u00e9ditos opcionales: 24 Cr\u00e9ditos<br \/>totales: 30<\/p>\n<\/blockquote>\n<p>[\/et_pb_text][et_pb_text quote_border_color=&#8221;#136334&#8243; _builder_version=&#8221;4.16&#8243; _module_preset=&#8221;default&#8221; text_font=&#8221;Poppins||||||||&#8221; text_font_size=&#8221;16px&#8221; header_2_font=&#8221;Carrois Gothic SC|700|||||||&#8221; header_2_text_color=&#8221;#136334&#8243; header_3_font=&#8221;Carrois Gothic SC|700|||||||&#8221; global_colors_info=&#8221;{}&#8221;]<\/p>\n<blockquote>\n<h3>DOCTORADO<\/h3>\n<p>Cr\u00e9ditos Obligatorios: 6<br \/>Cr\u00e9ditos Optativos: 30<br \/>Cr\u00e9ditos Obligatorios: 4<br \/>Seminarios de Evaluaci\u00f3n y\/o publicaci\u00f3n de art\u00edculos cient\u00edficos.<br \/>Total de cr\u00e9ditos: 40<\/p>\n<\/blockquote>\n<p>[\/et_pb_text][et_pb_text _builder_version=&#8221;4.24.2&#8243; _module_preset=&#8221;default&#8221; text_font=&#8221;Poppins||||||||&#8221; text_font_size=&#8221;16px&#8221; header_2_font=&#8221;Carrois Gothic SC|700|||||||&#8221; header_2_text_color=&#8221;#136334&#8243; header_3_font=&#8221;Carrois Gothic SC|700|||||||&#8221; hover_enabled=&#8221;0&#8243; global_colors_info=&#8221;{}&#8221; sticky_enabled=&#8221;0&#8243;]<\/p>\n<blockquote>\n<h3>ASIGNATURAS OBLIGATORIAS<\/h3>\n<ul>\n<li><a href=\"https:\/\/pos.uea.edu.br\/data\/area\/ecurricular\/download\/7-7.pdf\" target=\"_blank\" rel=\"noopener\">Bio\u00e9tica<\/a><br \/>02 Cr\u00e9ditos<\/li>\n<li><a href=\"https:\/\/pos.uea.edu.br\/data\/area\/ecurricular\/download\/7-9.pdf\" target=\"_blank\" rel=\"noopener\">Metodolog\u00eda de la Educaci\u00f3n Superior<\/a><br \/>02 Cr\u00e9ditos<\/li>\n<li>Metodolog\u00eda del Trabajo Cient\u00edfico<br \/>02 Cr\u00e9ditos<\/li>\n<li>Seminarios de Seguimiento de Investigaci\u00f3n \u2013 SAP (solo para estudiantes de doctorado)<br \/>02 Cr\u00e9ditos<\/li>\n<\/ul>\n<\/blockquote>\n<p>[\/et_pb_text][et_pb_text quote_border_color=&#8221;#136334&#8243; _builder_version=&#8221;4.24.2&#8243; _module_preset=&#8221;default&#8221; text_font=&#8221;Poppins||||||||&#8221; text_font_size=&#8221;16px&#8221; header_2_font=&#8221;Carrois Gothic SC|700|||||||&#8221; header_2_text_color=&#8221;#136334&#8243; header_3_font=&#8221;Carrois Gothic SC|700|||||||&#8221; hover_enabled=&#8221;0&#8243; global_colors_info=&#8221;{}&#8221; sticky_enabled=&#8221;0&#8243;]<\/p>\n<blockquote>\n<h3>ASIGNATURAS OPTATIVAS<\/h3>\n<ul>\n<li>La Biolog\u00eda de la Interacci\u00f3n de los Insectos Vectores con los Pat\u00f3genos Causantes de Enfermedades Desatendidas (02 cr\u00e9ditos)<\/li>\n<li><a href=\"https:\/\/pos.uea.edu.br\/data\/area\/ecurricular\/download\/8-43.pdf\" target=\"_blank\" rel=\"noopener\">Accidentes de animales venenosos<\/a>\u00a0(03 cr\u00e9ditos)<\/li>\n<li>An\u00e1lisis de Datos de Salud (02 cr\u00e9ditos)<\/li>\n<li><a href=\"https:\/\/pos.uea.edu.br\/data\/area\/ecurricular\/download\/8-74.pdf\" target=\"_blank\" rel=\"noopener\">An\u00e1lisis cualitativo de datos con el software IRaMuTeQ<\/a>\u00a0(01 cr\u00e9dito)<\/li>\n<li>Arbovirus (01 cr\u00e9dito)<\/li>\n<li>Bioestad\u00edstica (03 Cr\u00e9ditos)<\/li>\n<li>Biotecnolog\u00eda Aplicada al DTI (02 cr\u00e9ditos)<\/li>\n<li>Cardiolog\u00eda Tropical e Infecciosa (01 cr\u00e9dito)<\/li>\n<li>Citometr\u00eda de Flujo: Aplicaciones Cl\u00ednicas y de Laboratorio (02 cr\u00e9ditos)<\/li>\n<li>Dermatosis causadas por pat\u00f3genos intracelulares: lepra y leishmaniasis (03 cr\u00e9ditos)<\/li>\n<li>Diagn\u00f3stico de Laboratorio de Enfermedades Parasitarias Humanas (2 cr\u00e9ditos)<\/li>\n<li>Enfermedad de Chagas (01 cr\u00e9dito)<\/li>\n<li>Enfermedades Infecciosas y Gestaci\u00f3n (02 cr\u00e9ditos)<\/li>\n<li>Entomolog\u00eda M\u00e9dica (02 cr\u00e9ditos)<\/li>\n<li>Epidemiolog\u00eda (04 cr\u00e9ditos)<\/li>\n<li><a href=\"https:\/\/ppgmt.uea.edu.br\/wp-content\/uploads\/2023\/10\/8-46.pdf\" target=\"_blank\" rel=\"noopener\">Epidemiolog\u00eda Cl\u00ednica<\/a>\u00a0(03 cr\u00e9ditos)<\/li>\n<li>Hepatolog\u00eda Infecciosa (01 cr\u00e9dito)<\/li>\n<li>Historia de la Medicina Tropical (02 cr\u00e9ditos)<\/li>\n<li>Historia de las Enfermedades Tropicales e Infecciosas (04 cr\u00e9ditos)<\/li>\n<li>Inmunogen\u00e9tica (02 cr\u00e9ditos)<\/li>\n<li>Inmunolog\u00eda de Enfermedades Infecciosas (03 cr\u00e9ditos)<\/li>\n<li>Club de Revista en Entomolog\u00eda M\u00e9dica (03 cr\u00e9ditos)<\/li>\n<li>Malariolog\u00eda (02 cr\u00e9ditos)<\/li>\n<li>M\u00e9todos en Biolog\u00eda Molecular (02 cr\u00e9ditos)<\/li>\n<li>Micolog\u00eda M\u00e9dica (02 cr\u00e9ditos)<\/li>\n<li><a href=\"https:\/\/ppgmt.uea.edu.br\/wp-content\/uploads\/2023\/10\/Oficina-de-redacao-de-artigos-cientificos.pdf\" target=\"_blank\" rel=\"noopener\">Taller de Redacci\u00f3n de Art\u00edculos Cient\u00edficos<\/a>\u00a0(02 cr\u00e9ditos)<\/li>\n<li>Patolog\u00eda Tropical (02 cr\u00e9ditos)<\/li>\n<li><a href=\"https:\/\/pos.uea.edu.br\/data\/area\/ecurricular\/download\/8-62.pdf\" target=\"_blank\" rel=\"noopener\">Pensamiento Social y Enfermedades Infecciosas Tropicales<\/a>\u00a0(05 cr\u00e9ditos)<\/li>\n<li>Investigaci\u00f3n Cualitativa en DTI (02 cr\u00e9ditos)<\/li>\n<li><a href=\"https:\/\/pos.uea.edu.br\/data\/area\/ecurricular\/download\/8-54.pdf\" target=\"_blank\" rel=\"noopener\">Investigaci\u00f3n Cualitativa en Salud<\/a>\u00a0(04 cr\u00e9ditos)<\/li>\n<li>Investigaci\u00f3n en M\u00e9todos Mixtos en Enfermedades Tropicales (02 cr\u00e9ditos)<\/li>\n<li>Pr\u00e1ctica Docente Supervisada (02 cr\u00e9ditos)<\/li>\n<li>Revisi\u00f3n sistem\u00e1tica: de la planificaci\u00f3n a la publicaci\u00f3n (03 cr\u00e9ditos)<\/li>\n<li><a href=\"https:\/\/pos.uea.edu.br\/data\/area\/ecurricular\/download\/8-1.pdf\" target=\"_blank\" rel=\"noopener\">Seminario en Enfermedades Tropicales<\/a>\u00a0(03 Cr\u00e9ditos)<\/li>\n<li>Supervisi\u00f3n de Iniciaci\u00f3n Cient\u00edfica (01 cr\u00e9dito)<\/li>\n<li>Tema Especial \u2013 Bioseguridad Aplicada al Uso de Laboratorio de Entomolog\u00eda (01 cr\u00e9dito)<\/li>\n<li>Temas Especiales (02 Cr\u00e9ditos)<\/li>\n<li>Temas Especiales \u2013 Congreso PAIC (01 Cr\u00e9dito)<\/li>\n<li>Temas Especiales III \u2013 Virolog\u00eda Cl\u00ednica (02 cr\u00e9ditos)<\/li>\n<li><a href=\"https:\/\/pos.uea.edu.br\/data\/area\/ecurricular\/download\/8-63.pdf\" target=\"_blank\" rel=\"noopener\">Temas Especiales en Biotecnolog\u00eda: Toxinolog\u00eda B\u00e1sica y Aplicada: Bio-Tecnolog\u00edas de Toxinas \u00datiles para la Salud Humana y Animal<\/a>\u00a0(04 Cr\u00e9ditos)<\/li>\n<li>Temas Especiales\/SIDA (1 cr\u00e9dito)<\/li>\n<li>Temas Especiales\/Reuni\u00f3n Nacional de Graduados en Enfermedades Tropicales e Infecciosas<\/li>\n<li>Temas Especiales\/Seminario Amaz\u00f3nico de Investigaci\u00f3n Cl\u00ednica en Tuberculosis (01 cr\u00e9dito)<\/li>\n<li>Simposio de Temas Especiales\/PPGMT (01 cr\u00e9dito)<\/li>\n<li>T\u00f3picos de Dermatolog\u00eda Tropical y\/o Infecciosa (01 cr\u00e9dito)<\/li>\n<li>Temas Especiales \u2013 DAFO (02 cr\u00e9ditos)<\/li>\n<li>Temas Especiales\/SIDA (01 cr\u00e9dito)<\/li>\n<\/ul>\n<\/blockquote>\n<p>[\/et_pb_text][\/et_pb_column][\/et_pb_row][et_pb_row column_structure=&#8221;1_4,1_4,1_4,1_4&#8243; use_custom_gutter=&#8221;on&#8221; gutter_width=&#8221;2&#8243; disabled_on=&#8221;on|on|on&#8221; _builder_version=&#8221;4.16&#8243; _module_preset=&#8221;default&#8221; width=&#8221;100%&#8221; max_width=&#8221;85%&#8221; custom_padding=&#8221;0px|||||&#8221; disabled=&#8221;on&#8221; global_colors_info=&#8221;{}&#8221;][et_pb_column type=&#8221;1_4&#8243; _builder_version=&#8221;4.16&#8243; _module_preset=&#8221;default&#8221; global_colors_info=&#8221;{}&#8221;][et_pb_text quote_border_color=&#8221;#136334&#8243; _builder_version=&#8221;4.16&#8243; _module_preset=&#8221;default&#8221; text_font=&#8221;Poppins||||||||&#8221; text_line_height=&#8221;1.4em&#8221; ul_line_height=&#8221;1.4em&#8221; header_2_font=&#8221;Carrois Gothic SC|700|||||||&#8221; header_2_text_color=&#8221;#136334&#8243; header_3_font=&#8221;Carrois Gothic SC|700|||||||&#8221; global_colors_info=&#8221;{}&#8221;]<\/p>\n<ul>\n<li>A biologia da intera\u00e7\u00e3o de insetos vetores com os pat\u00f3genos causadores de doen\u00e7as negligenciadas (02 cr\u00e9ditos)<\/li>\n<li>Acidentes por animais pe\u00e7onhentos (03 cr\u00e9ditos)<\/li>\n<li>An\u00e1lise de Dados em Sa\u00fade (02 cr\u00e9ditos)<\/li>\n<li>Arboviroses (01 cr\u00e9dito)<\/li>\n<li>Bioestat\u00edstica (03 Cr\u00e9ditos)<\/li>\n<li>Biotecnologia Aplicada \u00e0 DTI (02 cr\u00e9ditos)<\/li>\n<li>Cardiologia Tropical e Infecciosa (01 cr\u00e9dito)<\/li>\n<li>Citometria de Fluxo: Aplica\u00e7\u00f5es Cl\u00ednicas e Laboratoriais (02 cr\u00e9ditos)<\/li>\n<li>Dermatoses causadas por pat\u00f3genos intracelulares: Hansen\u00edase e Leishmaniose (03 cr\u00e9ditos)<\/li>\n<li>Diagn\u00f3stico Laboratorial de Doen\u00e7as Parasit\u00e1rias Humanas (2 cr\u00e9ditos)<\/li>\n<li>Doen\u00e7a de Chagas (01 cr\u00e9dito)<\/li>\n<\/ul>\n<p>[\/et_pb_text][\/et_pb_column][et_pb_column type=&#8221;1_4&#8243; _builder_version=&#8221;4.16&#8243; _module_preset=&#8221;default&#8221; global_colors_info=&#8221;{}&#8221;][et_pb_text quote_border_color=&#8221;#136334&#8243; _builder_version=&#8221;4.16&#8243; _module_preset=&#8221;default&#8221; text_font=&#8221;Poppins||||||||&#8221; text_line_height=&#8221;1.4em&#8221; ul_line_height=&#8221;1.7em&#8221; header_2_font=&#8221;Carrois Gothic SC|700|||||||&#8221; header_2_text_color=&#8221;#136334&#8243; header_3_font=&#8221;Carrois Gothic SC|700|||||||&#8221; global_colors_info=&#8221;{}&#8221;]<\/p>\n<ul>\n<li>Doen\u00e7as Infecciosas e Gesta\u00e7\u00e3o (02 cr\u00e9ditos)<\/li>\n<li>Entomologia M\u00e9dica (02 Cr\u00e9ditos)<\/li>\n<li>Epidemiologia (04 Cr\u00e9ditos)<\/li>\n<li>Epidemiologia Cl\u00ednica (03 Cr\u00e9ditos)<\/li>\n<li>Hepatologia Infecciosa (01 cr\u00e9dito)<\/li>\n<li>Hist\u00f3ria da Medicina Tropical (02 cr\u00e9ditos)<\/li>\n<li>Hist\u00f3ria das Doen\u00e7as Tropicais e Infecciosas (04 cr\u00e9ditos)<\/li>\n<li>Imunogen\u00e9tica (02 cr\u00e9ditos)<\/li>\n<li>Journal Club em Entomologia M\u00e9dica (03 cr\u00e9ditos)<\/li>\n<li>Malariologia (02 cr\u00e9ditos)<\/li>\n<li>Micologia M\u00e9dica (02 cr\u00e9ditos)<\/li>\n<\/ul>\n<p>[\/et_pb_text][\/et_pb_column][et_pb_column type=&#8221;1_4&#8243; _builder_version=&#8221;4.16&#8243; _module_preset=&#8221;default&#8221; global_colors_info=&#8221;{}&#8221;][et_pb_text quote_border_color=&#8221;#136334&#8243; _builder_version=&#8221;4.16&#8243; _module_preset=&#8221;default&#8221; text_font=&#8221;Poppins||||||||&#8221; text_line_height=&#8221;1.4em&#8221; ul_line_height=&#8221;1.6em&#8221; header_2_font=&#8221;Carrois Gothic SC|700|||||||&#8221; header_2_text_color=&#8221;#136334&#8243; header_3_font=&#8221;Carrois Gothic SC|700|||||||&#8221; global_colors_info=&#8221;{}&#8221;]<\/p>\n<ul>\n<li>Oficina de reda\u00e7\u00e3o de artigos cient\u00edficos (02 cr\u00e9ditos)<\/li>\n<li>Patologia Tropical (02 cr\u00e9ditos)<\/li>\n<li>Pensamento Social e Doen\u00e7as Tropicais Infecciosas (05 cr\u00e9ditos)<\/li>\n<li>Pesquisa Qualitativa em DTI (02 cr\u00e9ditos)<\/li>\n<li>Pesquisa Qualitativa em Sa\u00fade (04 Cr\u00e9ditos)<\/li>\n<li>Pesquisa de M\u00e9todos Mistos em Doen\u00e7as Tropicais (02 cr\u00e9ditos)<\/li>\n<li>Pr\u00e1tica Docente Supervisionada (02 cr\u00e9ditos)<\/li>\n<li>Revis\u00e3o sistem\u00e1tica: do planejamento \u00e0 publica\u00e7\u00e3o (03 cr\u00e9ditos)<\/li>\n<li>Semin\u00e1rio em Doen\u00e7as Tropicais (03 Cr\u00e9ditos)<\/li>\n<li>Supervis\u00e3o de Inicia\u00e7\u00e3o Cient\u00edfica (01 cr\u00e9dito)<\/li>\n<li>T\u00f3pico especial &#8211; Biosseguran\u00e7a aplicada ao uso de laborat\u00f3rio de entomologia (01 cr\u00e9dito)<\/li>\n<\/ul>\n<p>[\/et_pb_text][\/et_pb_column][et_pb_column type=&#8221;1_4&#8243; _builder_version=&#8221;4.16&#8243; _module_preset=&#8221;default&#8221; global_colors_info=&#8221;{}&#8221;][et_pb_text quote_border_color=&#8221;#136334&#8243; _builder_version=&#8221;4.16&#8243; _module_preset=&#8221;default&#8221; text_font=&#8221;Poppins||||||||&#8221; text_line_height=&#8221;1.4em&#8221; ul_line_height=&#8221;1.4em&#8221; header_2_font=&#8221;Carrois Gothic SC|700|||||||&#8221; header_2_text_color=&#8221;#136334&#8243; header_3_font=&#8221;Carrois Gothic SC|700|||||||&#8221; global_colors_info=&#8221;{}&#8221;]<\/p>\n<ul>\n<li>T\u00f3picos Especiais (02 Cr\u00e9ditos)<\/li>\n<li>T\u00f3picos Especiais &#8211; Congresso PAIC (01 Cr\u00e9dito)<\/li>\n<li>T\u00f3picos Especiais III &#8211; Virologia Cl\u00ednica (02 Cr\u00e9ditos)<\/li>\n<li>T\u00f3picos Especiais em Biotecnologia: Toxinologia B\u00e1sica &amp; Aplicada: Bio-Tecnologias de Toxinas \u00dateis \u00e0 Sa\u00fade Humana e Animal (04 Cr\u00e9ditos)<\/li>\n<li>T\u00f3picos Especiais\/AIDS (1 cr\u00e9dito)<\/li>\n<li>T\u00f3picos Especiais\/Encontro Nacional de P\u00f3s-Gradua\u00e7\u00e3o em Doen\u00e7as Tropicais e Infecciosas\u00a0<\/li>\n<li>T\u00f3picos Especiais\/Semin\u00e1rio Amaz\u00f4nico de Pesquisa Cl\u00ednica em Tuberculose (01 cr\u00e9dito)<\/li>\n<li>T\u00f3picos Especiais\/Simp\u00f3sio do PPGMT (01 cr\u00e9dito)<\/li>\n<li>T\u00f3picos em Dermatologia Tropical e \/Infecciosa (01 cr\u00e9dito)<\/li>\n<li>T\u00f3picos especiais &#8211; SWOT (02 cr\u00e9ditos)<\/li>\n<li>T\u00f3picos especiais\/AIDS (01 cr\u00e9dito)<\/li>\n<\/ul>\n<p>[\/et_pb_text][\/et_pb_column][\/et_pb_row][\/et_pb_section]<\/p>\n","protected":false},"excerpt":{"rendered":"<p>MAESTROS Cr\u00e9ditos requeridos: 6Cr\u00e9ditos opcionales: 24 Cr\u00e9ditostotales: 30 DOCTORADO Cr\u00e9ditos Obligatorios: 6Cr\u00e9ditos Optativos: 30Cr\u00e9ditos Obligatorios: 4Seminarios de Evaluaci\u00f3n y\/o publicaci\u00f3n de art\u00edculos cient\u00edficos.Total de cr\u00e9ditos: 40 ASIGNATURAS OBLIGATORIAS Bio\u00e9tica02 Cr\u00e9ditos Metodolog\u00eda de la Educaci\u00f3n Superior02 Cr\u00e9ditos Metodolog\u00eda del Trabajo Cient\u00edfico02 Cr\u00e9ditos Seminarios de Seguimiento de Investigaci\u00f3n \u2013 SAP (solo para estudiantes de doctorado)02 Cr\u00e9ditos ASIGNATURAS [&hellip;]<\/p>\n","protected":false},"author":2,"featured_media":0,"parent":0,"menu_order":0,"comment_status":"closed","ping_status":"closed","template":"","meta":{"_et_pb_use_builder":"on","_et_pb_old_content":"","_et_gb_content_width":"","footnotes":""},"class_list":["post-352902","page","type-page","status-publish","hentry"],"_links":{"self":[{"href":"http:\/\/ppgmt.uea.edu.br\/index.php\/wp-json\/wp\/v2\/pages\/352902","targetHints":{"allow":["GET"]}}],"collection":[{"href":"http:\/\/ppgmt.uea.edu.br\/index.php\/wp-json\/wp\/v2\/pages"}],"about":[{"href":"http:\/\/ppgmt.uea.edu.br\/index.php\/wp-json\/wp\/v2\/types\/page"}],"author":[{"embeddable":true,"href":"http:\/\/ppgmt.uea.edu.br\/index.php\/wp-json\/wp\/v2\/users\/2"}],"replies":[{"embeddable":true,"href":"http:\/\/ppgmt.uea.edu.br\/index.php\/wp-json\/wp\/v2\/comments?post=352902"}],"version-history":[{"count":4,"href":"http:\/\/ppgmt.uea.edu.br\/index.php\/wp-json\/wp\/v2\/pages\/352902\/revisions"}],"predecessor-version":[{"id":352920,"href":"http:\/\/ppgmt.uea.edu.br\/index.php\/wp-json\/wp\/v2\/pages\/352902\/revisions\/352920"}],"wp:attachment":[{"href":"http:\/\/ppgmt.uea.edu.br\/index.php\/wp-json\/wp\/v2\/media?parent=352902"}],"curies":[{"name":"wp","href":"https:\/\/api.w.org\/{rel}","templated":true}]}}