{"id":352888,"date":"2024-03-24T14:39:15","date_gmt":"2024-03-24T17:39:15","guid":{"rendered":"https:\/\/ppgmt.uea.edu.br\/?page_id=352888"},"modified":"2024-03-24T14:46:35","modified_gmt":"2024-03-24T17:46:35","slug":"lineas-de-busqueda","status":"publish","type":"page","link":"http:\/\/ppgmt.uea.edu.br\/index.php\/es\/lineas-de-busqueda\/","title":{"rendered":"L\u00edneas de b\u00fasqueda (ES)"},"content":{"rendered":"<p>[et_pb_section fb_built=&#8221;1&#8243; next_background_color=&#8221;#f4f4f4&#8243; admin_label=&#8221;Se\u00e7\u00e3o&#8221; _builder_version=&#8221;4.16&#8243; _module_preset=&#8221;default&#8221; custom_padding=&#8221;0px||0px|||&#8221; bottom_divider_style=&#8221;wave2&#8243; bottom_divider_height=&#8221;70px&#8221; bottom_divider_arrangement=&#8221;above_content&#8221; locked=&#8221;off&#8221; global_colors_info=&#8221;{}&#8221;][et_pb_row _builder_version=&#8221;4.16&#8243; _module_preset=&#8221;default&#8221; width=&#8221;100%&#8221; max_width=&#8221;100%&#8221; custom_padding=&#8221;0px||0px||false|false&#8221; global_colors_info=&#8221;{}&#8221;][et_pb_column type=&#8221;4_4&#8243; _builder_version=&#8221;4.16&#8243; _module_preset=&#8221;default&#8221; global_colors_info=&#8221;{}&#8221;][et_pb_slider arrows_custom_color=&#8221;#000000&#8243; dot_nav_custom_color=&#8221;#000000&#8243; _builder_version=&#8221;4.24.2&#8243; _module_preset=&#8221;default&#8221; header_font=&#8221;Carrois Gothic SC|700||on|||||&#8221; header_text_color=&#8221;#136334&#8243; background_color=&#8221;#FFFFFF&#8221; custom_padding=&#8221;10%||10%||true|false&#8221; hover_enabled=&#8221;0&#8243; global_colors_info=&#8221;{}&#8221; sticky_enabled=&#8221;0&#8243;][et_pb_slide heading=&#8221;L\u00edneas de b\u00fasqueda&#8221; _builder_version=&#8221;4.24.2&#8243; _module_preset=&#8221;default&#8221; background_enable_color=&#8221;off&#8221; background_image=&#8221;https:\/\/teste.somoscarv.com.br\/wp-content\/uploads\/2023\/01\/Ativo-4.png&#8221; background_enable_image=&#8221;on&#8221; hover_enabled=&#8221;0&#8243; global_colors_info=&#8221;{}&#8221; sticky_transition=&#8221;on&#8221; sticky_enabled=&#8221;0&#8243;][\/et_pb_slide][\/et_pb_slider][\/et_pb_column][\/et_pb_row][\/et_pb_section][et_pb_section fb_built=&#8221;1&#8243; _builder_version=&#8221;4.16&#8243; _module_preset=&#8221;default&#8221; background_color=&#8221;#f4f4f4&#8243; custom_padding=&#8221;50px||50px||true|&#8221; locked=&#8221;off&#8221; global_colors_info=&#8221;{}&#8221;][et_pb_row _builder_version=&#8221;4.16&#8243; _module_preset=&#8221;default&#8221; global_colors_info=&#8221;{}&#8221;][et_pb_column type=&#8221;4_4&#8243; _builder_version=&#8221;4.16&#8243; _module_preset=&#8221;default&#8221; global_colors_info=&#8221;{}&#8221;][et_pb_text _builder_version=&#8221;4.21.2&#8243; _module_preset=&#8221;default&#8221; text_font=&#8221;Poppins||||||||&#8221; text_font_size=&#8221;16px&#8221; header_2_font=&#8221;Carrois Gothic SC|700|||||||&#8221; header_2_text_color=&#8221;#136334&#8243; header_3_font=&#8221;Carrois Gothic SC|700|||||||&#8221; text_orientation=&#8221;justified&#8221; global_colors_info=&#8221;{}&#8221;]<\/p>\n<blockquote>\n<h3>Estudios precl\u00ednicos, cl\u00ednicos y de validaci\u00f3n de tecnolog\u00edas para la prevenci\u00f3n, diagn\u00f3stico y tratamiento de enfermedades tropicales e infecciosas (EDIs)<\/h3>\n<p>Estudios sobre el proceso de evaluaci\u00f3n de la seguridad, eficacia, efectividad y coste-efectividad de las tecnolog\u00edas para la terapia, prevenci\u00f3n y diagn\u00f3stico de las EDI. Incluye estudios de prospecci\u00f3n y caracterizaci\u00f3n de mol\u00e9culas de inter\u00e9s en el tratamiento de DTIs; ensayos in vitro, ex vivo, in silico y en animales de laboratorio de mol\u00e9culas biol\u00f3gicamente activas; ensayos cl\u00ednicos para la evaluaci\u00f3n de la seguridad y eficacia de medicamentos e intervenciones no farmacol\u00f3gicas para el tratamiento de las EPI; estudios sobre la farmacodinamia, la farmacocin\u00e9tica y la farmacogen\u00e9tica de los f\u00e1rmacos utilizados en el tratamiento de las EPI; ensayos cl\u00ednicos para evaluar la seguridad y eficacia de las vacunas y otras formas de prevenci\u00f3n de las ITD; estudios de farmacovigilancia de medicamentos y otros productos sanitarios; estudios para validar la exactitud y reproducibilidad de las pruebas diagn\u00f3sticas; estudios de validaci\u00f3n de tecnolog\u00edas educativas, incluidas las computacionales, para la prevenci\u00f3n y adherencia al diagn\u00f3stico y tratamiento de las EPI; estudios sobre la implementaci\u00f3n de intervenciones terap\u00e9uticas, preventivas y diagn\u00f3sticas para las EPI; estudios sobre el costo y la rentabilidad de las tecnolog\u00edas para el tratamiento, la prevenci\u00f3n y el diagn\u00f3stico de los ITD; estudios de educaci\u00f3n y divulgaci\u00f3n cient\u00edfica para la promoci\u00f3n de la salud en el control de las ITD.<\/p>\n<p>&nbsp;<\/p>\n<\/blockquote>\n<p>[\/et_pb_text][et_pb_text quote_border_color=&#8221;#136334&#8243; _builder_version=&#8221;4.21.2&#8243; _module_preset=&#8221;default&#8221; text_font=&#8221;Poppins||||||||&#8221; text_font_size=&#8221;16px&#8221; header_2_font=&#8221;Carrois Gothic SC|700|||||||&#8221; header_2_text_color=&#8221;#136334&#8243; header_3_font=&#8221;Carrois Gothic SC|700|||||||&#8221; text_orientation=&#8221;justified&#8221; global_colors_info=&#8221;{}&#8221;]<\/p>\n<blockquote>\n<h3>Estudios sobre la carga, pron\u00f3stico e identificaci\u00f3n de marcadores gen\u00e9ticos, inmunol\u00f3gicos, sociales, culturales y econ\u00f3micos de enfermedades tropicales e infecciosas (ITD)<\/h3>\n<p>Estudios descriptivos o anal\u00edticos, transversales o longitudinales, con metodolog\u00eda cuantitativa o cualitativa orientada a medir la frecuencia de los ITD, sus resultados y determinantes. Incluye estudios sobre la prevalencia e incidencia de los ITD; estudios para identificar los factores de riesgo de la DTI; estudios para describir los resultados cl\u00ednicos, de laboratorio y funcionales e identificar los factores pron\u00f3sticos de estos resultados; evaluaci\u00f3n de la calidad de vida en pacientes con ITD; estudios del perfil gen\u00e9tico e inmunol\u00f3gico predictor o pron\u00f3stico en los ITD; estudios cualitativos o mixtos para la caracterizaci\u00f3n de determinantes subjetivos, sociales, culturales y econ\u00f3micos en las ITD; estudios sobre la causa de muerte en los DTI; estudios ecol\u00f3gicos sobre la influencia de los indicadores socioecon\u00f3micos, hist\u00f3ricos y culturales en la carga de los ITD; aplicaci\u00f3n de tecnolog\u00edas computacionales, incluida la inteligencia artificial, en el an\u00e1lisis de datos DTI.<\/p>\n<p>&nbsp;<\/p>\n<\/blockquote>\n<p>[\/et_pb_text][et_pb_text _builder_version=&#8221;4.21.2&#8243; _module_preset=&#8221;default&#8221; text_font=&#8221;Poppins||||||||&#8221; text_font_size=&#8221;16px&#8221; header_2_font=&#8221;Carrois Gothic SC|700|||||||&#8221; header_2_text_color=&#8221;#136334&#8243; header_3_font=&#8221;Carrois Gothic SC|700|||||||&#8221; text_orientation=&#8221;justified&#8221; global_colors_info=&#8221;{}&#8221;]<\/p>\n<blockquote>\n<h3>Estudios sobre la interacci\u00f3n entre los diferentes componentes de los ciclos de las enfermedades tropicales e infecciosas (EDI), incluidos los seres humanos, los animales, los pat\u00f3genos y el medio ambiente.<\/h3>\n<p>Estudios transdisciplinarios, integrados y unificadores que tienen como objetivo equilibrar y optimizar de manera sostenible la salud de las personas, los animales y los ecosistemas, con especial inter\u00e9s en el bioma amaz\u00f3nico. Incluye estudios sobre la ecolog\u00eda, la gen\u00e9tica, la diversidad y otros aspectos de la biolog\u00eda de los vectores de enfermedades, los animales venenosos y otros animales de inter\u00e9s m\u00e9dico; estudios sobre la gen\u00e9tica, morfolog\u00eda, bioqu\u00edmica y otros aspectos de la biolog\u00eda de los pat\u00f3genos; estudios sobre la relaci\u00f3n pat\u00f3geno-vector; estudios sobre la relaci\u00f3n entre pat\u00f3genos y humanos o entre pat\u00f3genos y modelos animales; estudios in vitro, ex vivo e in vivo sobre la interacci\u00f3n entre toxinas y otros productos del metabolismo en animales de inter\u00e9s sanitario; estudios sobre los mecanismos de patog\u00e9nesis de los ITD; estudios desde la perspectiva de One Health (que contempla la salud humana, animal y ambiental), que involucran la interacci\u00f3n del hombre con los componentes bi\u00f3ticos y abi\u00f3ticos relevantes para los ciclos de los ITD; estudios sobre el impacto del medio ambiente y el cambio clim\u00e1tico en la carga de los ITD.<\/p>\n<p>&nbsp;<\/p>\n<\/blockquote>\n<p>[\/et_pb_text][\/et_pb_column][\/et_pb_row][\/et_pb_section]<\/p>\n","protected":false},"excerpt":{"rendered":"<p>Estudios precl\u00ednicos, cl\u00ednicos y de validaci\u00f3n de tecnolog\u00edas para la prevenci\u00f3n, diagn\u00f3stico y tratamiento de enfermedades tropicales e infecciosas (EDIs) Estudios sobre el proceso de evaluaci\u00f3n de la seguridad, eficacia, efectividad y coste-efectividad de las tecnolog\u00edas para la terapia, prevenci\u00f3n y diagn\u00f3stico de las EDI. Incluye estudios de prospecci\u00f3n y caracterizaci\u00f3n de mol\u00e9culas de inter\u00e9s [&hellip;]<\/p>\n","protected":false},"author":2,"featured_media":0,"parent":0,"menu_order":0,"comment_status":"closed","ping_status":"closed","template":"","meta":{"_et_pb_use_builder":"on","_et_pb_old_content":"","_et_gb_content_width":"","footnotes":""},"class_list":["post-352888","page","type-page","status-publish","hentry"],"_links":{"self":[{"href":"http:\/\/ppgmt.uea.edu.br\/index.php\/wp-json\/wp\/v2\/pages\/352888","targetHints":{"allow":["GET"]}}],"collection":[{"href":"http:\/\/ppgmt.uea.edu.br\/index.php\/wp-json\/wp\/v2\/pages"}],"about":[{"href":"http:\/\/ppgmt.uea.edu.br\/index.php\/wp-json\/wp\/v2\/types\/page"}],"author":[{"embeddable":true,"href":"http:\/\/ppgmt.uea.edu.br\/index.php\/wp-json\/wp\/v2\/users\/2"}],"replies":[{"embeddable":true,"href":"http:\/\/ppgmt.uea.edu.br\/index.php\/wp-json\/wp\/v2\/comments?post=352888"}],"version-history":[{"count":4,"href":"http:\/\/ppgmt.uea.edu.br\/index.php\/wp-json\/wp\/v2\/pages\/352888\/revisions"}],"predecessor-version":[{"id":352900,"href":"http:\/\/ppgmt.uea.edu.br\/index.php\/wp-json\/wp\/v2\/pages\/352888\/revisions\/352900"}],"wp:attachment":[{"href":"http:\/\/ppgmt.uea.edu.br\/index.php\/wp-json\/wp\/v2\/media?parent=352888"}],"curies":[{"name":"wp","href":"https:\/\/api.w.org\/{rel}","templated":true}]}}