{"id":352844,"date":"2024-03-24T14:16:52","date_gmt":"2024-03-24T17:16:52","guid":{"rendered":"https:\/\/ppgmt.uea.edu.br\/?page_id=352844"},"modified":"2024-03-24T14:31:50","modified_gmt":"2024-03-24T17:31:50","slug":"course-secretariat","status":"publish","type":"page","link":"http:\/\/ppgmt.uea.edu.br\/index.php\/en\/course-secretariat\/","title":{"rendered":"Course Secretariat (US)"},"content":{"rendered":"<p>[et_pb_section fb_built=&#8221;1&#8243; next_background_color=&#8221;#f4f4f4&#8243; _builder_version=&#8221;4.16&#8243; _module_preset=&#8221;default&#8221; custom_padding=&#8221;0px||0px|||&#8221; bottom_divider_style=&#8221;wave2&#8243; bottom_divider_height=&#8221;70px&#8221; bottom_divider_arrangement=&#8221;above_content&#8221; global_colors_info=&#8221;{}&#8221; theme_builder_area=&#8221;post_content&#8221; collapsed=&#8221;on&#8221;][et_pb_row _builder_version=&#8221;4.16&#8243; _module_preset=&#8221;default&#8221; width=&#8221;100%&#8221; max_width=&#8221;100%&#8221; custom_padding=&#8221;0px||0px||false|false&#8221; global_colors_info=&#8221;{}&#8221; theme_builder_area=&#8221;post_content&#8221;][et_pb_column type=&#8221;4_4&#8243; _builder_version=&#8221;4.16&#8243; _module_preset=&#8221;default&#8221; global_colors_info=&#8221;{}&#8221; theme_builder_area=&#8221;post_content&#8221;][et_pb_slider arrows_custom_color=&#8221;#000000&#8243; dot_nav_custom_color=&#8221;#000000&#8243; _builder_version=&#8221;4.16&#8243; _module_preset=&#8221;default&#8221; header_font=&#8221;Carrois Gothic SC|700||on|||||&#8221; header_text_color=&#8221;#136334&#8243; background_color=&#8221;#FFFFFF&#8221; custom_padding=&#8221;10%||10%||true|false&#8221; global_colors_info=&#8221;{}&#8221; theme_builder_area=&#8221;post_content&#8221;][et_pb_slide heading=&#8221;SECRETARIA PPGMT&#8221; _builder_version=&#8221;4.16&#8243; _module_preset=&#8221;default&#8221; background_enable_color=&#8221;off&#8221; background_image=&#8221;https:\/\/teste.somoscarv.com.br\/wp-content\/uploads\/2023\/01\/Ativo-4.png&#8221; background_enable_image=&#8221;on&#8221; global_colors_info=&#8221;{}&#8221; sticky_transition=&#8221;on&#8221; theme_builder_area=&#8221;post_content&#8221;][\/et_pb_slide][\/et_pb_slider][\/et_pb_column][\/et_pb_row][\/et_pb_section][et_pb_section fb_built=&#8221;1&#8243; _builder_version=&#8221;4.16&#8243; _module_preset=&#8221;default&#8221; background_color=&#8221;#f4f4f4&#8243; custom_padding=&#8221;50px||50px||true|&#8221; global_colors_info=&#8221;{}&#8221; theme_builder_area=&#8221;post_content&#8221; collapsed=&#8221;on&#8221;][et_pb_row column_structure=&#8221;1_3,1_3,1_3&#8243; _builder_version=&#8221;4.16&#8243; _module_preset=&#8221;default&#8221; global_colors_info=&#8221;{}&#8221; theme_builder_area=&#8221;post_content&#8221;][et_pb_column type=&#8221;1_3&#8243; _builder_version=&#8221;4.16&#8243; _module_preset=&#8221;default&#8221; global_colors_info=&#8221;{}&#8221; theme_builder_area=&#8221;post_content&#8221;][et_pb_team_member name=&#8221;Prof\u00aa. Dra. Gisely Cardoso de Melo&#8221; position=&#8221;Coordenadora&#8221; image_url=&#8221;https:\/\/ppgmt.uea.edu.br\/wp-content\/uploads\/2023\/08\/Gisely-Cardoso-de-Melo-1.jpg&#8221; _builder_version=&#8221;4.22.1&#8243; _module_preset=&#8221;default&#8221; header_text_align=&#8221;center&#8221; header_text_color=&#8221;#136334&#8243; position_font=&#8221;|||on|||||&#8221; position_text_align=&#8221;center&#8221; position_text_color=&#8221;gcid-e113ca5a-d17b-401b-a016-440d2d932b08&#8243; global_colors_info=&#8221;{%22gcid-e113ca5a-d17b-401b-a016-440d2d932b08%22:%91%22position_text_color%22%93}&#8221; theme_builder_area=&#8221;post_content&#8221;][\/et_pb_team_member][et_pb_team_member name=&#8221;Altariza Monteiro de Freitas&#8221; image_url=&#8221;http:\/\/ppgmt.uea.edu.br\/wp-content\/uploads\/2023\/08\/Altariza-Monteiro-Freitas-1.jpg&#8221; _builder_version=&#8221;4.21.2&#8243; _module_preset=&#8221;default&#8221; header_text_align=&#8221;center&#8221; header_text_color=&#8221;#136334&#8243; position_font=&#8221;|||on|||||&#8221; position_text_align=&#8221;center&#8221; position_text_color=&#8221;gcid-e113ca5a-d17b-401b-a016-440d2d932b08&#8243; global_colors_info=&#8221;{%22gcid-e113ca5a-d17b-401b-a016-440d2d932b08%22:%91%22position_text_color%22%93}&#8221; theme_builder_area=&#8221;post_content&#8221;][\/et_pb_team_member][\/et_pb_column][et_pb_column type=&#8221;1_3&#8243; _builder_version=&#8221;4.16&#8243; _module_preset=&#8221;default&#8221; global_colors_info=&#8221;{}&#8221; theme_builder_area=&#8221;post_content&#8221;][et_pb_team_member name=&#8221;Prof\u00aa. Dra. Jacqueline de Almeida Gon\u00e7alves Sachett &#8221; position=&#8221;Vice Coordenadora&#8221; image_url=&#8221;http:\/\/ppgmt.uea.edu.br\/wp-content\/uploads\/2023\/08\/Jacqueline-de-Almeida-Goncalves-Sachett.jpg&#8221; _builder_version=&#8221;4.22.1&#8243; _module_preset=&#8221;default&#8221; header_text_align=&#8221;center&#8221; header_text_color=&#8221;#136334&#8243; position_font=&#8221;|||on|||||&#8221; position_text_align=&#8221;center&#8221; position_text_color=&#8221;gcid-e113ca5a-d17b-401b-a016-440d2d932b08&#8243; global_colors_info=&#8221;{%22gcid-e113ca5a-d17b-401b-a016-440d2d932b08%22:%91%22position_text_color%22%93}&#8221; theme_builder_area=&#8221;post_content&#8221;][\/et_pb_team_member][et_pb_team_member name=&#8221;Jo\u00e1s G\u00f3is Ribeiro&#8221; image_url=&#8221;http:\/\/ppgmt.uea.edu.br\/wp-content\/uploads\/2023\/08\/Joas-Gois-Ribeiro-1.jpg&#8221; _builder_version=&#8221;4.21.2&#8243; _module_preset=&#8221;default&#8221; header_text_align=&#8221;center&#8221; header_text_color=&#8221;#136334&#8243; position_font=&#8221;|||on|||||&#8221; position_text_align=&#8221;center&#8221; position_text_color=&#8221;gcid-e113ca5a-d17b-401b-a016-440d2d932b08&#8243; global_colors_info=&#8221;{%22gcid-e113ca5a-d17b-401b-a016-440d2d932b08%22:%91%22position_text_color%22%93}&#8221; theme_builder_area=&#8221;post_content&#8221;][\/et_pb_team_member][\/et_pb_column][et_pb_column type=&#8221;1_3&#8243; _builder_version=&#8221;4.16&#8243; _module_preset=&#8221;default&#8221; global_colors_info=&#8221;{}&#8221; theme_builder_area=&#8221;post_content&#8221;][et_pb_team_member name=&#8221;M\u00e1rcio Thiago Santos de Oliveira&#8221; image_url=&#8221;http:\/\/ppgmt.uea.edu.br\/wp-content\/uploads\/2023\/08\/Marcio-Thiago-Santos-de-Oliveira-1.jpg&#8221; _builder_version=&#8221;4.21.2&#8243; _module_preset=&#8221;default&#8221; header_text_align=&#8221;center&#8221; header_text_color=&#8221;#136334&#8243; position_font=&#8221;|||on|||||&#8221; position_text_align=&#8221;center&#8221; position_text_color=&#8221;gcid-e113ca5a-d17b-401b-a016-440d2d932b08&#8243; global_colors_info=&#8221;{%22gcid-e113ca5a-d17b-401b-a016-440d2d932b08%22:%91%22position_text_color%22%93}&#8221; theme_builder_area=&#8221;post_content&#8221;][\/et_pb_team_member][\/et_pb_column][\/et_pb_row][et_pb_row _builder_version=&#8221;4.16&#8243; _module_preset=&#8221;default&#8221; global_colors_info=&#8221;{}&#8221; theme_builder_area=&#8221;post_content&#8221;][et_pb_column type=&#8221;4_4&#8243; _builder_version=&#8221;4.16&#8243; _module_preset=&#8221;default&#8221; global_colors_info=&#8221;{}&#8221; theme_builder_area=&#8221;post_content&#8221;][et_pb_text _builder_version=&#8221;4.22.1&#8243; _module_preset=&#8221;default&#8221; text_font=&#8221;Poppins||||||||&#8221; text_font_size=&#8221;16px&#8221; header_2_font=&#8221;Carrois Gothic SC|700|||||||&#8221; header_2_text_color=&#8221;#136334&#8243; global_colors_info=&#8221;{}&#8221; theme_builder_area=&#8221;post_content&#8221;]<\/p>\n<h2>INFORMA\u00c7\u00d5ES<\/h2>\n<p><strong>Hor\u00e1rio de funcionamento:<\/strong><br \/>08h00 as 12h00 e 13h00 as 17h00 de segunda a sexta-feira.<\/p>\n<p><strong>Endere\u00e7o:<\/strong><br \/>Av. Pedro Teixeira, n\u00ba 25 &#8211; Bairro Dom Pedro no 3\u00ba andar da unidade de Pesquisa Cl\u00ednica Carlos Borborema (UPCCB)<br \/>CEP 69.040-000 &#8211; Manaus &#8211; Amazonas &#8211; Brasil<\/p>\n<p><strong>Telefone:<\/strong><br \/>+55 92 2127-3507<\/p>\n<p><strong>E-mail:<\/strong><br \/>ppgmt@uea.edu.br<br \/>ppgmt.uea@fmt.am.gov.br<\/p>\n<p>[\/et_pb_text][\/et_pb_column][\/et_pb_row][\/et_pb_section]<\/p>\n","protected":false},"excerpt":{"rendered":"<p>INFORMA\u00c7\u00d5ES Hor\u00e1rio de funcionamento:08h00 as 12h00 e 13h00 as 17h00 de segunda a sexta-feira. Endere\u00e7o:Av. Pedro Teixeira, n\u00ba 25 &#8211; Bairro Dom Pedro no 3\u00ba andar da unidade de Pesquisa Cl\u00ednica Carlos Borborema (UPCCB)CEP 69.040-000 &#8211; Manaus &#8211; Amazonas &#8211; Brasil Telefone:+55 92 2127-3507 E-mail:ppgmt@uea.edu.brppgmt.uea@fmt.am.gov.br<\/p>\n","protected":false},"author":2,"featured_media":0,"parent":0,"menu_order":0,"comment_status":"closed","ping_status":"closed","template":"","meta":{"_et_pb_use_builder":"on","_et_pb_old_content":"","_et_gb_content_width":"","footnotes":""},"class_list":["post-352844","page","type-page","status-publish","hentry"],"_links":{"self":[{"href":"http:\/\/ppgmt.uea.edu.br\/index.php\/wp-json\/wp\/v2\/pages\/352844","targetHints":{"allow":["GET"]}}],"collection":[{"href":"http:\/\/ppgmt.uea.edu.br\/index.php\/wp-json\/wp\/v2\/pages"}],"about":[{"href":"http:\/\/ppgmt.uea.edu.br\/index.php\/wp-json\/wp\/v2\/types\/page"}],"author":[{"embeddable":true,"href":"http:\/\/ppgmt.uea.edu.br\/index.php\/wp-json\/wp\/v2\/users\/2"}],"replies":[{"embeddable":true,"href":"http:\/\/ppgmt.uea.edu.br\/index.php\/wp-json\/wp\/v2\/comments?post=352844"}],"version-history":[{"count":3,"href":"http:\/\/ppgmt.uea.edu.br\/index.php\/wp-json\/wp\/v2\/pages\/352844\/revisions"}],"predecessor-version":[{"id":352875,"href":"http:\/\/ppgmt.uea.edu.br\/index.php\/wp-json\/wp\/v2\/pages\/352844\/revisions\/352875"}],"wp:attachment":[{"href":"http:\/\/ppgmt.uea.edu.br\/index.php\/wp-json\/wp\/v2\/media?parent=352844"}],"curies":[{"name":"wp","href":"https:\/\/api.w.org\/{rel}","templated":true}]}}