{"id":350876,"date":"2023-02-27T19:36:49","date_gmt":"2023-02-27T19:36:49","guid":{"rendered":"https:\/\/teste.somoscarv.com.br\/?page_id=350876"},"modified":"2024-06-05T06:07:33","modified_gmt":"2024-06-05T09:07:33","slug":"ppgmt-infraestrutura","status":"publish","type":"page","link":"http:\/\/ppgmt.uea.edu.br\/index.php\/ppgmt-infraestrutura\/","title":{"rendered":"PPGMT &#8211; Infraestrutura"},"content":{"rendered":"<p>[et_pb_section fb_built=&#8221;1&#8243; next_background_color=&#8221;#f4f4f4&#8243; _builder_version=&#8221;4.16&#8243; _module_preset=&#8221;default&#8221; custom_padding=&#8221;0px||0px|||&#8221; bottom_divider_style=&#8221;wave2&#8243; bottom_divider_height=&#8221;70px&#8221; bottom_divider_arrangement=&#8221;above_content&#8221; global_colors_info=&#8221;{}&#8221;][et_pb_row _builder_version=&#8221;4.16&#8243; _module_preset=&#8221;default&#8221; width=&#8221;100%&#8221; max_width=&#8221;100%&#8221; custom_padding=&#8221;0px||0px||false|false&#8221; global_colors_info=&#8221;{}&#8221;][et_pb_column type=&#8221;4_4&#8243; _builder_version=&#8221;4.16&#8243; _module_preset=&#8221;default&#8221; global_colors_info=&#8221;{}&#8221;][et_pb_slider arrows_custom_color=&#8221;#000000&#8243; dot_nav_custom_color=&#8221;#000000&#8243; _builder_version=&#8221;4.16&#8243; _module_preset=&#8221;default&#8221; header_font=&#8221;Carrois Gothic SC|700||on|||||&#8221; header_text_color=&#8221;#136334&#8243; background_color=&#8221;#FFFFFF&#8221; custom_padding=&#8221;10%||10%||true|false&#8221; global_colors_info=&#8221;{}&#8221;][et_pb_slide heading=&#8221;Infraestrutura&#8221; _builder_version=&#8221;4.16&#8243; _module_preset=&#8221;default&#8221; background_enable_color=&#8221;off&#8221; background_image=&#8221;https:\/\/teste.somoscarv.com.br\/wp-content\/uploads\/2023\/01\/Ativo-4.png&#8221; background_enable_image=&#8221;on&#8221; global_colors_info=&#8221;{}&#8221; sticky_transition=&#8221;on&#8221;][\/et_pb_slide][\/et_pb_slider][\/et_pb_column][\/et_pb_row][\/et_pb_section][et_pb_section fb_built=&#8221;1&#8243; _builder_version=&#8221;4.16&#8243; _module_preset=&#8221;default&#8221; background_color=&#8221;#f4f4f4&#8243; custom_padding=&#8221;50px||50px||true|&#8221; global_colors_info=&#8221;{}&#8221;][et_pb_row _builder_version=&#8221;4.16&#8243; _module_preset=&#8221;default&#8221; global_colors_info=&#8221;{}&#8221;][et_pb_column type=&#8221;4_4&#8243; _builder_version=&#8221;4.16&#8243; _module_preset=&#8221;default&#8221; global_colors_info=&#8221;{}&#8221;][et_pb_text _builder_version=&#8221;4.21.2&#8243; _module_preset=&#8221;default&#8221; global_colors_info=&#8221;{}&#8221;]<\/p>\n<p><b>LABORAT\u00d3RIOS:<\/b><\/p>\n<p><b>INFRAESTRUTURA CL\u00cdNICA E DE LABORAT\u00d3RIO:<\/b><\/p>\n<p align=\"justify\">O PPGMT conta com a infraestrutura de laborat\u00f3rios tanto da UEA quanto da FMT-HVD. Al\u00e9m disto, utiliza laborat\u00f3rios de outras institui\u00e7\u00f5es parceiras nos projetos de pesquisa desenvolvidos pelos mestrandos e doutorandos, como os do HEMOAM, FIOCRUZ, LACEN, INPA, entre outros.<\/p>\n<p align=\"justify\">1. Ambulat\u00f3rio de doen\u00e7as infecciosas e dermatologia, com 46 consult\u00f3rios, para realiza\u00e7\u00e3o de consultas em Infectologia, Infectologia pedi\u00e1trica, Medicina dos Viajantes, Hepatologia, Dermatologia e Psicologia, com dois centros cir\u00fargicos e cl\u00ednica de fisioterapia, em funcionamento de 7 \u00e0s 17 horas, de segunda a sexta-feira; tr\u00eas desses consult\u00f3rios s\u00e3o exclusivos para atendimento a pacientes de ensaios cl\u00ednicos (Unidade PESCLIN II);<\/p>\n<p align=\"justify\">2. Unidade de Interna\u00e7\u00e3o Dr. Nelson Antunes, com 141 leitos, distribu\u00eddos entre UTI, Pronto-Atendimento, Isolamento, Dermatologia, Hospital Dia, Enfermaria Masculina, Enfermaria Feminina, Enfermaria de Pediatria e Enfermaria de Pesquisa Cl\u00ednica com 8 leitos exclusivos para pacientes de ensaios cl\u00ednicos (Unidade PESCLIN I), com respiradores motorizados e exaustores com filtro HEPA. A Unidade de Pesquisa Cl\u00ednica (PESCLIN) faz parte da Rede Nacional de Pesquisa Cl\u00ednica em Hospitais de Ensino, da Secretaria de Ci\u00eancia e Tecnologia e Insumos Estrat\u00e9gicos (SCTIE) do Minist\u00e9rio da Sa\u00fade;<\/p>\n<p align=\"justify\">3. Laborat\u00f3rio de Pesquisa em HIV (LaPHIV), inaugurado em 2019, a partir de recursos do A\u00e7\u00e3o Interfederativa do Amazonas (INTERFAM), do Minist\u00e9rio da Sa\u00fade, medindo 623,12 m2, com a finalidade de incrementarmos a pesquisa de HIV\/AIDS e doen\u00e7as oportunistas das pessoas convivendo com o v\u00edrus HIV e de intensificar a participa\u00e7\u00e3o da sociedade civil na gest\u00e3o das pol\u00edticas p\u00fablicas nesta \u00e1rea, no Amazonas. Nesta estrutura ser\u00e3o desenvolvidos projetos de pesquisa de alta relev\u00e2ncia, inclusive com estudos de novas drogas e diagn\u00f3stico de alta tecnologia, melhorando o acompanhamento dos pacientes diagnosticados. Nesta \u00e1rea tamb\u00e9m ser\u00e3o trabalhadas e desenvolvidas novas condutas junto aos pesquisadores, psic\u00f3logos, m\u00e9dicos e diferentes atores da sociedade civil para melhor resolu\u00e7\u00e3o do acompanhamento e controle da doen\u00e7a com efetividade na sobrevida das pessoas que convivem com HIV;<\/p>\n<p align=\"justify\">4. Laborat\u00f3rio de Biosseguran\u00e7a n\u00edvel III com biot\u00e9rio de experimenta\u00e7\u00e3o e espa\u00e7o para manipula\u00e7\u00e3o e pesquisas com pat\u00f3genos virais;<\/p>\n<p>5. Laborat\u00f3rio de genotipagem e carga viral de HIV e hepatites virais;<\/p>\n<p align=\"justify\">6. Laborat\u00f3rio Multidisciplinar com cerca de 300 m2, com plataforma multiusu\u00e1rio para t\u00e9cnicas de biologia molecular e citometria de fluxo, com Agitador de Tubos de Bancada, 2 Agitadores Magn\u00e9ticos c\/ Aquecimento, Aparelho Millipore, 3 Autoclaves, 3 Balan\u00e7as Digitais, 3 Banhos-marias, Banho Seco, C\u00e2mara Fria -20\u00b0C, C\u00e2mara Fria 4\u00b0C, Cabines de Seguran\u00e7a Biol\u00f3gica Classe A1 e A2, C\u00e2mera Digital Nixon DMX 1200 F acoplada ao Microsc\u00f3pio de Imunofluoresc\u00eancia, Centr\u00edfuga 5417r, Centr\u00edfuga Spin GMC, Centrifuga Eppendorf 5702R, Centrifuga Eppendorf 5804R, 2 Centr\u00edfugas Eppendorf Mini Spin, Centrifuga Falcon Eppendorf 5804R, Centr\u00edfuga Macro 3, Centr\u00edfuga Macro EV04, Centrifuga de Placa Sigma, Centr\u00edfuga Refrigerada Heraeus Megafuge 16R, Chef-DR III System Biorad, Cit\u00f4metro de Fluxo FACSCanto II 8 par\u00e2metros (FSC, SSC, FITC, PE, PE-Cy7, PErcP, APC e APC-Cy7), Concentrador 5301 Eppendorf, Cooling Module Biorad, 4 Cubas de Eletroforese, CPUs e monitores, Eletroforese Cell Biorad, Espectrofot\u00f4metro UV 1800, Esterilizador Fiocruz, Estufa Olidef C3, Ettan Ipgphor Ii, Fluxo Laminar Pachan, Fluxo Laminar Veco Cflv Esteril, Fluxo Laminar Veco, Fluxo Manipula\u00e7\u00e3o de DNA e RNA, Freezer -35\u00b0C 504 L, 7 Freezers -80\u00b0C, Gabinete De An\u00e1lise De Fluoresc\u00eancia Spectroline, Glomax Explorer, Aparelho Automatizado para Hematologia Sixmex, Homogeneizador De Solu\u00e7\u00f5es Ap28 Phoenix, Imagem Scanner III GE, Incubadora Quimis, Incubadora Shaker Cienlab, Incubadora Thermo, Lavadora de Microplaca (ELISA) 96 po\u00e7os, Leitora de Microplaca (ELISA) 96 ou 384 po\u00e7os, Leitor Multicanal Asys, 2 Lupas Leica Ez4, M\u00e1quina De Gelo, 2 Microondas, Microscopio Imunofluorescencia Nikon, Microscopio Imunofluoresc\u00eancia Termofisher, 4 Microsc\u00f3pios \u00d3ticos Binoculares, PCR Realtime 7500 Applied, PCR Realtime 7500 Applied Multi, Sequenciador\/Analisador Gen\u00e9tico ABI 3130, Sistema de Eletroforese, Sonicador Ultracleaner, Termobloco, Termociclador Eppendorf, Termociclador Kyratec, Termociclador Veriti Applied, Tissuelyser Ii Qiagen, Vortex Neutec, Vortex Phoenix, Vortex Vision, 2 Vortex Vixar e UltraFreezer -86\u00b0C 740 L. Possui ala para tratamento e purifica\u00e7\u00e3o de \u00e1gua;<\/p>\n<p align=\"justify\">7. Laborat\u00f3rio de Anatomia Patol\u00f3gica e Histotecnologia para processamento histol\u00f3gico e arquivamento de bi\u00f3psias e necr\u00f3psias. O laborat\u00f3rio ainda conta com o apoio de uma sala de aut\u00f3psia com capacidade para realiza\u00e7\u00e3o de duas necropsias simult\u00e2neas e c\u00e2mara fria. Possui m\u00e1quina fotogr\u00e1fica digital acoplada aos microsc\u00f3pios binoculares, com chip para 500 fotos;<\/p>\n<p align=\"justify\">8. Laborat\u00f3rio de Animais Pe\u00e7onhentos com plataforma prote\u00f4mica e biot\u00e9rio de manuten\u00e7\u00e3o de camundongos, ratos, hamsters e coelhos, e cole\u00e7\u00e3o de serpentes, com aproximadamente 2000 exemplares;<\/p>\n<p align=\"justify\">9. Laborat\u00f3rio de An\u00e1lises Cl\u00ednicas com Setores de Hematologia, Bioqu\u00edmica, Urin\u00e1lise, Coproscopia e Imunologia;<\/p>\n<p align=\"justify\">10. Laborat\u00f3rio de Bacteriologia automatizado para microbiologia cl\u00ednica, que realiza automaticamente a leitura de um painel inoculado com uma suspens\u00e3o bacteriana (Autoscan-4), com sistema BactAlert;<\/p>\n<p>11. Laborat\u00f3rio de Leishmanioses e Doen\u00e7a de Chagas, com espa\u00e7os para cultura, sorologia e biologia molecular;<\/p>\n<p align=\"justify\">12. Laborat\u00f3rio de Mal\u00e1ria, com cultivo <i>in vitro<\/i> de plasm\u00f3dio para testes in vitro de drogas, exames hematol\u00f3gicos automatizados e plataforma de biologia molecular. Possui leitoras de ELISA, lavadoras de placas de ELISA, Luminex Magpix, c\u00e2mara de fluxo laminar, classe II B2 Vecco, cuba e fonte para eletroforese BIORAD, eletroporador BIORAD, agitadores, termocicladores, transluminador 21 x 38 cm, microsc\u00f3pio trinocular quatro cabe\u00e7as Marca NIKON, com equipamento para capta\u00e7\u00e3o de imagem, equipamentos para PCR em tempo real, centr\u00edfugas refrigerada sp\/ tubos, microtubos e placas, Incubadora com CO2, termobloco para microtubo com agita\u00e7\u00e3o, banho-maria, autoclave porta dupla, agitador de microplaca, microsc\u00f3pio invertido, microsc\u00f3pio para imunofluoresc\u00eancia acoplado a um sistema de captura de imagem e microcomputador;<\/p>\n<p>13. Laborat\u00f3rio de Micologia, com espa\u00e7o para exame direto e cultura;<\/p>\n<p>14. Laborat\u00f3rio de Parasitologia com exames parasitol\u00f3gicos cl\u00e1ssicos e biologia molecular;<\/p>\n<p align=\"justify\">15. Centro de Entomologia: acompanhamento no desenvolvimento de estudos envolvendo a intera\u00e7\u00e3o parasito-vetor atrav\u00e9s da imunologia, biologia molecular e cultura de <i>Leishmania <\/i>spp e <i>Trypanosoma cruzi.<\/i> Conta com inset\u00e1rios para cria\u00e7\u00e3o de triatom\u00edneos e culic\u00eddeos. O inset\u00e1rio de Anofelinos conta com toda estrutura necess\u00e1ria para a realiza\u00e7\u00e3o de infec\u00e7\u00f5es experimentais por Plasmodium, para o estudo de biologia da intera\u00e7\u00e3o vetor-parasito e de drogas de bloqueio de transmiss\u00e3o. Conta com uma Cole\u00e7\u00e3o de Entomologia M\u00e9dica, de 150.000 insetos vetores de doen\u00e7as e escorpi\u00f5es e aranhas de interesse m\u00e9dico, microsc\u00f3pios estereosc\u00f3picos com maquinas fotogr\u00e1ficas acopladas, softwares para capta\u00e7\u00e3o e imagens, TV para proje\u00e7\u00e3o de imagens e computadores;<\/p>\n<p align=\"justify\">16. Laborat\u00f3rio de Virologia, com salas para cultura de c\u00e9lulas, cultura viral e exames sorol\u00f3gicos;<\/p>\n<p align=\"justify\">17. Laborat\u00f3rio de Micobacterioses: disp\u00f5e de equipamento GenXpert com 4 m\u00f3dulos, sistema Bactec BD MGIT 960 TB e 2 microsc\u00f3pios \u00f3pticos;<\/p>\n<p align=\"justify\">19. Laborat\u00f3rio de Bioinform\u00e1tica, composto por duas salas independentes. A primeira cont\u00e9m um rack vertical (36U) que acomoda um nobreak 3 Kva, o servidor (x Intel\u00ae Xeon\u00ae Silver 5120 Processor 14-core 2.20GHz 19.25MB Cache (85W)), um monitor e um computador para o \u201cfirewall\u201d do servidor, al\u00e9m de dois ares-condicionados funcionando alternativamente e assim evitando ao aumento de temperatura na sala. A outra sala possui tr\u00eas computadores, tr\u00eas monitores e dois nobreak de 1,5 kva distribu\u00eddos em tr\u00eas mesas para an\u00e1lise dos dados de bioinform\u00e1tica.<\/p>\n<p align=\"justify\">20. Serpent\u00e1rio, localizado no Museu da Amaz\u00f4nia (MUSA), onde s\u00e3o mantidas, com licen\u00e7a do IBAMA, exemplares de serpentes pe\u00e7onhentas, para fins did\u00e1ticos e de pesquisa sobre biologia e toxinologia;<\/p>\n<p align=\"justify\">21. Criobanco para armazenamento de amostras de pesquisa. O criobanco disp\u00f5e de 12 freezers e uma c\u00e2mara fria para preserva\u00e7\u00e3o das amostras biol\u00f3gicas a serem coletadas, sendo utilizado o modelo Sanyo VIP Series -86C Ultra-Low Temperature Freezer, apoiado pelo uso de dois geradores de energia;<\/p>\n<p align=\"justify\">22. N\u00facleo de Epidemiologia Hospitalar, com 10 computadores para consolida\u00e7\u00e3o das notifica\u00e7\u00f5es e estat\u00edstica hospitalar, que podem ser utilizadas nas pesquisas cient\u00edficas.<\/p>\n<p>Na UEA tamb\u00e9m existem v\u00e1rios laborat\u00f3rios utilizados com fins de pesquisa:<\/p>\n<p align=\"justify\">1. Centro Multiusu\u00e1rio de An\u00e1lises de Fen\u00f4menos Biom\u00e9dicos (CMABio): visa atender \u00e0 demanda brasileira, em especial da regi\u00e3o Norte com \u00eanfase em amostras biol\u00f3gicas e materiais aplicados a sa\u00fade. Conta com microsc\u00f3pios eletr\u00f4nicos de transmiss\u00e3o e varredura, e microsc\u00f3pios \u00f3pticos confocais e de fluoresc\u00eancia, de \u00faltima gera\u00e7\u00e3o, bem como uma equipe de t\u00e9cnicos especializados nos citados equipamentos e uma diretoria e colegiado de experientes pesquisadores;<\/p>\n<p align=\"justify\">2. N\u00facleo de Telessa\u00fade do Amazonas, sediado na Escola Superior de Ci\u00eancias da Sa\u00fade &#8211; ESA\/UEA, e conta com 68 pontos de Telessa\u00fade, sendo 63 em \u00e1reas urbanas e 5 em \u00e1reas ind\u00edgenas, sendo a conectividade de todos os pontos mantidos pelo N\u00facleo com recursos da UEA, com aproximadamente 3.580 profissionais cadastrados na Plataforma Nacional de Telessa\u00fade no Amazonas;<\/p>\n<p>3. Laborat\u00f3rio de Citologia\/Histologia;<\/p>\n<p>4. Laborat\u00f3rio de Gen\u00e9tica Humana;<\/p>\n<p>5. Laborat\u00f3rio Pr\u00f3tese e Materiais Dent\u00e1rios;<\/p>\n<p>6. Laborat\u00f3rio de Anatomia;<\/p>\n<p>7. Laborat\u00f3rio de Microbiologia e Imunologia;<\/p>\n<p>8. Laborat\u00f3rio de Enfermagem;<\/p>\n<p>9. Laborat\u00f3rio de T\u00e9cnica Cir\u00fargica;<\/p>\n<p>10. Laborat\u00f3rio de Dent\u00edstica;<\/p>\n<p>11. Laborat\u00f3rio de Periodontia;<\/p>\n<p>12. Laborat\u00f3rio Multidisciplinar;<\/p>\n<p>13. Laborat\u00f3rio de Bioqu\u00edmica;<\/p>\n<p>14. Laborat\u00f3rio de Farmacologia;<\/p>\n<p>15. Laborat\u00f3rio de Fisiologia;<\/p>\n<p>16. Laborat\u00f3rio de Parasitologia e Micologia;<\/p>\n<p>17. Policl\u00ednica Odontol\u00f3gica.<\/p>\n<p align=\"justify\"><b>RECURSOS DE INFORM\u00c1TICA<\/b><\/p>\n<p align=\"justify\">Nas bibliotecas da FMT-HVD e da UEA h\u00e1 v\u00e1rios terminais de computadores ligados \u00e0 internet, al\u00e9m de Wi-Fi para pessoas conectarem seus laptops a uma rede de internet sem fio gratuita, entre 7 horas e 17 horas. Nesse espa\u00e7o, os alunos podem se conectar livremente ao Portal de Peri\u00f3dicos da CAPES, al\u00e9m da possibilidade de se conectarem a esse portal desde suas casas, com senha de acesso concedida pelo PPGMT. No pr\u00e9dio em que se encontra a secretaria do PPGMT, existe uma sala ampla de estudos para os alunos, com capacidade para cerca de 50 pessoas, e com acesso \u00e0 internet via Wi-Fi. Al\u00e9m disso, cada laborat\u00f3rio de pesquisa tem computadores dispon\u00edveis para uso dos alunos ou conex\u00e3o via Wi-Fi.<\/p>\n<p align=\"justify\">Os professores do PPGMT ainda exploram recursos online para fins did\u00e1ticos. Al\u00e9m das aulas presenciais, para criar um ambiente de aprendizagem online para as disciplinas, os professores podem usar o Ambiente Virtual de Aprendizagem (AVA) da UEA, um sistema que permite criar facilmente conte\u00fados diversos e cursos online, ajudando o professor e alunos a terem experi\u00eancias efetivas no ensino e aprendizagem apoiadas por tecnologias.<\/p>\n<p align=\"justify\">Disponibilidade de REDcap (Research Electronic Data Capture, desenvolvido na Universidade de Vanderbilt). O REDCap \u00e9 uma plataforma web, desenvolvida para auxiliar na coleta de dados em estudos, para depois aloj\u00e1-los em servidores em local seguro, monitorizados e de acesso limitado, com backups di\u00e1rios. A principal vantagem do REDCap \u00e9, tal como qualquer question\u00e1rio eletr\u00f4nico, permitir a recolha de dados de forma padronizada, aumentando a efici\u00eancia do projeto e facilitando a an\u00e1lise de dados, nomeadamente em projetos multic\u00eantricos. O uso est\u00e1 livre para todos os projetos do PPGMT.<\/p>\n<p align=\"justify\">O PPGMT disponibiliza uma licen\u00e7a do software Stata 12 (StataCorp. 2011. Stata Statistical Software: Release 12. College Station, TX: StataCorp LP), para an\u00e1lises estat\u00edsticas, e do software MAXQDA10, para an\u00e1lise de estudos qualitativos.<\/p>\n<p align=\"justify\"><b>BIBLIOTECA<\/b><\/p>\n<p align=\"justify\">O Sistema Integrado de Bibliotecas &#8211; SIB\/ UEA e\u0301 estruturado em (01) uma Biblioteca Central e 24 (vinte e quatro) Bibliotecas Setoriais localizadas nas Escolas Superiores, Centros de Estudos Superiores e N\u00facleos de Estudos Superiores, todas elas diretamente interligadas a\u0300 Biblioteca Central que promove a integra\u00e7\u00e3o, padroniza\u00e7\u00e3o dos servi\u00e7os e processos: cataloga\u00e7\u00e3o, classifica\u00e7\u00e3o, registro, al\u00e9m do atendimento in loco e on-line do acervo bibliogr\u00e1fico pela comunidade atrav\u00e9s do Pergamum, um sistema que permite ao aluno pesquisar e fazer reservas e renova\u00e7\u00f5es de t\u00edtulos via internet. O Pergamum j\u00e1\u0301 e\u0301 utilizado em cerca de 48 institui\u00e7\u00f5es de n\u00edvel superior do pa\u00eds, o que possibilita aos alunos da UEA consulta ao acervo dessas institui\u00e7\u00f5es. O acervo bibliogr\u00e1fico e\u0301 composto por 59.723 t\u00edtulos, 157.560 exemplares e 2.725 materiais adicionais.<\/p>\n<p align=\"justify\">A Biblioteca Setorial de Ci\u00eancias da Sa\u00fade esta\u0301 localizada no andar t\u00e9rreo do pre\u0301dio anexo em uma \u00e1rea constru\u00edda de 800 m2, com 3.250 t\u00edtulos e 8.704 exemplares em seu acervo bibliogr\u00e1fico, al\u00e9m do acesso a\u0300 base de dados UpToDate, ClinicalKey, ClinicalSkills, Evolution, Biblioteca Virtual Pearson, reposit\u00f3rio institucional e ao Portal de Peri\u00f3dicos CAPES. Sua estrutura f\u00edsica e\u0301 composta por dois sal\u00f5es de leitura com capacidade para 120 lugares, laborat\u00f3rio de inform\u00e1tica, 35 cabines de estudo individual, 36 lugares para estudo em grupo, 8 estac\u00f5es para produ\u00e7\u00e3o cientifica, internet sem fio em todo espa\u00e7o, ambiente de acessibilidade e interatividade, acervo, espa\u00e7o cultural, administra\u00e7\u00e3o e atendimento ao usu\u00e1rio. Conta com o apoio de tr\u00eas bibliotec\u00e1rias e esta\u0301 aberta a\u0300 comunidade acad\u00eamica de segunda a sexta-feira de 8:00h \u00e0s 21:00h, ininterruptamente, e aos s\u00e1bados de 8:00h \u00e0s 12:00h. A biblioteca recebe um fluxo m\u00e9dio mensal de mais de 10.000 usu\u00e1rios matriculados na institui\u00e7\u00e3o, al\u00e9m dos visitantes. Quanto aos empr\u00e9stimos, s\u00e3o efetivados mais de 2.000. Al\u00e9m disso, a biblioteca disp\u00f5e de um laborat\u00f3rio de inform\u00e1tica com 16 computadores e 30 tabletes dispon\u00edveis para consultas e aulas, com acesso ao Portal de Peri\u00f3dicos da CAPES.<\/p>\n<p align=\"justify\">Periodicamente s\u00e3o realizados treinamentos relacionados aos servi\u00e7os disponibilizados. al\u00e9m disto a biblioteca disponibiliza equipamentos de alta tecnologia que permite ao usu\u00e1rio realizar seu autoempr\u00e9stimo, otimizando o seu tempo e diminuindo as filas no balc\u00e3o de atendimento, efetivado em tr\u00eas terminais eletro\u0302nicos distribu\u00eddos no espa\u00e7o f\u00edsico da biblioteca, incluindo terminal exclusivo para acessibilidade. O empr\u00e9stimo do acervo realizado por autoatendimento utiliza a tecnologia RFID (Radio Frequency Identification \u2013 Identifica\u00e7\u00e3o por R\u00e1dio Frequ\u00eancia) composta por transponders (RF tags), leitores com antenas conectadas a um computador controlador. A RFID e\u0301 uma tecnologia de identifica\u00e7\u00e3o que utiliza a radiofrequ\u00eancia para capturar os dados, permitindo que uma tag seja lida sem a necessidade de campo visual, atrav\u00e9s de barreiras e objetos tais como madeira, pl\u00e1stico, papel etc. O sistema foi implantado para o controle digital do empr\u00e9stimo desde a identifica\u00e7\u00e3o da obra, rastreio e gerenciamento de todo o fluxo de entrada e sa\u00edda dos t\u00edtulos, sem contato e sem a necessidade de balc\u00e3o e pessoal para dispensa\u00e7\u00e3o, dinamizando assim o tempo das transa\u00e7\u00f5es, a seguran\u00e7a do acesso ao acervo e a qualidade do atendimento a\u0300 comunidade acad\u00eamica.<\/p>\n<p align=\"justify\">O PPGMT possui ainda um acervo pr\u00f3prio com mais de 200 volumes de livros textos espec\u00edficos da \u00e1rea de sa\u00fade, adquiridos com recursos espec\u00edficos repassados pela SUFRAMA depositados na biblioteca da FMT-HVD, onde existe um acervo de mais de 1000 exemplares entre livros de Medicina Interna, Infectologia, Pediatria, Diagn\u00f3stico Laboratorial, Epidemiologia e algumas outras especialidades, e peri\u00f3dicos concentrados na \u00e1rea de Ci\u00eancias da Sa\u00fade, Doen\u00e7as Infecciosas e cerca de 10.000 exemplares entre revistas nacionais e internacionais mais antigas. Na biblioteca da FMT-HVD h\u00e1 dois terminais de computador ligados \u00e0 internet, al\u00e9m de espa\u00e7o para at\u00e9 20 pessoas conectarem seus laptops a uma rede de internet sem fio gratuita, entre 7 horas e 17 horas. Nesse espa\u00e7o, os alunos podem se conectar livremente ao Portal de Peri\u00f3dicos da CAPES, al\u00e9m da possibilidade de se conectarem a esse portal desde suas casas, com senha de acesso concedida pelo PPGMT.<\/p>\n<p>&nbsp;<\/p>\n<p>[\/et_pb_text][\/et_pb_column][\/et_pb_row][\/et_pb_section]<\/p>\n","protected":false},"excerpt":{"rendered":"<p>LABORAT\u00d3RIOS: INFRAESTRUTURA CL\u00cdNICA E DE LABORAT\u00d3RIO: O PPGMT conta com a infraestrutura de laborat\u00f3rios tanto da UEA quanto da FMT-HVD. Al\u00e9m disto, utiliza laborat\u00f3rios de outras institui\u00e7\u00f5es parceiras nos projetos de pesquisa desenvolvidos pelos mestrandos e doutorandos, como os do HEMOAM, FIOCRUZ, LACEN, INPA, entre outros. 1. Ambulat\u00f3rio de doen\u00e7as infecciosas e dermatologia, com 46 [&hellip;]<\/p>\n","protected":false},"author":1,"featured_media":0,"parent":0,"menu_order":0,"comment_status":"closed","ping_status":"closed","template":"","meta":{"_et_pb_use_builder":"on","_et_pb_old_content":"","_et_gb_content_width":"","footnotes":""},"class_list":["post-350876","page","type-page","status-publish","hentry"],"_links":{"self":[{"href":"http:\/\/ppgmt.uea.edu.br\/index.php\/wp-json\/wp\/v2\/pages\/350876","targetHints":{"allow":["GET"]}}],"collection":[{"href":"http:\/\/ppgmt.uea.edu.br\/index.php\/wp-json\/wp\/v2\/pages"}],"about":[{"href":"http:\/\/ppgmt.uea.edu.br\/index.php\/wp-json\/wp\/v2\/types\/page"}],"author":[{"embeddable":true,"href":"http:\/\/ppgmt.uea.edu.br\/index.php\/wp-json\/wp\/v2\/users\/1"}],"replies":[{"embeddable":true,"href":"http:\/\/ppgmt.uea.edu.br\/index.php\/wp-json\/wp\/v2\/comments?post=350876"}],"version-history":[{"count":2,"href":"http:\/\/ppgmt.uea.edu.br\/index.php\/wp-json\/wp\/v2\/pages\/350876\/revisions"}],"predecessor-version":[{"id":351275,"href":"http:\/\/ppgmt.uea.edu.br\/index.php\/wp-json\/wp\/v2\/pages\/350876\/revisions\/351275"}],"wp:attachment":[{"href":"http:\/\/ppgmt.uea.edu.br\/index.php\/wp-json\/wp\/v2\/media?parent=350876"}],"curies":[{"name":"wp","href":"https:\/\/api.w.org\/{rel}","templated":true}]}}