{"id":350850,"date":"2023-02-02T17:25:20","date_gmt":"2023-02-02T17:25:20","guid":{"rendered":"https:\/\/teste.somoscarv.com.br\/?page_id=350844"},"modified":"2026-04-09T15:05:35","modified_gmt":"2026-04-09T18:05:35","slug":"ppgmt-estrutura-curricular","status":"publish","type":"page","link":"http:\/\/ppgmt.uea.edu.br\/index.php\/ppgmt-estrutura-curricular\/","title":{"rendered":"PPGMT &#8211; Estrutura Curricular"},"content":{"rendered":"<p>[et_pb_section fb_built=&#8221;1&#8243; _builder_version=&#8221;4.25.1&#8243; _module_preset=&#8221;default&#8221; global_colors_info=&#8221;{}&#8221;][et_pb_row _builder_version=&#8221;4.25.1&#8243; _module_preset=&#8221;default&#8221; global_colors_info=&#8221;{}&#8221;][et_pb_column type=&#8221;4_4&#8243; _builder_version=&#8221;4.25.1&#8243; _module_preset=&#8221;default&#8221; global_colors_info=&#8221;{}&#8221;][et_pb_heading title=&#8221;Estrutura curricular&#8221; _builder_version=&#8221;4.25.1&#8243; _module_preset=&#8221;default&#8221; title_level=&#8221;h2&#8243; title_font=&#8221;Carrois Gothic SC|700|||||||&#8221; title_text_align=&#8221;center&#8221; title_text_color=&#8221;gcid-9fbc205b-844f-4885-9a0d-616217ca3a22&#8243; title_font_size=&#8221;46px&#8221; animation_style=&#8221;flip&#8221; animation_direction=&#8221;top&#8221; animation_speed_curve=&#8221;ease-in&#8221; global_colors_info=&#8221;{%22gcid-9fbc205b-844f-4885-9a0d-616217ca3a22%22:%91%22title_text_color%22%93}&#8221;][\/et_pb_heading][\/et_pb_column][\/et_pb_row][\/et_pb_section][et_pb_section fb_built=&#8221;1&#8243; admin_label=&#8221;section&#8221; _builder_version=&#8221;4.16&#8243; global_colors_info=&#8221;{}&#8221;][et_pb_row _builder_version=&#8221;4.16&#8243; _module_preset=&#8221;default&#8221; width=&#8221;100%&#8221; max_width=&#8221;85%&#8221; custom_padding=&#8221;||0px|||&#8221; global_colors_info=&#8221;{}&#8221;][et_pb_column type=&#8221;4_4&#8243; _builder_version=&#8221;4.16&#8243; _module_preset=&#8221;default&#8221; global_colors_info=&#8221;{}&#8221;][et_pb_text _builder_version=&#8221;4.25.1&#8243; _module_preset=&#8221;default&#8221; text_font=&#8221;Poppins||||||||&#8221; text_font_size=&#8221;16px&#8221; header_2_font=&#8221;Carrois Gothic SC|700|||||||&#8221; header_2_text_color=&#8221;#136334&#8243; header_3_font=&#8221;Carrois Gothic SC|700|||||||&#8221; global_colors_info=&#8221;{}&#8221;]<\/p>\n<blockquote>\n<h3><strong>MESTRADO<\/strong><\/h3>\n<p class=\"ds-markdown-paragraph\">Cr\u00e9ditos obrigat\u00f3rios:\u00a06<br \/>Cr\u00e9ditos optativos:\u00a024<br \/>Total de cr\u00e9ditos:\u00a030<\/p>\n<\/blockquote>\n<p>[\/et_pb_text][et_pb_text quote_border_color=&#8221;#136334&#8243; _builder_version=&#8221;4.25.1&#8243; _module_preset=&#8221;default&#8221; text_font=&#8221;Poppins||||||||&#8221; text_font_size=&#8221;16px&#8221; header_2_font=&#8221;Carrois Gothic SC|700|||||||&#8221; header_2_text_color=&#8221;#136334&#8243; header_3_font=&#8221;Carrois Gothic SC|700|||||||&#8221; global_colors_info=&#8221;{}&#8221;]<\/p>\n<blockquote>\n<h3 data-start=\"68\" data-end=\"81\"><strong data-start=\"68\" data-end=\"81\">Doutorado<\/strong><\/h3>\n<p class=\"\" data-start=\"83\" data-end=\"249\">Cr\u00e9ditos obrigat\u00f3rios: 6<br data-start=\"107\" data-end=\"110\" \/>Cr\u00e9ditos optativos: 30<br data-start=\"132\" data-end=\"135\" \/>Cr\u00e9ditos obrigat\u00f3rios: 4<br data-start=\"159\" data-end=\"162\" \/>Semin\u00e1rios de avalia\u00e7\u00e3o e\/ou publica\u00e7\u00e3o de artigos cient\u00edficos.<br data-start=\"225\" data-end=\"228\" data-is-only-node=\"\" \/>Total de cr\u00e9ditos: 40<\/p>\n<\/blockquote>\n<p>[\/et_pb_text][et_pb_text quote_border_color=&#8221;#136334&#8243; _builder_version=&#8221;4.25.1&#8243; _module_preset=&#8221;default&#8221; text_font=&#8221;Poppins||||||||&#8221; text_font_size=&#8221;16px&#8221; header_2_font=&#8221;Carrois Gothic SC|700|||||||&#8221; header_2_text_color=&#8221;#136334&#8243; header_3_font=&#8221;Carrois Gothic SC|700|||||||&#8221; hover_enabled=&#8221;0&#8243; global_colors_info=&#8221;{}&#8221; sticky_enabled=&#8221;0&#8243;]<\/p>\n<blockquote>\n<h3 data-start=\"68\" data-end=\"81\"><strong data-start=\"68\" data-end=\"81\">Disciplinas ofertadas no 1\u00ba semestre de 2026<\/strong><\/h3>\n<p><a href=\"https:\/\/ppgmt.uea.edu.br\/wp-content\/uploads\/2026\/03\/Plano-de-Aula-Bietica-2026-1.pdf\">Bio\u00e9tica <\/a><a> (02 creditos)<\/a><\/p>\n<p class=\"\" data-start=\"83\" data-end=\"249\">Epidemiologia Cl\u00ednica<\/p>\n<p class=\"\" data-start=\"83\" data-end=\"249\">Intera\u00e7\u00e3o de insetos vetores com os pat\u00f3genos causadores de doen\u00e7as negligenciadas<\/p>\n<p class=\"\" data-start=\"83\" data-end=\"249\">Metodologia do Ensino Superior<\/p>\n<p class=\"\" data-start=\"83\" data-end=\"249\">Metodologia do Trabalho Cient\u00edfico<\/p>\n<p><a href=\"https:\/\/ppgmt.uea.edu.br\/wp-content\/uploads\/2026\/01\/Plano-de-Aula-Oficina-de-redacao-de-artigos-cientificos-1-semestre-2025.pdf\">Oficina de reda\u00e7\u00e3o de artigos cient\u00edficos <\/a><a> (02 creditos)<\/a><a href=\"https:\/\/ppgmt.uea.edu.br\/wp-content\/uploads\/2026\/02\/Plano-de-aula-Pratica-Docente-Supervisionada-2026-1-semestre-2.pdf\">Pr\u00e1tica Docente Supervisionada<\/a><a> (02 creditos)<\/a><\/p>\n<p><a href=\"https:\/\/ppgmt.uea.edu.br\/wp-content\/uploads\/2026\/04\/Plano-de-Aula-Seminarios-2026.pdf\">Semin\u00e1rios em Doen\u00e7as Tropicais e Infecciosas<\/a><a> (03 creditos)<\/a><a><\/a><br \/>\n<a href=\"https:\/\/ppgmt.uea.edu.br\/wp-content\/uploads\/2026\/03\/Plano-de-Aula-Supervisao-de-Iniciacao-Cientifica-2026-1.pdf\">Supervis\u00e3o de Inicia\u00e7\u00e3o Cient\u00edfica<\/a><a> (01 credito)<\/a><a><\/a><br \/>\nT\u00f3picos Especiais 9 &#8211; Pensamento Social<\/p>\n<p><a href=\"https:\/\/ppgmt.uea.edu.br\/wp-content\/uploads\/2026\/01\/Plano-de-ensino-_-Intercambio-_2026.1-1-1.pdf\">T\u00f3picos Especiais &#8211; Interc\u00e3mbio de coopera\u00e7\u00e3o acad\u00eamica-cient\u00edfica (04 cr\u00e9ditos)<\/a><\/p><\/blockquote>\n<p>[\/et_pb_text][et_pb_text disabled_on=&#8221;off|off|off&#8221; _builder_version=&#8221;4.25.1&#8243; _module_preset=&#8221;default&#8221; text_font=&#8221;Poppins|600|||||||&#8221; text_font_size=&#8221;16px&#8221; link_font=&#8221;&#8211;et_global_heading_font|600|||||||&#8221; link_text_color=&#8221;gcid-e113ca5a-d17b-401b-a016-440d2d932b08&#8243; header_2_font=&#8221;Carrois Gothic SC|700|||||||&#8221; header_2_text_color=&#8221;#136334&#8243; header_3_font=&#8221;Carrois Gothic SC|700|||||||&#8221; global_colors_info=&#8221;{%22gcid-e113ca5a-d17b-401b-a016-440d2d932b08%22:%91%22link_text_color%22%93}&#8221;]<\/p>\n<blockquote>\n<h3>Disciplinas obrigat\u00f3rias<\/h3>\n<ul>\n<li><span style=\"font-family: Calibri, serif;\">Bio\u00e9tica 02 Cr\u00e9ditos<\/span><\/li>\n<li><span style=\"font-family: Calibri, serif;\">Metodologia do Ensino Superior 02 Cr\u00e9ditos<\/span><\/li>\n<li><span style=\"font-family: Calibri, serif;\">Metodologia do Trabalho Cient\u00edfico<br \/>\n02 Cr\u00e9ditos<\/span><\/li>\n<li><span style=\"font-family: Calibri, serif;\">Semin\u00e1rios de Acompanhamento de Pesquisa\u2013 SAP (somente estudantes de doutorado)<br \/>\n02 Cr\u00e9ditos<\/span><\/li>\n<li><span style=\"font-family: Calibri, serif;\">Pratica Docente Supervisionada<\/a> (obrigat\u00f3ria para bolsistas)<\/b><\/span><\/li>\n<\/ul>\n<p><span style=\"font-family: Calibri, serif;\"><b>02 Cr\u00e9ditos\u00a0<\/b><\/span><\/p><\/blockquote>\n<p>[\/et_pb_text][et_pb_text quote_border_color=&#8221;#136334&#8243; _builder_version=&#8221;4.25.1&#8243; _module_preset=&#8221;default&#8221; text_font=&#8221;Poppins||||||||&#8221; text_font_size=&#8221;16px&#8221; text_line_height=&#8221;1.8em&#8221; quote_font=&#8221;Poppins||||||||&#8221; header_2_font=&#8221;Carrois Gothic SC|700|||||||&#8221; header_2_text_color=&#8221;#136334&#8243; header_3_font=&#8221;Carrois Gothic SC|700|||||||&#8221; custom_padding=&#8221;|||15px|false|false&#8221; border_width_left=&#8221;6px&#8221; border_color_left=&#8221;gcid-e113ca5a-d17b-401b-a016-440d2d932b08&#8243; global_colors_info=&#8221;{%22gcid-e113ca5a-d17b-401b-a016-440d2d932b08%22:%91%22border_color_left%22%93}&#8221;]<\/p>\n<h3><span style=\"color: #333333;\"><b>Disciplinas optativas<\/b><\/span><\/h3>\n<p>\u2022 A biologia da intera\u00e7\u00e3o de insetos vetores com os pat\u00f3genos causadores de doen\u00e7as negligenciadas (02 cr\u00e9ditos)<br \/>\n\u2022 Acidentes por animais pe\u00e7onhentos (03 cr\u00e9ditos)<br \/>\n\u2022 An\u00e1lise de dados qualitativos por meio do software iramuteq (01 cr\u00e9ditos)<br \/>\n\u2022 Arboviroses (01 cr\u00e9dito)<br \/>\n\u2022 Bioestat\u00edstica (03 cr\u00e9ditos)<br \/>\n\u2022 Bio\u00e9tica (02 cr\u00e9ditos)<br \/>\n\u2022 Cardiologia tropical e infecciosa (01 cr\u00e9dito)<br \/>\n\u2022 Citometria de fluxo: aplica\u00e7\u00f5es cl\u00ednicas e laboratoriais (02 cr\u00e9ditos)<br \/>\n\u2022 Congresso da Sociedade Brasileira de Medicina Tropical (medtrop) (02 cr\u00e9ditos)<br \/>\n\u2022 Dermatoses causadas por pat\u00f3genos intracelulares: hansen\u00edase e leishmaniose (03 creditos)<br \/>\n\u2022 Diagn\u00f3stico laboratorial doen\u00e7as parasit\u00e1rias humanas (02 creditos)<br \/>\n\u2022 Doen\u00e7a de chagas (01 credito)<br \/>\n\u2022 Doen\u00e7as infecciosas e gesta\u00e7\u00e3o (02 creditos)<br \/>\n\u2022 Educa\u00e7\u00e3o em sa\u00fade nas doen\u00e7as tropicais e infecciosas (03 creditos)<br \/>\n\u2022 Entomologia m\u00e9dica b\u00e1sica (02 creditos)<br \/>\n\u2022 Epidemiologia (04 creditos)<br \/>\n\u2022 Epidemiologia cl\u00ednica (03 creditos)<br \/>\n\u2022 Farmacogen\u00e9tica (02 cr\u00e9ditos)<br \/>\n\u2022 Hist\u00f3ria das doen\u00e7as tropicais e infecciosas (04 creditos)<br \/>\n\u2022 Imunogen\u00e9tica (02 creditos)<br \/>\n\u2022 Institui\u00e7\u00f5es e pol\u00edticas de produ\u00e7\u00e3o e distribui\u00e7\u00e3o de imunobiol\u00f3gicos para a sa\u00fade no brasil: o modelo dos antivenenos (02 creditos)<br \/>\n\u2022 Introdu\u00e7\u00e3o \u00e0 metabol\u00f4mica baseada em espectrometria de massas (02 cr\u00e9ditos)<br \/>\n\u2022 Introdu\u00e7\u00e3o \u00e0 toxinologia (05 creditos)<br \/>\n\u2022 Jornada de an\u00e1lise de dados de sa\u00fade utilizando linguagem (01 credito)<br \/>\n\u2022 Journal club em entomologia m\u00e9dica (03 creditos)<br \/>\n\u2022 Malariologia (02 creditos)<br \/>\n\u2022 Metodologia do ensino superior (02 creditos)<br \/>\n\u2022 Metodologia do trabalho cientifico (02 creditos)<br \/>\n\u2022 M\u00e9todos em biologia molecular (02 creditos)<br \/>\n\u2022 <a href=\"https:\/\/ppgmt.uea.edu.br\/wp-content\/uploads\/2026\/01\/Plano-de-Aula-Oficina-de-redacao-de-artigos-cientificos-1-semestre-2025.pdf\">Oficina de reda\u00e7\u00e3o de artigos cient\u00edficos <\/a><a> (02 creditos)<\/a><a><\/a><br \/>\n\u2022 Pensamento social e doen\u00e7as tropicais infecciosas (05 creditos)<br \/>\n\u2022 Pesquisa qualitativa em sa\u00fade (04 creditos)<br \/>\n\u2022 Pr\u00e1tica docente supervisionada (02 creditos)<br \/>\n\u2022 Prepara\u00e7\u00e3o de dados para produ\u00e7\u00e3o de gr\u00e1ficos aplicados \u00e0 sa\u00fade (03 creditos)<br \/>\n\u2022 Revis\u00e3o sistem\u00e1tica: do planejamento \u00e0 publica\u00e7\u00e3o (03 creditos)<br \/>\n\u2022 Semin\u00e1rios de acompanhamento de pesquisa \u2013 SAP (02 creditos)<br \/>\n<a href=\"https:\/\/ppgmt.uea.edu.br\/wp-content\/uploads\/2026\/01\/PLano-de-Ensino-Seminarios-2026.pdf\"><\/a><a>\u2022<\/a><a href=\"https:\/\/ppgmt.uea.edu.br\/wp-content\/uploads\/2026\/01\/PLano-de-Ensino-Seminarios-2026.pdf\"> Semin\u00e1rios em doen\u00e7as tropicais<\/a><a> (03 creditos)<\/a><a><\/a><br \/>\n\u2022 Supervis\u00e3o de Inicia\u00e7\u00e3o Cient\u00edfica (01 cr\u00e9dito)<br \/>\n\u2022<a href=\"https:\/\/ppgmt.uea.edu.br\/wp-content\/uploads\/2026\/01\/Plano-de-ensino-_-Intercambio-_2026.1-1-1.pdf\"> T\u00f3picos Especiais &#8211; Interc\u00e3mbio de coopera\u00e7\u00e3o acad\u00eamica-cient\u00edfica (04 cr\u00e9ditos)<\/a><br \/>\n\u2022[\/et_pb_text][\/et_pb_column][\/et_pb_row][\/et_pb_section]<\/p>\n","protected":false},"excerpt":{"rendered":"<p>MESTRADO Cr\u00e9ditos obrigat\u00f3rios:\u00a06Cr\u00e9ditos optativos:\u00a024Total de cr\u00e9ditos:\u00a030 Doutorado Cr\u00e9ditos obrigat\u00f3rios: 6Cr\u00e9ditos optativos: 30Cr\u00e9ditos obrigat\u00f3rios: 4Semin\u00e1rios de avalia\u00e7\u00e3o e\/ou publica\u00e7\u00e3o de artigos cient\u00edficos.Total de cr\u00e9ditos: 40 Disciplinas ofertadas no 1\u00ba semestre de 2026 Bio\u00e9tica (02 creditos) Epidemiologia Cl\u00ednica Intera\u00e7\u00e3o de insetos vetores com os pat\u00f3genos causadores de doen\u00e7as negligenciadas Metodologia do Ensino Superior Metodologia do Trabalho Cient\u00edfico [&hellip;]<\/p>\n","protected":false},"author":1,"featured_media":0,"parent":0,"menu_order":0,"comment_status":"closed","ping_status":"closed","template":"","meta":{"_et_pb_use_builder":"on","_et_pb_old_content":"","_et_gb_content_width":"","footnotes":""},"class_list":["post-350850","page","type-page","status-publish","hentry"],"_links":{"self":[{"href":"http:\/\/ppgmt.uea.edu.br\/index.php\/wp-json\/wp\/v2\/pages\/350850","targetHints":{"allow":["GET"]}}],"collection":[{"href":"http:\/\/ppgmt.uea.edu.br\/index.php\/wp-json\/wp\/v2\/pages"}],"about":[{"href":"http:\/\/ppgmt.uea.edu.br\/index.php\/wp-json\/wp\/v2\/types\/page"}],"author":[{"embeddable":true,"href":"http:\/\/ppgmt.uea.edu.br\/index.php\/wp-json\/wp\/v2\/users\/1"}],"replies":[{"embeddable":true,"href":"http:\/\/ppgmt.uea.edu.br\/index.php\/wp-json\/wp\/v2\/comments?post=350850"}],"version-history":[{"count":126,"href":"http:\/\/ppgmt.uea.edu.br\/index.php\/wp-json\/wp\/v2\/pages\/350850\/revisions"}],"predecessor-version":[{"id":356195,"href":"http:\/\/ppgmt.uea.edu.br\/index.php\/wp-json\/wp\/v2\/pages\/350850\/revisions\/356195"}],"wp:attachment":[{"href":"http:\/\/ppgmt.uea.edu.br\/index.php\/wp-json\/wp\/v2\/media?parent=350850"}],"curies":[{"name":"wp","href":"https:\/\/api.w.org\/{rel}","templated":true}]}}