{"id":350847,"date":"2023-02-01T19:17:01","date_gmt":"2023-02-01T19:17:01","guid":{"rendered":"https:\/\/teste.somoscarv.com.br\/?page_id=350828"},"modified":"2026-02-06T11:58:58","modified_gmt":"2026-02-06T14:58:58","slug":"ppgmt-regimento","status":"publish","type":"page","link":"http:\/\/ppgmt.uea.edu.br\/index.php\/ppgmt-regimento\/","title":{"rendered":"PPGMT &#8211; Regimento"},"content":{"rendered":"<p>[et_pb_section fb_built=&#8221;1&#8243; next_background_color=&#8221;#f4f4f4&#8243; _builder_version=&#8221;4.16&#8243; _module_preset=&#8221;default&#8221; custom_padding=&#8221;0px||0px|||&#8221; bottom_divider_style=&#8221;wave2&#8243; bottom_divider_height=&#8221;70px&#8221; bottom_divider_arrangement=&#8221;above_content&#8221; global_colors_info=&#8221;{}&#8221;][et_pb_row _builder_version=&#8221;4.16&#8243; _module_preset=&#8221;default&#8221; width=&#8221;100%&#8221; max_width=&#8221;100%&#8221; custom_padding=&#8221;0px||0px||false|false&#8221; global_colors_info=&#8221;{}&#8221;][et_pb_column type=&#8221;4_4&#8243; _builder_version=&#8221;4.16&#8243; _module_preset=&#8221;default&#8221; global_colors_info=&#8221;{}&#8221;][et_pb_slider arrows_custom_color=&#8221;#000000&#8243; dot_nav_custom_color=&#8221;#000000&#8243; _builder_version=&#8221;4.16&#8243; _module_preset=&#8221;default&#8221; header_font=&#8221;Carrois Gothic SC|700||on|||||&#8221; header_text_color=&#8221;#136334&#8243; background_color=&#8221;#FFFFFF&#8221; custom_padding=&#8221;10%||10%||true|false&#8221; global_colors_info=&#8221;{}&#8221;][et_pb_slide heading=&#8221;Regimento&#8221; _builder_version=&#8221;4.16&#8243; _module_preset=&#8221;default&#8221; background_enable_color=&#8221;off&#8221; background_image=&#8221;https:\/\/teste.somoscarv.com.br\/wp-content\/uploads\/2023\/01\/Ativo-4.png&#8221; background_enable_image=&#8221;on&#8221; global_colors_info=&#8221;{}&#8221; sticky_transition=&#8221;on&#8221;][\/et_pb_slide][\/et_pb_slider][\/et_pb_column][\/et_pb_row][\/et_pb_section][et_pb_section fb_built=&#8221;1&#8243; _builder_version=&#8221;4.16&#8243; _module_preset=&#8221;default&#8221; background_color=&#8221;#f4f4f4&#8243; custom_padding=&#8221;50px||50px||true|&#8221; global_colors_info=&#8221;{}&#8221;][et_pb_row _builder_version=&#8221;4.16&#8243; _module_preset=&#8221;default&#8221; global_colors_info=&#8221;{}&#8221;][et_pb_column type=&#8221;4_4&#8243; _builder_version=&#8221;4.16&#8243; _module_preset=&#8221;default&#8221; global_colors_info=&#8221;{}&#8221;][et_pb_text _builder_version=&#8221;4.25.1&#8243; _module_preset=&#8221;default&#8221; text_font=&#8221;Poppins||||||||&#8221; text_font_size=&#8221;16px&#8221; header_2_font=&#8221;Carrois Gothic SC|700|||||||&#8221; header_2_text_color=&#8221;#136334&#8243; hover_enabled=&#8221;0&#8243; global_colors_info=&#8221;{}&#8221; sticky_enabled=&#8221;0&#8243;]<a href=\"https:\/\/ppgmt.uea.edu.br\/wp-content\/uploads\/2024\/06\/NOVO_2024_Regimento_Programa-de-Pos-Graduacao-em-Medicina-Tropical-PPGMT.pdf\" target=\"_blank\" rel=\"noopener\">NOVO &#8211; Regimento Interno do Programa de P\u00f3s-Gradua\u00e7\u00e3o em Medicina Tropical \u2013 Resolu\u00e7\u00e3o n\u00ba 003\/2018<br \/>\n(vigente para alunos matriculados at\u00e9 maio de 2024)<\/a><\/p>\n<p><a href=\"https:\/\/ppgmt.uea.edu.br\/wp-content\/uploads\/2026\/02\/REGIMENTO-INTERNO-PPGMT-1.pdf\" target=\"_blank\" rel=\"noopener\">Regimento Interno do Programa de P\u00f3s-Gradua\u00e7\u00e3o em Medicina Tropical \u2013 Resolu\u00e7\u00e3o n\u00ba 026\/2024<br \/>\n(vigente para alunos matriculados a partir de junho de 2024))<\/a><\/p>\n<p><a href=\"http:\/\/ppgmt.uea.edu.br\/wp-content\/uploads\/2023\/08\/Regimento-Geral.pdf\" target=\"_blank\" rel=\"noopener\">Regimento Geral de P\u00f3s-Gradua\u00e7\u00e3o &#8211; Stricto Sensu<\/a><\/p>\n<p>&nbsp;[\/et_pb_text][et_pb_blurb title=&#8221;Regimento Geral de P\u00f3s-Gradua\u00e7\u00e3o Scricto Sensu&#8221; url=&#8221;http:\/\/ppgmt.uea.edu.br\/wp-content\/uploads\/2023\/08\/Regimento-Geral.pdf&#8221; url_new_window=&#8221;on&#8221; use_icon=&#8221;on&#8221; font_icon=&#8221;&#xe092;||divi||400&#8243; disabled_on=&#8221;on|on|on&#8221; _builder_version=&#8221;4.21.2&#8243; _module_preset=&#8221;default&#8221; link_option_url=&#8221;http:\/\/ppgmt.uea.edu.br\/wp-content\/uploads\/2023\/08\/Regimento-Geral.pdf&#8221; link_option_url_new_window=&#8221;on&#8221; disabled=&#8221;on&#8221; global_colors_info=&#8221;{}&#8221;][\/et_pb_blurb][\/et_pb_column][\/et_pb_row][\/et_pb_section]<\/p>\n","protected":false},"excerpt":{"rendered":"<p>NOVO &#8211; Regimento Interno do Programa de P\u00f3s-Gradua\u00e7\u00e3o em Medicina Tropical \u2013 Resolu\u00e7\u00e3o n\u00ba 003\/2018 (vigente para alunos matriculados at\u00e9 maio de 2024) Regimento Interno do Programa de P\u00f3s-Gradua\u00e7\u00e3o em Medicina Tropical \u2013 Resolu\u00e7\u00e3o n\u00ba 026\/2024 (vigente para alunos matriculados a partir de junho de 2024)) Regimento Geral de P\u00f3s-Gradua\u00e7\u00e3o &#8211; Stricto Sensu &nbsp;<\/p>\n","protected":false},"author":1,"featured_media":0,"parent":0,"menu_order":0,"comment_status":"closed","ping_status":"closed","template":"","meta":{"_et_pb_use_builder":"on","_et_pb_old_content":"","_et_gb_content_width":"","footnotes":""},"class_list":["post-350847","page","type-page","status-publish","hentry"],"_links":{"self":[{"href":"http:\/\/ppgmt.uea.edu.br\/index.php\/wp-json\/wp\/v2\/pages\/350847","targetHints":{"allow":["GET"]}}],"collection":[{"href":"http:\/\/ppgmt.uea.edu.br\/index.php\/wp-json\/wp\/v2\/pages"}],"about":[{"href":"http:\/\/ppgmt.uea.edu.br\/index.php\/wp-json\/wp\/v2\/types\/page"}],"author":[{"embeddable":true,"href":"http:\/\/ppgmt.uea.edu.br\/index.php\/wp-json\/wp\/v2\/users\/1"}],"replies":[{"embeddable":true,"href":"http:\/\/ppgmt.uea.edu.br\/index.php\/wp-json\/wp\/v2\/comments?post=350847"}],"version-history":[{"count":8,"href":"http:\/\/ppgmt.uea.edu.br\/index.php\/wp-json\/wp\/v2\/pages\/350847\/revisions"}],"predecessor-version":[{"id":356120,"href":"http:\/\/ppgmt.uea.edu.br\/index.php\/wp-json\/wp\/v2\/pages\/350847\/revisions\/356120"}],"wp:attachment":[{"href":"http:\/\/ppgmt.uea.edu.br\/index.php\/wp-json\/wp\/v2\/media?parent=350847"}],"curies":[{"name":"wp","href":"https:\/\/api.w.org\/{rel}","templated":true}]}}